{"id":116206,"date":"2026-05-05T16:38:12","date_gmt":"2026-05-05T19:38:12","guid":{"rendered":"https:\/\/www.hediyepazar.com\/?product=a10s-tws-ergonomik-bluetooth-kulaklik-uzun-pil-omurlu"},"modified":"2026-05-05T16:38:12","modified_gmt":"2026-05-05T19:38:12","slug":"a10s-tws-ergonomik-bluetooth-kulaklik-uzun-pil-omurlu","status":"publish","type":"product","link":"https:\/\/www.hediyepazar.com\/?product=a10s-tws-ergonomik-bluetooth-kulaklik-uzun-pil-omurlu","title":{"rendered":"A10s TWS Ergonomik Bluetooth Kulakl\u0131k Uzun Pil \u00d6m\u00fcrl\u00fc"},"content":{"rendered":"<p>Bluetooth 5.0 teknolojisi, d\u00fc\u015f\u00fck gecikme ve y\u00fcksek stabilite ile oyun, film ve m\u00fczik deneyiminizi en \u00fcst seviyeye \u00e7\u0131kar\u0131r. Uzun pil \u00f6mr\u00fc sayesinde g\u00fcn boyu kesintisiz kullan\u0131m sa\u011flar.<\/p>\n","protected":false},"excerpt":{"rendered":"<p>Bluetooth 5.0 teknolojisi, d\u00fc\u015f\u00fck gecikme ve y\u00fcksek stabilite ile oyun, film ve m\u00fczik deneyiminizi en \u00fcst seviyeye \u00e7\u0131kar\u0131r. Uzun pil \u00f6mr\u00fc sayesinde g\u00fcn boyu kesintisiz kullan\u0131m sa\u011flar.<\/p>\n","protected":false},"featured_media":116205,"comment_status":"open","ping_status":"closed","template":"","meta":{"_kad_post_transparent":"","_kad_post_title":"","_kad_post_layout":"","_kad_post_sidebar_id":"","_kad_post_content_style":"","_kad_post_vertical_padding":"","_kad_post_feature":"","_kad_post_feature_position":"","_kad_post_header":false,"_kad_post_footer":false,"_kad_post_classname":""},"product_brand":[],"product_cat":[14957],"product_tag":[],"class_list":{"0":"post-116206","1":"product","2":"type-product","3":"status-publish","4":"has-post-thumbnail","6":"product_cat-kablosuz-kulaklik-kablosuz-kulaklik","8":"first","9":"instock","10":"purchasable","11":"product-type-simple","12":"entry","13":"content-bg","14":"loop-entry"},"_links":{"self":[{"href":"https:\/\/www.hediyepazar.com\/index.php?rest_route=\/wp\/v2\/product\/116206","targetHints":{"allow":["GET"]}}],"collection":[{"href":"https:\/\/www.hediyepazar.com\/index.php?rest_route=\/wp\/v2\/product"}],"about":[{"href":"https:\/\/www.hediyepazar.com\/index.php?rest_route=\/wp\/v2\/types\/product"}],"replies":[{"embeddable":true,"href":"https:\/\/www.hediyepazar.com\/index.php?rest_route=%2Fwp%2Fv2%2Fcomments&post=116206"}],"wp:featuredmedia":[{"embeddable":true,"href":"https:\/\/www.hediyepazar.com\/index.php?rest_route=\/wp\/v2\/media\/116205"}],"wp:attachment":[{"href":"https:\/\/www.hediyepazar.com\/index.php?rest_route=%2Fwp%2Fv2%2Fmedia&parent=116206"}],"wp:term":[{"taxonomy":"product_brand","embeddable":true,"href":"https:\/\/www.hediyepazar.com\/index.php?rest_route=%2Fwp%2Fv2%2Fproduct_brand&post=116206"},{"taxonomy":"product_cat","embeddable":true,"href":"https:\/\/www.hediyepazar.com\/index.php?rest_route=%2Fwp%2Fv2%2Fproduct_cat&post=116206"},{"taxonomy":"product_tag","embeddable":true,"href":"https:\/\/www.hediyepazar.com\/index.php?rest_route=%2Fwp%2Fv2%2Fproduct_tag&post=116206"}],"curies":[{"name":"wp","href":"https:\/\/api.w.org\/{rel}","templated":true}]}}