{"id":116220,"date":"2026-05-05T16:39:20","date_gmt":"2026-05-05T19:39:20","guid":{"rendered":"https:\/\/www.hediyepazar.com\/?product=orijinal-2025-48v-sarjli-basincli-temizlik-tabancasi-a-kalite-seri"},"modified":"2026-05-05T16:39:20","modified_gmt":"2026-05-05T19:39:20","slug":"orijinal-2025-48v-sarjli-basincli-temizlik-tabancasi-a-kalite-seri","status":"publish","type":"product","link":"https:\/\/www.hediyepazar.com\/?product=orijinal-2025-48v-sarjli-basincli-temizlik-tabancasi-a-kalite-seri","title":{"rendered":"Orijinal 2025 48V \u015earjl\u0131 Bas\u0131n\u00e7l\u0131 Temizlik Tabancas\u0131 A Kalite Seri"},"content":{"rendered":"<p>Y\u00fcksek\/d\u00fc\u015f\u00fck bas\u0131n\u00e7 se\u00e7enekleri ve k\u00f6p\u00fck haznesi ile donat\u0131lm\u0131\u015f bu cihaz, ara\u00e7 y\u0131kama, tar\u0131msal sulama ve bah\u00e7e temizli\u011fi gibi alanlarda \u00fcst\u00fcn performans g\u00f6sterir. 15.000mAh lityum pil, 20-30 dakika kesintisiz kullan\u0131m sa\u011flar. \u00c7\u0131kar\u0131labilir pil yap\u0131s\u0131 ve 4 saatlik \u015farj s\u00fcresi, kullan\u0131c\u0131ya pratiklik kazand\u0131r\u0131r. 5 metrelik filtreli hortum, suyu temizleyerek cihaz\u0131n verimli \u00e7al\u0131\u015fmas\u0131na katk\u0131 sa\u011flar. Kompakt tasar\u0131m\u0131 ve yaln\u0131zca 2 kg a\u011f\u0131rl\u0131\u011f\u0131 sayesinde ta\u015f\u0131nmas\u0131 kolayd\u0131r. Zengin aksesuar seti .<\/p>\n","protected":false},"excerpt":{"rendered":"<p>Y\u00fcksek\/d\u00fc\u015f\u00fck bas\u0131n\u00e7 se\u00e7enekleri ve k\u00f6p\u00fck haznesi ile donat\u0131lm\u0131\u015f bu cihaz, ara\u00e7 y\u0131kama, tar\u0131msal sulama ve bah\u00e7e temizli\u011fi gibi alanlarda \u00fcst\u00fcn performans g\u00f6sterir. 15.000mAh lityum pil, 20-30 dakika kesintisiz kullan\u0131m sa\u011flar. \u00c7\u0131kar\u0131labilir pil yap\u0131s\u0131 ve 4 saatlik \u015farj s\u00fcresi, kullan\u0131c\u0131ya pratiklik kazand\u0131r\u0131r. 5 metrelik filtreli hortum, suyu temizleyerek cihaz\u0131n verimli \u00e7al\u0131\u015fmas\u0131na katk\u0131 sa\u011flar. Kompakt tasar\u0131m\u0131 ve&#8230;<\/p>\n","protected":false},"featured_media":116219,"comment_status":"open","ping_status":"closed","template":"","meta":{"_kad_post_transparent":"","_kad_post_title":"","_kad_post_layout":"","_kad_post_sidebar_id":"","_kad_post_content_style":"","_kad_post_vertical_padding":"","_kad_post_feature":"","_kad_post_feature_position":"","_kad_post_header":false,"_kad_post_footer":false,"_kad_post_classname":""},"product_brand":[],"product_cat":[14971],"product_tag":[],"class_list":{"0":"post-116220","1":"product","2":"type-product","3":"status-publish","4":"has-post-thumbnail","6":"product_cat-yuksek-basincli-yikama-makinesi-yuksek-basincli-yikama-makinesi","8":"first","9":"instock","10":"purchasable","11":"product-type-simple","12":"entry","13":"content-bg","14":"loop-entry"},"_links":{"self":[{"href":"https:\/\/www.hediyepazar.com\/index.php?rest_route=\/wp\/v2\/product\/116220","targetHints":{"allow":["GET"]}}],"collection":[{"href":"https:\/\/www.hediyepazar.com\/index.php?rest_route=\/wp\/v2\/product"}],"about":[{"href":"https:\/\/www.hediyepazar.com\/index.php?rest_route=\/wp\/v2\/types\/product"}],"replies":[{"embeddable":true,"href":"https:\/\/www.hediyepazar.com\/index.php?rest_route=%2Fwp%2Fv2%2Fcomments&post=116220"}],"wp:featuredmedia":[{"embeddable":true,"href":"https:\/\/www.hediyepazar.com\/index.php?rest_route=\/wp\/v2\/media\/116219"}],"wp:attachment":[{"href":"https:\/\/www.hediyepazar.com\/index.php?rest_route=%2Fwp%2Fv2%2Fmedia&parent=116220"}],"wp:term":[{"taxonomy":"product_brand","embeddable":true,"href":"https:\/\/www.hediyepazar.com\/index.php?rest_route=%2Fwp%2Fv2%2Fproduct_brand&post=116220"},{"taxonomy":"product_cat","embeddable":true,"href":"https:\/\/www.hediyepazar.com\/index.php?rest_route=%2Fwp%2Fv2%2Fproduct_cat&post=116220"},{"taxonomy":"product_tag","embeddable":true,"href":"https:\/\/www.hediyepazar.com\/index.php?rest_route=%2Fwp%2Fv2%2Fproduct_tag&post=116220"}],"curies":[{"name":"wp","href":"https:\/\/api.w.org\/{rel}","templated":true}]}}