{"id":116222,"date":"2026-05-05T16:40:00","date_gmt":"2026-05-05T19:40:00","guid":{"rendered":"https:\/\/www.hediyepazar.com\/?product=48v-sarjli-basincli-yikama-cihazi-kopuk-hazneli-2025-orijinal-model"},"modified":"2026-05-05T16:40:00","modified_gmt":"2026-05-05T19:40:00","slug":"48v-sarjli-basincli-yikama-cihazi-kopuk-hazneli-2025-orijinal-model","status":"publish","type":"product","link":"https:\/\/www.hediyepazar.com\/?product=48v-sarjli-basincli-yikama-cihazi-kopuk-hazneli-2025-orijinal-model","title":{"rendered":"48V \u015earjl\u0131 Bas\u0131n\u00e7l\u0131 Y\u0131kama Cihaz\u0131 K\u00f6p\u00fck Hazneli 2025 Orijinal Model"},"content":{"rendered":"<p>Bu 2025 model bas\u0131n\u00e7l\u0131 y\u0131kama tabancas\u0131, g\u00fc\u00e7l\u00fc 48V motoru ve 15.000mAh lityum pili ile etkili temizlik sa\u011flar. \u00c7\u0131kar\u0131labilir pil \u00f6zelli\u011fi sayesinde \u015farj s\u00fcreci son derece pratiktir. \u00c7ift su giri\u015fi sistemi ile musluktan veya harici bir kaptan su \u00e7ekebilir, b\u00f6ylece farkl\u0131 alanlarda kullan\u0131m kolayl\u0131\u011f\u0131 sunar. 5 metre uzunlu\u011fundaki hortum, suyu filtreleyerek cihaz\u0131n \u00f6mr\u00fcn\u00fc uzat\u0131r. K\u00f6p\u00fck haznesi ve de\u011fi\u015ftirilebilir nozullar, farkl\u0131 temizlik ihtiya\u00e7lar\u0131na uygun \u00e7\u00f6z\u00fcmler sunar. Araba y\u0131kamadan bah\u00e7e sulamaya kadar geni\u015f bir kullan\u0131m alan\u0131na sahiptir. Dayan\u0131kl\u0131 ABS g\u00f6vde malzemesi ile uzun y\u0131llar sorunsuz kullan\u0131m sa\u011flar.<\/p>\n","protected":false},"excerpt":{"rendered":"<p>Bu 2025 model bas\u0131n\u00e7l\u0131 y\u0131kama tabancas\u0131, g\u00fc\u00e7l\u00fc 48V motoru ve 15.000mAh lityum pili ile etkili temizlik sa\u011flar. \u00c7\u0131kar\u0131labilir pil \u00f6zelli\u011fi sayesinde \u015farj s\u00fcreci son derece pratiktir. \u00c7ift su giri\u015fi sistemi ile musluktan veya harici bir kaptan su \u00e7ekebilir, b\u00f6ylece farkl\u0131 alanlarda kullan\u0131m kolayl\u0131\u011f\u0131 sunar. 5 metre uzunlu\u011fundaki hortum, suyu filtreleyerek cihaz\u0131n \u00f6mr\u00fcn\u00fc uzat\u0131r. K\u00f6p\u00fck haznesi&#8230;<\/p>\n","protected":false},"featured_media":116221,"comment_status":"open","ping_status":"closed","template":"","meta":{"_kad_post_transparent":"","_kad_post_title":"","_kad_post_layout":"","_kad_post_sidebar_id":"","_kad_post_content_style":"","_kad_post_vertical_padding":"","_kad_post_feature":"","_kad_post_feature_position":"","_kad_post_header":false,"_kad_post_footer":false,"_kad_post_classname":""},"product_brand":[],"product_cat":[14971],"product_tag":[],"class_list":{"0":"post-116222","1":"product","2":"type-product","3":"status-publish","4":"has-post-thumbnail","6":"product_cat-yuksek-basincli-yikama-makinesi-yuksek-basincli-yikama-makinesi","8":"first","9":"instock","10":"purchasable","11":"product-type-simple","12":"entry","13":"content-bg","14":"loop-entry"},"_links":{"self":[{"href":"https:\/\/www.hediyepazar.com\/index.php?rest_route=\/wp\/v2\/product\/116222","targetHints":{"allow":["GET"]}}],"collection":[{"href":"https:\/\/www.hediyepazar.com\/index.php?rest_route=\/wp\/v2\/product"}],"about":[{"href":"https:\/\/www.hediyepazar.com\/index.php?rest_route=\/wp\/v2\/types\/product"}],"replies":[{"embeddable":true,"href":"https:\/\/www.hediyepazar.com\/index.php?rest_route=%2Fwp%2Fv2%2Fcomments&post=116222"}],"wp:featuredmedia":[{"embeddable":true,"href":"https:\/\/www.hediyepazar.com\/index.php?rest_route=\/wp\/v2\/media\/116221"}],"wp:attachment":[{"href":"https:\/\/www.hediyepazar.com\/index.php?rest_route=%2Fwp%2Fv2%2Fmedia&parent=116222"}],"wp:term":[{"taxonomy":"product_brand","embeddable":true,"href":"https:\/\/www.hediyepazar.com\/index.php?rest_route=%2Fwp%2Fv2%2Fproduct_brand&post=116222"},{"taxonomy":"product_cat","embeddable":true,"href":"https:\/\/www.hediyepazar.com\/index.php?rest_route=%2Fwp%2Fv2%2Fproduct_cat&post=116222"},{"taxonomy":"product_tag","embeddable":true,"href":"https:\/\/www.hediyepazar.com\/index.php?rest_route=%2Fwp%2Fv2%2Fproduct_tag&post=116222"}],"curies":[{"name":"wp","href":"https:\/\/api.w.org\/{rel}","templated":true}]}}