{"id":116224,"date":"2026-05-05T16:40:07","date_gmt":"2026-05-05T19:40:07","guid":{"rendered":"https:\/\/www.hediyepazar.com\/?product=orijinal-48v-sarjli-basincli-temizlik-tabancasi-2025-a-kalite-seri"},"modified":"2026-05-05T16:40:07","modified_gmt":"2026-05-05T19:40:07","slug":"orijinal-48v-sarjli-basincli-temizlik-tabancasi-2025-a-kalite-seri","status":"publish","type":"product","link":"https:\/\/www.hediyepazar.com\/?product=orijinal-48v-sarjli-basincli-temizlik-tabancasi-2025-a-kalite-seri","title":{"rendered":"Orijinal 48V \u015earjl\u0131 Bas\u0131n\u00e7l\u0131 Temizlik Tabancas\u0131 2025 A Kalite Seri"},"content":{"rendered":"<p>48V g\u00fcc\u00fcnde y\u00fcksek performansl\u0131 bu bas\u0131n\u00e7l\u0131 y\u0131kama tabancas\u0131, 15.000mAh kapasiteli \u00e7\u0131kar\u0131labilir lityum pil ile tek \u015farjda 20-30 dakika kesintisiz kullan\u0131m sunar. Sadece 4 saatte tamamen \u015farj olabilir, bu sayede h\u0131zl\u0131ca yeniden kullan\u0131ma haz\u0131r hale gelir. \u00c7ift modlu su besleme sistemi ile hem musluktan hem de kovadan, g\u00f6lden veya nehirden su \u00e7ekebilme \u00f6zelli\u011fine sahiptir. 5 metrelik filtreli hortumu, suyun temizlenmesini sa\u011flayarak daha etkili ve g\u00fcvenli bir temizlik sunar. Y\u00fcksek ve d\u00fc\u015f\u00fck bas\u0131n\u00e7l\u0131 nozullar, k\u00f6p\u00fck haznesi ile birlikte ara\u00e7 y\u0131kama, bah\u00e7e sulama, tar\u0131msal sulama ve genel temizlik i\u015flerinde kullan\u0131labilir. Sadece 2 kg a\u011f\u0131rl\u0131\u011f\u0131ndaki kompakt tasar\u0131m\u0131 sayesinde rahat\u00e7a ta\u015f\u0131nabilir. \u015e\u0131k ta\u015f\u0131ma \u00e7antas\u0131 ve zengin aksesuar seti, bu cihaz\u0131 hem g\u00fcnl\u00fck kullan\u0131m hem de profesyonel i\u015fler i\u00e7in ideal hale getirir.<\/p>\n","protected":false},"excerpt":{"rendered":"<p>48V g\u00fcc\u00fcnde y\u00fcksek performansl\u0131 bu bas\u0131n\u00e7l\u0131 y\u0131kama tabancas\u0131, 15.000mAh kapasiteli \u00e7\u0131kar\u0131labilir lityum pil ile tek \u015farjda 20-30 dakika kesintisiz kullan\u0131m sunar. Sadece 4 saatte tamamen \u015farj olabilir, bu sayede h\u0131zl\u0131ca yeniden kullan\u0131ma haz\u0131r hale gelir. \u00c7ift modlu su besleme sistemi ile hem musluktan hem de kovadan, g\u00f6lden veya nehirden su \u00e7ekebilme \u00f6zelli\u011fine sahiptir. 5 metrelik&#8230;<\/p>\n","protected":false},"featured_media":116223,"comment_status":"open","ping_status":"closed","template":"","meta":{"_kad_post_transparent":"","_kad_post_title":"","_kad_post_layout":"","_kad_post_sidebar_id":"","_kad_post_content_style":"","_kad_post_vertical_padding":"","_kad_post_feature":"","_kad_post_feature_position":"","_kad_post_header":false,"_kad_post_footer":false,"_kad_post_classname":""},"product_brand":[],"product_cat":[14971],"product_tag":[],"class_list":{"0":"post-116224","1":"product","2":"type-product","3":"status-publish","4":"has-post-thumbnail","6":"product_cat-yuksek-basincli-yikama-makinesi-yuksek-basincli-yikama-makinesi","8":"first","9":"instock","10":"purchasable","11":"product-type-simple","12":"entry","13":"content-bg","14":"loop-entry"},"_links":{"self":[{"href":"https:\/\/www.hediyepazar.com\/index.php?rest_route=\/wp\/v2\/product\/116224","targetHints":{"allow":["GET"]}}],"collection":[{"href":"https:\/\/www.hediyepazar.com\/index.php?rest_route=\/wp\/v2\/product"}],"about":[{"href":"https:\/\/www.hediyepazar.com\/index.php?rest_route=\/wp\/v2\/types\/product"}],"replies":[{"embeddable":true,"href":"https:\/\/www.hediyepazar.com\/index.php?rest_route=%2Fwp%2Fv2%2Fcomments&post=116224"}],"wp:featuredmedia":[{"embeddable":true,"href":"https:\/\/www.hediyepazar.com\/index.php?rest_route=\/wp\/v2\/media\/116223"}],"wp:attachment":[{"href":"https:\/\/www.hediyepazar.com\/index.php?rest_route=%2Fwp%2Fv2%2Fmedia&parent=116224"}],"wp:term":[{"taxonomy":"product_brand","embeddable":true,"href":"https:\/\/www.hediyepazar.com\/index.php?rest_route=%2Fwp%2Fv2%2Fproduct_brand&post=116224"},{"taxonomy":"product_cat","embeddable":true,"href":"https:\/\/www.hediyepazar.com\/index.php?rest_route=%2Fwp%2Fv2%2Fproduct_cat&post=116224"},{"taxonomy":"product_tag","embeddable":true,"href":"https:\/\/www.hediyepazar.com\/index.php?rest_route=%2Fwp%2Fv2%2Fproduct_tag&post=116224"}],"curies":[{"name":"wp","href":"https:\/\/api.w.org\/{rel}","templated":true}]}}