{"id":116226,"date":"2026-05-05T16:40:13","date_gmt":"2026-05-05T19:40:13","guid":{"rendered":"https:\/\/www.hediyepazar.com\/?product=2025-model-48v-sarjli-basincli-yikama-tabancasi-orijinal-seri"},"modified":"2026-05-05T16:40:13","modified_gmt":"2026-05-05T19:40:13","slug":"2025-model-48v-sarjli-basincli-yikama-tabancasi-orijinal-seri","status":"publish","type":"product","link":"https:\/\/www.hediyepazar.com\/?product=2025-model-48v-sarjli-basincli-yikama-tabancasi-orijinal-seri","title":{"rendered":"2025 Model 48V \u015earjl\u0131 Bas\u0131n\u00e7l\u0131 Y\u0131kama Tabancas\u0131 Orijinal Seri"},"content":{"rendered":"<p>48V \u015earjl\u0131 Bas\u0131n\u00e7l\u0131 Y\u0131kama Tabancas\u0131, g\u00fc\u00e7l\u00fc 15000mAh lityum pili ile tek \u015farjda 20-30 dakika kesintisiz kullan\u0131m sunar. Ara\u00e7 y\u0131kama, bah\u00e7e sulama, tar\u0131msal sulama ve genel temizlik gibi bir\u00e7ok alanda kullan\u0131labilen bu cihaz, y\u00fcksek ve d\u00fc\u015f\u00fck bas\u0131n\u00e7l\u0131 nozullar ile farkl\u0131 temizlik ihtiya\u00e7lar\u0131na uygun \u00e7\u00f6z\u00fcm sa\u011flar. K\u00f6p\u00fck haznesi sayesinde temizlik maddelerini kolayca uygulayabilir, derinlemesine hijyen elde edebilirsiniz. Sadece 4 saatte tam \u015farj olur ve \u00e7\u0131kar\u0131labilir pil tasar\u0131m\u0131 sayesinde \u015farj i\u015flemi olduk\u00e7a pratiktir. Kendinden emi\u015fli veya musluk ba\u011flant\u0131l\u0131 iki farkl\u0131 su giri\u015f sistemi ile su kayna\u011f\u0131n\u0131z\u0131 \u00f6zg\u00fcrce se\u00e7ebilir, kovadan, g\u00f6lden, nehirden veya musluktan su \u00e7ekebilirsiniz. 5 metrelik filtreli hortumu sayesinde suyu temizleyerek cihaz\u0131n \u00f6mr\u00fcn\u00fc uzat\u0131r. Hafif, ta\u015f\u0131nabilir ve sadece 2 kg a\u011f\u0131rl\u0131\u011f\u0131nda olmas\u0131, her ortamda rahat kullan\u0131m sa\u011flar. \u015e\u0131k ta\u015f\u0131ma \u00e7antas\u0131 i\u00e7inde gelen zengin aksesuar seti (su filtresi, hortum, k\u00f6p\u00fck \u015fi\u015fesi, hortum ba\u011flant\u0131 aparat\u0131, 2 p\u00fcsk\u00fcrtme aparat\u0131, \u015farj cihaz\u0131 ve batarya) ile teslim edilir. Profesyonel performans ve kolay kullan\u0131m arayanlar i\u00e7in ideal bir se\u00e7imdir.<\/p>\n","protected":false},"excerpt":{"rendered":"<p>48V \u015earjl\u0131 Bas\u0131n\u00e7l\u0131 Y\u0131kama Tabancas\u0131, g\u00fc\u00e7l\u00fc 15000mAh lityum pili ile tek \u015farjda 20-30 dakika kesintisiz kullan\u0131m sunar. Ara\u00e7 y\u0131kama, bah\u00e7e sulama, tar\u0131msal sulama ve genel temizlik gibi bir\u00e7ok alanda kullan\u0131labilen bu cihaz, y\u00fcksek ve d\u00fc\u015f\u00fck bas\u0131n\u00e7l\u0131 nozullar ile farkl\u0131 temizlik ihtiya\u00e7lar\u0131na uygun \u00e7\u00f6z\u00fcm sa\u011flar. K\u00f6p\u00fck haznesi sayesinde temizlik maddelerini kolayca uygulayabilir, derinlemesine hijyen elde edebilirsiniz&#8230;.<\/p>\n","protected":false},"featured_media":116225,"comment_status":"open","ping_status":"closed","template":"","meta":{"_kad_post_transparent":"","_kad_post_title":"","_kad_post_layout":"","_kad_post_sidebar_id":"","_kad_post_content_style":"","_kad_post_vertical_padding":"","_kad_post_feature":"","_kad_post_feature_position":"","_kad_post_header":false,"_kad_post_footer":false,"_kad_post_classname":""},"product_brand":[],"product_cat":[14971],"product_tag":[],"class_list":{"0":"post-116226","1":"product","2":"type-product","3":"status-publish","4":"has-post-thumbnail","6":"product_cat-yuksek-basincli-yikama-makinesi-yuksek-basincli-yikama-makinesi","8":"first","9":"instock","10":"purchasable","11":"product-type-simple","12":"entry","13":"content-bg","14":"loop-entry"},"_links":{"self":[{"href":"https:\/\/www.hediyepazar.com\/index.php?rest_route=\/wp\/v2\/product\/116226","targetHints":{"allow":["GET"]}}],"collection":[{"href":"https:\/\/www.hediyepazar.com\/index.php?rest_route=\/wp\/v2\/product"}],"about":[{"href":"https:\/\/www.hediyepazar.com\/index.php?rest_route=\/wp\/v2\/types\/product"}],"replies":[{"embeddable":true,"href":"https:\/\/www.hediyepazar.com\/index.php?rest_route=%2Fwp%2Fv2%2Fcomments&post=116226"}],"wp:featuredmedia":[{"embeddable":true,"href":"https:\/\/www.hediyepazar.com\/index.php?rest_route=\/wp\/v2\/media\/116225"}],"wp:attachment":[{"href":"https:\/\/www.hediyepazar.com\/index.php?rest_route=%2Fwp%2Fv2%2Fmedia&parent=116226"}],"wp:term":[{"taxonomy":"product_brand","embeddable":true,"href":"https:\/\/www.hediyepazar.com\/index.php?rest_route=%2Fwp%2Fv2%2Fproduct_brand&post=116226"},{"taxonomy":"product_cat","embeddable":true,"href":"https:\/\/www.hediyepazar.com\/index.php?rest_route=%2Fwp%2Fv2%2Fproduct_cat&post=116226"},{"taxonomy":"product_tag","embeddable":true,"href":"https:\/\/www.hediyepazar.com\/index.php?rest_route=%2Fwp%2Fv2%2Fproduct_tag&post=116226"}],"curies":[{"name":"wp","href":"https:\/\/api.w.org\/{rel}","templated":true}]}}