{"id":116238,"date":"2026-05-05T16:41:19","date_gmt":"2026-05-05T19:41:19","guid":{"rendered":"https:\/\/www.hediyepazar.com\/?product=bluetooth-ve-dahili-ses-ozellikli-astronot-projeksiyon-lambasi"},"modified":"2026-05-05T16:41:19","modified_gmt":"2026-05-05T19:41:19","slug":"bluetooth-ve-dahili-ses-ozellikli-astronot-projeksiyon-lambasi","status":"publish","type":"product","link":"https:\/\/www.hediyepazar.com\/?product=bluetooth-ve-dahili-ses-ozellikli-astronot-projeksiyon-lambasi","title":{"rendered":"Bluetooth ve Dahili Ses \u00d6zellikli Astronot Projeksiyon Lambas\u0131"},"content":{"rendered":"<p>Astronot Projeksiyon Lambas\u0131 ile evinizin atmosferini tamamen de\u011fi\u015ftirecek b\u00fcy\u00fcleyici bir deneyime haz\u0131r olun. Bluetooth \u00f6zelli\u011fi sayesinde telefonunuza kolayca ba\u011flanarak favori \u015fark\u0131lar\u0131n\u0131z\u0131 dinleyebilir, dahili ku\u015f c\u0131v\u0131lt\u0131lar\u0131, dalga sesleri, \u015f\u00f6mine ate\u015fi ve uyku m\u00fczikleri gibi yerle\u015fik seslerle rahatlat\u0131c\u0131 bir ortam olu\u015fturabilirsiniz. Nebula, y\u0131ld\u0131z ve ay projeksiyonlar\u0131n\u0131n parlakl\u0131k ve h\u0131z ayarlar\u0131n\u0131 kendi zevkinize g\u00f6re ki\u015fiselle\u015ftirebilirsiniz. \u0130sterseniz nebula ve y\u0131ld\u0131zlar\u0131 ayn\u0131 anda, isterseniz tek ba\u015f\u0131na kullanarak farkl\u0131 \u0131\u015f\u0131k kombinasyonlar\u0131 yaratabilirsiniz. Ayarlanabilir projeksiyon a\u00e7\u0131s\u0131 sayesinde odan\u0131z\u0131n istedi\u011finiz noktas\u0131n\u0131 ayd\u0131nlatabilir, iki farkl\u0131 zamanlama modu (45 dakika ve 90 dakika) ile cihaz\u0131 belirli bir s\u00fcre sonra otomatik olarak kapatabilirsiniz. ABS, PC, PVC ve TPE gibi dayan\u0131kl\u0131 malzemelerden \u00fcretilen bu cihaz uzun \u00f6m\u00fcrl\u00fc kullan\u0131m sunar. USB g\u00fc\u00e7 kayna\u011f\u0131 ile \u00e7al\u0131\u015ft\u0131\u011f\u0131ndan her ortamda kolayca kullanabilirsiniz. Paket i\u00e7eri\u011finde astronot projeksiyon lambas\u0131, taban, USB g\u00fc\u00e7 kablosu, \u0130ngilizce kullan\u0131m k\u0131lavuzu ve uzaktan kumanda yer al\u0131r (piller dahil de\u011fildir). Hem dekoratif hem de fonksiyonel \u00f6zellikleri ile \u00e7ocuk odalar\u0131ndan yatak odalar\u0131na, partilerden meditasyon alanlar\u0131na kadar her ortam i\u00e7in ideal bir se\u00e7imdir.<\/p>\n","protected":false},"excerpt":{"rendered":"<p>Astronot Projeksiyon Lambas\u0131 ile evinizin atmosferini tamamen de\u011fi\u015ftirecek b\u00fcy\u00fcleyici bir deneyime haz\u0131r olun. Bluetooth \u00f6zelli\u011fi sayesinde telefonunuza kolayca ba\u011flanarak favori \u015fark\u0131lar\u0131n\u0131z\u0131 dinleyebilir, dahili ku\u015f c\u0131v\u0131lt\u0131lar\u0131, dalga sesleri, \u015f\u00f6mine ate\u015fi ve uyku m\u00fczikleri gibi yerle\u015fik seslerle rahatlat\u0131c\u0131 bir ortam olu\u015fturabilirsiniz. Nebula, y\u0131ld\u0131z ve ay projeksiyonlar\u0131n\u0131n parlakl\u0131k ve h\u0131z ayarlar\u0131n\u0131 kendi zevkinize g\u00f6re ki\u015fiselle\u015ftirebilirsiniz. \u0130sterseniz nebula ve&#8230;<\/p>\n","protected":false},"featured_media":116237,"comment_status":"open","ping_status":"closed","template":"","meta":{"_kad_post_transparent":"","_kad_post_title":"","_kad_post_layout":"","_kad_post_sidebar_id":"","_kad_post_content_style":"","_kad_post_vertical_padding":"","_kad_post_feature":"","_kad_post_feature_position":"","_kad_post_header":false,"_kad_post_footer":false,"_kad_post_classname":""},"product_brand":[],"product_cat":[14905],"product_tag":[],"class_list":{"0":"post-116238","1":"product","2":"type-product","3":"status-publish","4":"has-post-thumbnail","6":"product_cat-projeksiyon-projeksiyon","8":"first","9":"instock","10":"purchasable","11":"product-type-simple","12":"entry","13":"content-bg","14":"loop-entry"},"_links":{"self":[{"href":"https:\/\/www.hediyepazar.com\/index.php?rest_route=\/wp\/v2\/product\/116238","targetHints":{"allow":["GET"]}}],"collection":[{"href":"https:\/\/www.hediyepazar.com\/index.php?rest_route=\/wp\/v2\/product"}],"about":[{"href":"https:\/\/www.hediyepazar.com\/index.php?rest_route=\/wp\/v2\/types\/product"}],"replies":[{"embeddable":true,"href":"https:\/\/www.hediyepazar.com\/index.php?rest_route=%2Fwp%2Fv2%2Fcomments&post=116238"}],"wp:featuredmedia":[{"embeddable":true,"href":"https:\/\/www.hediyepazar.com\/index.php?rest_route=\/wp\/v2\/media\/116237"}],"wp:attachment":[{"href":"https:\/\/www.hediyepazar.com\/index.php?rest_route=%2Fwp%2Fv2%2Fmedia&parent=116238"}],"wp:term":[{"taxonomy":"product_brand","embeddable":true,"href":"https:\/\/www.hediyepazar.com\/index.php?rest_route=%2Fwp%2Fv2%2Fproduct_brand&post=116238"},{"taxonomy":"product_cat","embeddable":true,"href":"https:\/\/www.hediyepazar.com\/index.php?rest_route=%2Fwp%2Fv2%2Fproduct_cat&post=116238"},{"taxonomy":"product_tag","embeddable":true,"href":"https:\/\/www.hediyepazar.com\/index.php?rest_route=%2Fwp%2Fv2%2Fproduct_tag&post=116238"}],"curies":[{"name":"wp","href":"https:\/\/api.w.org\/{rel}","templated":true}]}}