{"id":116240,"date":"2026-05-05T16:42:57","date_gmt":"2026-05-05T19:42:57","guid":{"rendered":"https:\/\/www.hediyepazar.com\/?product=tasinabilir-bluetooth-aux-arac-muzik-ve-konusma-kiti"},"modified":"2026-05-05T16:42:57","modified_gmt":"2026-05-05T19:42:57","slug":"tasinabilir-bluetooth-aux-arac-muzik-ve-konusma-kiti","status":"publish","type":"product","link":"https:\/\/www.hediyepazar.com\/?product=tasinabilir-bluetooth-aux-arac-muzik-ve-konusma-kiti","title":{"rendered":"Ta\u015f\u0131nabilir Bluetooth AUX Ara\u00e7 M\u00fczik ve Konu\u015fma Kiti"},"content":{"rendered":"<p>Bluetooth AUX Ara\u00e7 Kiti, kablolu karma\u015fas\u0131ndan kurtulmak ve ara\u00e7 i\u00e7inde m\u00fczi\u011fin tad\u0131n\u0131 \u00e7\u0131karmak isteyenler i\u00e7in ideal bir \u00e7\u00f6z\u00fcmd\u00fcr. Kablosuz ba\u011flant\u0131 ile telefonunuzdan veya tabletinizden m\u00fczik, radyo veya podcast yay\u0131nlar\u0131n\u0131 arac\u0131n\u0131za aktarabilirsiniz. \u015earj edilebilir bataryas\u0131 uzun s\u00fcreli kullan\u0131m sa\u011flar, uyumlu oldu\u011fu her ara\u00e7ta kolayca \u00e7al\u0131\u015f\u0131r.<\/p>\n","protected":false},"excerpt":{"rendered":"<p>Bluetooth AUX Ara\u00e7 Kiti, kablolu karma\u015fas\u0131ndan kurtulmak ve ara\u00e7 i\u00e7inde m\u00fczi\u011fin tad\u0131n\u0131 \u00e7\u0131karmak isteyenler i\u00e7in ideal bir \u00e7\u00f6z\u00fcmd\u00fcr. Kablosuz ba\u011flant\u0131 ile telefonunuzdan veya tabletinizden m\u00fczik, radyo veya podcast yay\u0131nlar\u0131n\u0131 arac\u0131n\u0131za aktarabilirsiniz. \u015earj edilebilir bataryas\u0131 uzun s\u00fcreli kullan\u0131m sa\u011flar, uyumlu oldu\u011fu her ara\u00e7ta kolayca \u00e7al\u0131\u015f\u0131r.<\/p>\n","protected":false},"featured_media":116239,"comment_status":"open","ping_status":"closed","template":"","meta":{"_kad_post_transparent":"","_kad_post_title":"","_kad_post_layout":"","_kad_post_sidebar_id":"","_kad_post_content_style":"","_kad_post_vertical_padding":"","_kad_post_feature":"","_kad_post_feature_position":"","_kad_post_header":false,"_kad_post_footer":false,"_kad_post_classname":""},"product_brand":[],"product_cat":[15020],"product_tag":[],"class_list":{"0":"post-116240","1":"product","2":"type-product","3":"status-publish","4":"has-post-thumbnail","6":"product_cat-bluetooth-arac-kiti-bluetooth-arac-kiti","8":"first","9":"instock","10":"purchasable","11":"product-type-simple","12":"entry","13":"content-bg","14":"loop-entry"},"_links":{"self":[{"href":"https:\/\/www.hediyepazar.com\/index.php?rest_route=\/wp\/v2\/product\/116240","targetHints":{"allow":["GET"]}}],"collection":[{"href":"https:\/\/www.hediyepazar.com\/index.php?rest_route=\/wp\/v2\/product"}],"about":[{"href":"https:\/\/www.hediyepazar.com\/index.php?rest_route=\/wp\/v2\/types\/product"}],"replies":[{"embeddable":true,"href":"https:\/\/www.hediyepazar.com\/index.php?rest_route=%2Fwp%2Fv2%2Fcomments&post=116240"}],"wp:featuredmedia":[{"embeddable":true,"href":"https:\/\/www.hediyepazar.com\/index.php?rest_route=\/wp\/v2\/media\/116239"}],"wp:attachment":[{"href":"https:\/\/www.hediyepazar.com\/index.php?rest_route=%2Fwp%2Fv2%2Fmedia&parent=116240"}],"wp:term":[{"taxonomy":"product_brand","embeddable":true,"href":"https:\/\/www.hediyepazar.com\/index.php?rest_route=%2Fwp%2Fv2%2Fproduct_brand&post=116240"},{"taxonomy":"product_cat","embeddable":true,"href":"https:\/\/www.hediyepazar.com\/index.php?rest_route=%2Fwp%2Fv2%2Fproduct_cat&post=116240"},{"taxonomy":"product_tag","embeddable":true,"href":"https:\/\/www.hediyepazar.com\/index.php?rest_route=%2Fwp%2Fv2%2Fproduct_tag&post=116240"}],"curies":[{"name":"wp","href":"https:\/\/api.w.org\/{rel}","templated":true}]}}