{"id":116242,"date":"2026-05-05T16:43:01","date_gmt":"2026-05-05T19:43:01","guid":{"rendered":"https:\/\/www.hediyepazar.com\/?product=arac-ici-bluetooth-aux-adaptoru-ve-telefon-gorusme-cihazi"},"modified":"2026-05-05T16:43:01","modified_gmt":"2026-05-05T19:43:01","slug":"arac-ici-bluetooth-aux-adaptoru-ve-telefon-gorusme-cihazi","status":"publish","type":"product","link":"https:\/\/www.hediyepazar.com\/?product=arac-ici-bluetooth-aux-adaptoru-ve-telefon-gorusme-cihazi","title":{"rendered":"Ara\u00e7 \u0130\u00e7i Bluetooth AUX Adapt\u00f6r\u00fc ve Telefon G\u00f6r\u00fc\u015fme Cihaz\u0131"},"content":{"rendered":"<p>S\u00fcr\u00fc\u015f g\u00fcvenli\u011fini art\u0131ran Bluetooth AUX Ara\u00e7 Kiti, kablosuz ba\u011flant\u0131 teknolojisi ile telefonunuzdaki m\u00fczikleri veya g\u00f6r\u00fc\u015fmeleri arac\u0131n\u0131za ta\u015f\u0131r. Dahili mikrofonu sayesinde eller serbest g\u00f6r\u00fc\u015fme yapabilir, dikkat da\u011f\u0131n\u0131kl\u0131\u011f\u0131n\u0131 \u00f6nleyebilirsiniz. 3.5mm jack ile kolayca ba\u011flant\u0131 kurulur. Kompakt ve hafif tasar\u0131m\u0131, ta\u015f\u0131nabilirlik avantaj\u0131 sunar.<\/p>\n","protected":false},"excerpt":{"rendered":"<p>S\u00fcr\u00fc\u015f g\u00fcvenli\u011fini art\u0131ran Bluetooth AUX Ara\u00e7 Kiti, kablosuz ba\u011flant\u0131 teknolojisi ile telefonunuzdaki m\u00fczikleri veya g\u00f6r\u00fc\u015fmeleri arac\u0131n\u0131za ta\u015f\u0131r. Dahili mikrofonu sayesinde eller serbest g\u00f6r\u00fc\u015fme yapabilir, dikkat da\u011f\u0131n\u0131kl\u0131\u011f\u0131n\u0131 \u00f6nleyebilirsiniz. 3.5mm jack ile kolayca ba\u011flant\u0131 kurulur. Kompakt ve hafif tasar\u0131m\u0131, ta\u015f\u0131nabilirlik avantaj\u0131 sunar.<\/p>\n","protected":false},"featured_media":116241,"comment_status":"open","ping_status":"closed","template":"","meta":{"_kad_post_transparent":"","_kad_post_title":"","_kad_post_layout":"","_kad_post_sidebar_id":"","_kad_post_content_style":"","_kad_post_vertical_padding":"","_kad_post_feature":"","_kad_post_feature_position":"","_kad_post_header":false,"_kad_post_footer":false,"_kad_post_classname":""},"product_brand":[],"product_cat":[15020],"product_tag":[],"class_list":{"0":"post-116242","1":"product","2":"type-product","3":"status-publish","4":"has-post-thumbnail","6":"product_cat-bluetooth-arac-kiti-bluetooth-arac-kiti","8":"first","9":"instock","10":"purchasable","11":"product-type-simple","12":"entry","13":"content-bg","14":"loop-entry"},"_links":{"self":[{"href":"https:\/\/www.hediyepazar.com\/index.php?rest_route=\/wp\/v2\/product\/116242","targetHints":{"allow":["GET"]}}],"collection":[{"href":"https:\/\/www.hediyepazar.com\/index.php?rest_route=\/wp\/v2\/product"}],"about":[{"href":"https:\/\/www.hediyepazar.com\/index.php?rest_route=\/wp\/v2\/types\/product"}],"replies":[{"embeddable":true,"href":"https:\/\/www.hediyepazar.com\/index.php?rest_route=%2Fwp%2Fv2%2Fcomments&post=116242"}],"wp:featuredmedia":[{"embeddable":true,"href":"https:\/\/www.hediyepazar.com\/index.php?rest_route=\/wp\/v2\/media\/116241"}],"wp:attachment":[{"href":"https:\/\/www.hediyepazar.com\/index.php?rest_route=%2Fwp%2Fv2%2Fmedia&parent=116242"}],"wp:term":[{"taxonomy":"product_brand","embeddable":true,"href":"https:\/\/www.hediyepazar.com\/index.php?rest_route=%2Fwp%2Fv2%2Fproduct_brand&post=116242"},{"taxonomy":"product_cat","embeddable":true,"href":"https:\/\/www.hediyepazar.com\/index.php?rest_route=%2Fwp%2Fv2%2Fproduct_cat&post=116242"},{"taxonomy":"product_tag","embeddable":true,"href":"https:\/\/www.hediyepazar.com\/index.php?rest_route=%2Fwp%2Fv2%2Fproduct_tag&post=116242"}],"curies":[{"name":"wp","href":"https:\/\/api.w.org\/{rel}","templated":true}]}}