{"id":116244,"date":"2026-05-05T16:43:07","date_gmt":"2026-05-05T19:43:07","guid":{"rendered":"https:\/\/www.hediyepazar.com\/?product=kablosuz-baglanti-ile-muzik-ve-gorusme-arac-kiti"},"modified":"2026-05-05T16:43:07","modified_gmt":"2026-05-05T19:43:07","slug":"kablosuz-baglanti-ile-muzik-ve-gorusme-arac-kiti","status":"publish","type":"product","link":"https:\/\/www.hediyepazar.com\/?product=kablosuz-baglanti-ile-muzik-ve-gorusme-arac-kiti","title":{"rendered":"Kablosuz Ba\u011flant\u0131 ile M\u00fczik ve G\u00f6r\u00fc\u015fme Ara\u00e7 Kiti"},"content":{"rendered":"<p>Ara\u00e7 i\u00e7i m\u00fczik ve ileti\u015fim deneyiminizi geli\u015ftirmek i\u00e7in \u00fcretilen Bluetooth AUX Ara\u00e7 Kiti, kablosuz ba\u011flant\u0131 ile telefonunuzdaki t\u00fcm sesleri arac\u0131n\u0131za aktar\u0131r. Minimal boyutu sayesinde arac\u0131n\u0131zda yer kaplamaz. Bluetooth 3.0+EDR teknolojisi ile h\u0131zl\u0131 ve kararl\u0131 ba\u011flant\u0131 kurar. 10 metreye kadar \u00e7ekim mesafesi sayesinde cihaz\u0131n\u0131z ara\u00e7 i\u00e7inde serbest\u00e7e kullan\u0131labilir. USB ile kolay \u015farj edilebilen bataryas\u0131, 8 saate kadar kesintisiz kullan\u0131m sa\u011flar.<\/p>\n","protected":false},"excerpt":{"rendered":"<p>Ara\u00e7 i\u00e7i m\u00fczik ve ileti\u015fim deneyiminizi geli\u015ftirmek i\u00e7in \u00fcretilen Bluetooth AUX Ara\u00e7 Kiti, kablosuz ba\u011flant\u0131 ile telefonunuzdaki t\u00fcm sesleri arac\u0131n\u0131za aktar\u0131r. Minimal boyutu sayesinde arac\u0131n\u0131zda yer kaplamaz. Bluetooth 3.0+EDR teknolojisi ile h\u0131zl\u0131 ve kararl\u0131 ba\u011flant\u0131 kurar. 10 metreye kadar \u00e7ekim mesafesi sayesinde cihaz\u0131n\u0131z ara\u00e7 i\u00e7inde serbest\u00e7e kullan\u0131labilir. USB ile kolay \u015farj edilebilen bataryas\u0131, 8 saate&#8230;<\/p>\n","protected":false},"featured_media":116243,"comment_status":"open","ping_status":"closed","template":"","meta":{"_kad_post_transparent":"","_kad_post_title":"","_kad_post_layout":"","_kad_post_sidebar_id":"","_kad_post_content_style":"","_kad_post_vertical_padding":"","_kad_post_feature":"","_kad_post_feature_position":"","_kad_post_header":false,"_kad_post_footer":false,"_kad_post_classname":""},"product_brand":[],"product_cat":[15020],"product_tag":[],"class_list":{"0":"post-116244","1":"product","2":"type-product","3":"status-publish","4":"has-post-thumbnail","6":"product_cat-bluetooth-arac-kiti-bluetooth-arac-kiti","8":"first","9":"instock","10":"purchasable","11":"product-type-simple","12":"entry","13":"content-bg","14":"loop-entry"},"_links":{"self":[{"href":"https:\/\/www.hediyepazar.com\/index.php?rest_route=\/wp\/v2\/product\/116244","targetHints":{"allow":["GET"]}}],"collection":[{"href":"https:\/\/www.hediyepazar.com\/index.php?rest_route=\/wp\/v2\/product"}],"about":[{"href":"https:\/\/www.hediyepazar.com\/index.php?rest_route=\/wp\/v2\/types\/product"}],"replies":[{"embeddable":true,"href":"https:\/\/www.hediyepazar.com\/index.php?rest_route=%2Fwp%2Fv2%2Fcomments&post=116244"}],"wp:featuredmedia":[{"embeddable":true,"href":"https:\/\/www.hediyepazar.com\/index.php?rest_route=\/wp\/v2\/media\/116243"}],"wp:attachment":[{"href":"https:\/\/www.hediyepazar.com\/index.php?rest_route=%2Fwp%2Fv2%2Fmedia&parent=116244"}],"wp:term":[{"taxonomy":"product_brand","embeddable":true,"href":"https:\/\/www.hediyepazar.com\/index.php?rest_route=%2Fwp%2Fv2%2Fproduct_brand&post=116244"},{"taxonomy":"product_cat","embeddable":true,"href":"https:\/\/www.hediyepazar.com\/index.php?rest_route=%2Fwp%2Fv2%2Fproduct_cat&post=116244"},{"taxonomy":"product_tag","embeddable":true,"href":"https:\/\/www.hediyepazar.com\/index.php?rest_route=%2Fwp%2Fv2%2Fproduct_tag&post=116244"}],"curies":[{"name":"wp","href":"https:\/\/api.w.org\/{rel}","templated":true}]}}