{"id":116246,"date":"2026-05-05T16:43:13","date_gmt":"2026-05-05T19:43:13","guid":{"rendered":"https:\/\/www.hediyepazar.com\/?product=bluetooth-destekli-aux-muzik-ve-konusma-cihazi"},"modified":"2026-05-05T16:43:13","modified_gmt":"2026-05-05T19:43:13","slug":"bluetooth-destekli-aux-muzik-ve-konusma-cihazi","status":"publish","type":"product","link":"https:\/\/www.hediyepazar.com\/?product=bluetooth-destekli-aux-muzik-ve-konusma-cihazi","title":{"rendered":"Bluetooth Destekli AUX M\u00fczik ve Konu\u015fma Cihaz\u0131"},"content":{"rendered":"<p>Bluetooth AUX Ara\u00e7 Kiti, modern s\u00fcr\u00fcc\u00fcler i\u00e7in tasarlanm\u0131\u015f pratik ve g\u00fcvenli bir \u00e7\u00f6z\u00fcmd\u00fcr. Telefon, tablet veya di\u011fer Bluetooth \u00f6zellikli cihazlardan m\u00fczik dinleyebilir, podcast yay\u0131nlar\u0131n\u0131 arac\u0131n\u0131zda keyifle takip edebilirsiniz. Dahili mikrofon, s\u00fcr\u00fc\u015f s\u0131ras\u0131nda eller serbest konu\u015fma yapman\u0131z\u0131 sa\u011flar. On-Off d\u00fc\u011fmesi ile h\u0131zl\u0131 a\u00e7ma\/kapama imkan\u0131 verir. Ba\u011flant\u0131 kurulduktan sonra cihaz, bir sonraki kullan\u0131mda otomatik olarak e\u015fle\u015fir. 2.4GHz frekans aral\u0131\u011f\u0131nda \u00e7al\u0131\u015farak net ve kesintisiz ses iletimi sunar.<\/p>\n","protected":false},"excerpt":{"rendered":"<p>Bluetooth AUX Ara\u00e7 Kiti, modern s\u00fcr\u00fcc\u00fcler i\u00e7in tasarlanm\u0131\u015f pratik ve g\u00fcvenli bir \u00e7\u00f6z\u00fcmd\u00fcr. Telefon, tablet veya di\u011fer Bluetooth \u00f6zellikli cihazlardan m\u00fczik dinleyebilir, podcast yay\u0131nlar\u0131n\u0131 arac\u0131n\u0131zda keyifle takip edebilirsiniz. Dahili mikrofon, s\u00fcr\u00fc\u015f s\u0131ras\u0131nda eller serbest konu\u015fma yapman\u0131z\u0131 sa\u011flar. On-Off d\u00fc\u011fmesi ile h\u0131zl\u0131 a\u00e7ma\/kapama imkan\u0131 verir. Ba\u011flant\u0131 kurulduktan sonra cihaz, bir sonraki kullan\u0131mda otomatik olarak e\u015fle\u015fir. 2.4GHz&#8230;<\/p>\n","protected":false},"featured_media":116245,"comment_status":"open","ping_status":"closed","template":"","meta":{"_kad_post_transparent":"","_kad_post_title":"","_kad_post_layout":"","_kad_post_sidebar_id":"","_kad_post_content_style":"","_kad_post_vertical_padding":"","_kad_post_feature":"","_kad_post_feature_position":"","_kad_post_header":false,"_kad_post_footer":false,"_kad_post_classname":""},"product_brand":[],"product_cat":[15020],"product_tag":[],"class_list":{"0":"post-116246","1":"product","2":"type-product","3":"status-publish","4":"has-post-thumbnail","6":"product_cat-bluetooth-arac-kiti-bluetooth-arac-kiti","8":"first","9":"instock","10":"purchasable","11":"product-type-simple","12":"entry","13":"content-bg","14":"loop-entry"},"_links":{"self":[{"href":"https:\/\/www.hediyepazar.com\/index.php?rest_route=\/wp\/v2\/product\/116246","targetHints":{"allow":["GET"]}}],"collection":[{"href":"https:\/\/www.hediyepazar.com\/index.php?rest_route=\/wp\/v2\/product"}],"about":[{"href":"https:\/\/www.hediyepazar.com\/index.php?rest_route=\/wp\/v2\/types\/product"}],"replies":[{"embeddable":true,"href":"https:\/\/www.hediyepazar.com\/index.php?rest_route=%2Fwp%2Fv2%2Fcomments&post=116246"}],"wp:featuredmedia":[{"embeddable":true,"href":"https:\/\/www.hediyepazar.com\/index.php?rest_route=\/wp\/v2\/media\/116245"}],"wp:attachment":[{"href":"https:\/\/www.hediyepazar.com\/index.php?rest_route=%2Fwp%2Fv2%2Fmedia&parent=116246"}],"wp:term":[{"taxonomy":"product_brand","embeddable":true,"href":"https:\/\/www.hediyepazar.com\/index.php?rest_route=%2Fwp%2Fv2%2Fproduct_brand&post=116246"},{"taxonomy":"product_cat","embeddable":true,"href":"https:\/\/www.hediyepazar.com\/index.php?rest_route=%2Fwp%2Fv2%2Fproduct_cat&post=116246"},{"taxonomy":"product_tag","embeddable":true,"href":"https:\/\/www.hediyepazar.com\/index.php?rest_route=%2Fwp%2Fv2%2Fproduct_tag&post=116246"}],"curies":[{"name":"wp","href":"https:\/\/api.w.org\/{rel}","templated":true}]}}