{"id":116248,"date":"2026-05-05T16:43:18","date_gmt":"2026-05-05T19:43:18","guid":{"rendered":"https:\/\/www.hediyepazar.com\/?product=eller-serbest-ozellikli-bluetooth-aux-arac-kiti"},"modified":"2026-05-05T16:43:18","modified_gmt":"2026-05-05T19:43:18","slug":"eller-serbest-ozellikli-bluetooth-aux-arac-kiti","status":"publish","type":"product","link":"https:\/\/www.hediyepazar.com\/?product=eller-serbest-ozellikli-bluetooth-aux-arac-kiti","title":{"rendered":"Eller Serbest \u00d6zellikli Bluetooth AUX Ara\u00e7 Kiti"},"content":{"rendered":"<p>Ara\u00e7 kullan\u0131rken g\u00fcvenli ve konforlu bir deneyim ya\u015famak isteyenler i\u00e7in ideal olan Bluetooth AUX Ara\u00e7 Kiti, kablosuz ba\u011flant\u0131 ile telefonunuzdaki t\u00fcm sesleri arac\u0131n\u0131za aktarman\u0131z\u0131 sa\u011flar. Ellerinizi direksiyondan ay\u0131rmadan gelen aramalar\u0131 cevaplayabilir, m\u00fczik listenizi kontrol edebilirsiniz. 3.5mm jack giri\u015fi ile t\u00fcm aux destekli ara\u00e7 radyolar\u0131yla uyumludur. 10 metreye kadar ba\u011flant\u0131 mesafesi sunar. Dahili bataryas\u0131 sayesinde tek \u015farjla 8 saat boyunca kullan\u0131labilir. Kompakt ve \u015f\u0131k tasar\u0131m\u0131, arac\u0131n\u0131z\u0131n i\u00e7 mekan\u0131na uyum sa\u011flar. Paket i\u00e7eri\u011finde USB \u015farj kablosu ve 3.5mm jack soketi yer al\u0131r.<\/p>\n","protected":false},"excerpt":{"rendered":"<p>Ara\u00e7 kullan\u0131rken g\u00fcvenli ve konforlu bir deneyim ya\u015famak isteyenler i\u00e7in ideal olan Bluetooth AUX Ara\u00e7 Kiti, kablosuz ba\u011flant\u0131 ile telefonunuzdaki t\u00fcm sesleri arac\u0131n\u0131za aktarman\u0131z\u0131 sa\u011flar. Ellerinizi direksiyondan ay\u0131rmadan gelen aramalar\u0131 cevaplayabilir, m\u00fczik listenizi kontrol edebilirsiniz. 3.5mm jack giri\u015fi ile t\u00fcm aux destekli ara\u00e7 radyolar\u0131yla uyumludur. 10 metreye kadar ba\u011flant\u0131 mesafesi sunar. Dahili bataryas\u0131 sayesinde tek&#8230;<\/p>\n","protected":false},"featured_media":116247,"comment_status":"open","ping_status":"closed","template":"","meta":{"_kad_post_transparent":"","_kad_post_title":"","_kad_post_layout":"","_kad_post_sidebar_id":"","_kad_post_content_style":"","_kad_post_vertical_padding":"","_kad_post_feature":"","_kad_post_feature_position":"","_kad_post_header":false,"_kad_post_footer":false,"_kad_post_classname":""},"product_brand":[],"product_cat":[15020],"product_tag":[],"class_list":{"0":"post-116248","1":"product","2":"type-product","3":"status-publish","4":"has-post-thumbnail","6":"product_cat-bluetooth-arac-kiti-bluetooth-arac-kiti","8":"first","9":"instock","10":"purchasable","11":"product-type-simple","12":"entry","13":"content-bg","14":"loop-entry"},"_links":{"self":[{"href":"https:\/\/www.hediyepazar.com\/index.php?rest_route=\/wp\/v2\/product\/116248","targetHints":{"allow":["GET"]}}],"collection":[{"href":"https:\/\/www.hediyepazar.com\/index.php?rest_route=\/wp\/v2\/product"}],"about":[{"href":"https:\/\/www.hediyepazar.com\/index.php?rest_route=\/wp\/v2\/types\/product"}],"replies":[{"embeddable":true,"href":"https:\/\/www.hediyepazar.com\/index.php?rest_route=%2Fwp%2Fv2%2Fcomments&post=116248"}],"wp:featuredmedia":[{"embeddable":true,"href":"https:\/\/www.hediyepazar.com\/index.php?rest_route=\/wp\/v2\/media\/116247"}],"wp:attachment":[{"href":"https:\/\/www.hediyepazar.com\/index.php?rest_route=%2Fwp%2Fv2%2Fmedia&parent=116248"}],"wp:term":[{"taxonomy":"product_brand","embeddable":true,"href":"https:\/\/www.hediyepazar.com\/index.php?rest_route=%2Fwp%2Fv2%2Fproduct_brand&post=116248"},{"taxonomy":"product_cat","embeddable":true,"href":"https:\/\/www.hediyepazar.com\/index.php?rest_route=%2Fwp%2Fv2%2Fproduct_cat&post=116248"},{"taxonomy":"product_tag","embeddable":true,"href":"https:\/\/www.hediyepazar.com\/index.php?rest_route=%2Fwp%2Fv2%2Fproduct_tag&post=116248"}],"curies":[{"name":"wp","href":"https:\/\/api.w.org\/{rel}","templated":true}]}}