{"id":116258,"date":"2026-05-05T16:44:59","date_gmt":"2026-05-05T19:44:59","guid":{"rendered":"https:\/\/www.hediyepazar.com\/?product=kablosuz-ve-kablolu-baglanti-secenekli-ev-tipi-projeksiyon"},"modified":"2026-05-05T16:44:59","modified_gmt":"2026-05-05T19:44:59","slug":"kablosuz-ve-kablolu-baglanti-secenekli-ev-tipi-projeksiyon","status":"publish","type":"product","link":"https:\/\/www.hediyepazar.com\/?product=kablosuz-ve-kablolu-baglanti-secenekli-ev-tipi-projeksiyon","title":{"rendered":"Kablosuz ve Kablolu Ba\u011flant\u0131 Se\u00e7enekli Ev Tipi Projeksiyon"},"content":{"rendered":"<p>Bu projeksiyon cihaz\u0131, hem evde hem de i\u015f ortam\u0131nda kullan\u0131ma uygundur. 130 in\u00e7 ekran deste\u011fi ile geni\u015f alanlarda rahat izleme sa\u011flar. Full HD ve 4K deste\u011fi sayesinde g\u00f6r\u00fcnt\u00fcler net ve keskin g\u00f6r\u00fcn\u00fcr. Kablosuz ba\u011flant\u0131 \u00f6zelli\u011fi ile mobil cihazlardan g\u00f6r\u00fcnt\u00fc aktar\u0131m\u0131 yap\u0131labilir. HDMI ve USB giri\u015fleri ile bilgisayar, oyun konsolu veya medya oynat\u0131c\u0131 gibi farkl\u0131 cihazlar ba\u011flanabilir. 5000 saatlik ampul \u00f6mr\u00fc ile bak\u0131m gerektirmeden uzun s\u00fcre kullan\u0131labilir.<\/p>\n","protected":false},"excerpt":{"rendered":"<p>Bu projeksiyon cihaz\u0131, hem evde hem de i\u015f ortam\u0131nda kullan\u0131ma uygundur. 130 in\u00e7 ekran deste\u011fi ile geni\u015f alanlarda rahat izleme sa\u011flar. Full HD ve 4K deste\u011fi sayesinde g\u00f6r\u00fcnt\u00fcler net ve keskin g\u00f6r\u00fcn\u00fcr. Kablosuz ba\u011flant\u0131 \u00f6zelli\u011fi ile mobil cihazlardan g\u00f6r\u00fcnt\u00fc aktar\u0131m\u0131 yap\u0131labilir. HDMI ve USB giri\u015fleri ile bilgisayar, oyun konsolu veya medya oynat\u0131c\u0131 gibi farkl\u0131 cihazlar&#8230;<\/p>\n","protected":false},"featured_media":116257,"comment_status":"open","ping_status":"closed","template":"","meta":{"_kad_post_transparent":"","_kad_post_title":"","_kad_post_layout":"","_kad_post_sidebar_id":"","_kad_post_content_style":"","_kad_post_vertical_padding":"","_kad_post_feature":"","_kad_post_feature_position":"","_kad_post_header":false,"_kad_post_footer":false,"_kad_post_classname":""},"product_brand":[],"product_cat":[14905],"product_tag":[],"class_list":{"0":"post-116258","1":"product","2":"type-product","3":"status-publish","4":"has-post-thumbnail","6":"product_cat-projeksiyon-projeksiyon","8":"first","9":"instock","10":"purchasable","11":"product-type-simple","12":"entry","13":"content-bg","14":"loop-entry"},"_links":{"self":[{"href":"https:\/\/www.hediyepazar.com\/index.php?rest_route=\/wp\/v2\/product\/116258","targetHints":{"allow":["GET"]}}],"collection":[{"href":"https:\/\/www.hediyepazar.com\/index.php?rest_route=\/wp\/v2\/product"}],"about":[{"href":"https:\/\/www.hediyepazar.com\/index.php?rest_route=\/wp\/v2\/types\/product"}],"replies":[{"embeddable":true,"href":"https:\/\/www.hediyepazar.com\/index.php?rest_route=%2Fwp%2Fv2%2Fcomments&post=116258"}],"wp:featuredmedia":[{"embeddable":true,"href":"https:\/\/www.hediyepazar.com\/index.php?rest_route=\/wp\/v2\/media\/116257"}],"wp:attachment":[{"href":"https:\/\/www.hediyepazar.com\/index.php?rest_route=%2Fwp%2Fv2%2Fmedia&parent=116258"}],"wp:term":[{"taxonomy":"product_brand","embeddable":true,"href":"https:\/\/www.hediyepazar.com\/index.php?rest_route=%2Fwp%2Fv2%2Fproduct_brand&post=116258"},{"taxonomy":"product_cat","embeddable":true,"href":"https:\/\/www.hediyepazar.com\/index.php?rest_route=%2Fwp%2Fv2%2Fproduct_cat&post=116258"},{"taxonomy":"product_tag","embeddable":true,"href":"https:\/\/www.hediyepazar.com\/index.php?rest_route=%2Fwp%2Fv2%2Fproduct_tag&post=116258"}],"curies":[{"name":"wp","href":"https:\/\/api.w.org\/{rel}","templated":true}]}}