{"id":116260,"date":"2026-05-05T16:45:11","date_gmt":"2026-05-05T19:45:11","guid":{"rendered":"https:\/\/www.hediyepazar.com\/?product=kablosuz-baglantili-ultra-pro-projeksiyon"},"modified":"2026-05-05T16:45:11","modified_gmt":"2026-05-05T19:45:11","slug":"kablosuz-baglantili-ultra-pro-projeksiyon","status":"publish","type":"product","link":"https:\/\/www.hediyepazar.com\/?product=kablosuz-baglantili-ultra-pro-projeksiyon","title":{"rendered":"Kablosuz Ba\u011flant\u0131l\u0131 Ultra Pro Projeksiyon"},"content":{"rendered":"<p>Ultra Pro projeksiyon cihaz\u0131, Full HD \u00e7\u00f6z\u00fcn\u00fcrl\u00fck ve 4K uyumluluk deste\u011fi ile y\u00fcksek kaliteli bir g\u00f6r\u00fcnt\u00fc deneyimi sunar. 130 in\u00e7 geni\u015f ekran deste\u011fi sayesinde filmler, diziler, spor kar\u015f\u0131la\u015fmalar\u0131 ve sunumlar net bir \u015fekilde g\u00f6r\u00fcnt\u00fclenir. 160 ANSI l\u00fcmen parlakl\u0131k de\u011feri, hem ayd\u0131nl\u0131k hem de karanl\u0131k ortamlarda tatmin edici bir g\u00f6r\u00fcnt\u00fc sa\u011flar. Kablosuz ba\u011flant\u0131 \u00f6zelli\u011fi, telefon, tablet veya bilgisayardan i\u00e7eriklerin kolayca aktar\u0131lmas\u0131na imk\u00e2n tan\u0131r. HDMI ve USB giri\u015fleri sayesinde farkl\u0131 cihazlarla uyumlu \u00e7al\u0131\u015f\u0131r. 5000 saatlik ampul \u00f6mr\u00fc uzun s\u00fcreli kullan\u0131m sa\u011flar.<\/p>\n","protected":false},"excerpt":{"rendered":"<p>Ultra Pro projeksiyon cihaz\u0131, Full HD \u00e7\u00f6z\u00fcn\u00fcrl\u00fck ve 4K uyumluluk deste\u011fi ile y\u00fcksek kaliteli bir g\u00f6r\u00fcnt\u00fc deneyimi sunar. 130 in\u00e7 geni\u015f ekran deste\u011fi sayesinde filmler, diziler, spor kar\u015f\u0131la\u015fmalar\u0131 ve sunumlar net bir \u015fekilde g\u00f6r\u00fcnt\u00fclenir. 160 ANSI l\u00fcmen parlakl\u0131k de\u011feri, hem ayd\u0131nl\u0131k hem de karanl\u0131k ortamlarda tatmin edici bir g\u00f6r\u00fcnt\u00fc sa\u011flar. Kablosuz ba\u011flant\u0131 \u00f6zelli\u011fi, telefon, tablet&#8230;<\/p>\n","protected":false},"featured_media":116259,"comment_status":"open","ping_status":"closed","template":"","meta":{"_kad_post_transparent":"","_kad_post_title":"","_kad_post_layout":"","_kad_post_sidebar_id":"","_kad_post_content_style":"","_kad_post_vertical_padding":"","_kad_post_feature":"","_kad_post_feature_position":"","_kad_post_header":false,"_kad_post_footer":false,"_kad_post_classname":""},"product_brand":[],"product_cat":[14905],"product_tag":[],"class_list":{"0":"post-116260","1":"product","2":"type-product","3":"status-publish","4":"has-post-thumbnail","6":"product_cat-projeksiyon-projeksiyon","8":"first","9":"instock","10":"purchasable","11":"product-type-simple","12":"entry","13":"content-bg","14":"loop-entry"},"_links":{"self":[{"href":"https:\/\/www.hediyepazar.com\/index.php?rest_route=\/wp\/v2\/product\/116260","targetHints":{"allow":["GET"]}}],"collection":[{"href":"https:\/\/www.hediyepazar.com\/index.php?rest_route=\/wp\/v2\/product"}],"about":[{"href":"https:\/\/www.hediyepazar.com\/index.php?rest_route=\/wp\/v2\/types\/product"}],"replies":[{"embeddable":true,"href":"https:\/\/www.hediyepazar.com\/index.php?rest_route=%2Fwp%2Fv2%2Fcomments&post=116260"}],"wp:featuredmedia":[{"embeddable":true,"href":"https:\/\/www.hediyepazar.com\/index.php?rest_route=\/wp\/v2\/media\/116259"}],"wp:attachment":[{"href":"https:\/\/www.hediyepazar.com\/index.php?rest_route=%2Fwp%2Fv2%2Fmedia&parent=116260"}],"wp:term":[{"taxonomy":"product_brand","embeddable":true,"href":"https:\/\/www.hediyepazar.com\/index.php?rest_route=%2Fwp%2Fv2%2Fproduct_brand&post=116260"},{"taxonomy":"product_cat","embeddable":true,"href":"https:\/\/www.hediyepazar.com\/index.php?rest_route=%2Fwp%2Fv2%2Fproduct_cat&post=116260"},{"taxonomy":"product_tag","embeddable":true,"href":"https:\/\/www.hediyepazar.com\/index.php?rest_route=%2Fwp%2Fv2%2Fproduct_tag&post=116260"}],"curies":[{"name":"wp","href":"https:\/\/api.w.org\/{rel}","templated":true}]}}