{"id":116264,"date":"2026-05-05T16:45:58","date_gmt":"2026-05-05T19:45:58","guid":{"rendered":"https:\/\/www.hediyepazar.com\/?product=pembe-ve-beyaz-renk-secenekli-mini-boy-meyve-sikici"},"modified":"2026-05-05T16:45:58","modified_gmt":"2026-05-05T19:45:58","slug":"pembe-ve-beyaz-renk-secenekli-mini-boy-meyve-sikici","status":"publish","type":"product","link":"https:\/\/www.hediyepazar.com\/?product=pembe-ve-beyaz-renk-secenekli-mini-boy-meyve-sikici","title":{"rendered":"Pembe ve Beyaz Renk Se\u00e7enekli Mini Boy Meyve S\u0131k\u0131c\u0131"},"content":{"rendered":"<p>Kompakt yap\u0131s\u0131 ve kablosuz kullan\u0131m imkan\u0131 sayesinde spor salonunda, tatilde, i\u015f yerinde veya a\u00e7\u0131k hava etkinliklerinde kolayca yan\u0131n\u0131zda ta\u015f\u0131yabilirsiniz. Taze meyve sular\u0131, smoothie\u2019ler ve so\u011fuk kahveler i\u00e7in m\u00fckemmel bir yard\u0131mc\u0131d\u0131r.<\/p>\n","protected":false},"excerpt":{"rendered":"<p>Kompakt yap\u0131s\u0131 ve kablosuz kullan\u0131m imkan\u0131 sayesinde spor salonunda, tatilde, i\u015f yerinde veya a\u00e7\u0131k hava etkinliklerinde kolayca yan\u0131n\u0131zda ta\u015f\u0131yabilirsiniz. Taze meyve sular\u0131, smoothie\u2019ler ve so\u011fuk kahveler i\u00e7in m\u00fckemmel bir yard\u0131mc\u0131d\u0131r.<\/p>\n","protected":false},"featured_media":116263,"comment_status":"open","ping_status":"closed","template":"","meta":{"_kad_post_transparent":"","_kad_post_title":"","_kad_post_layout":"","_kad_post_sidebar_id":"","_kad_post_content_style":"","_kad_post_vertical_padding":"","_kad_post_feature":"","_kad_post_feature_position":"","_kad_post_header":false,"_kad_post_footer":false,"_kad_post_classname":""},"product_brand":[],"product_cat":[14959],"product_tag":[],"class_list":{"0":"post-116264","1":"product","2":"type-product","3":"status-publish","4":"has-post-thumbnail","6":"product_cat-blender-blender","8":"first","9":"instock","10":"purchasable","11":"product-type-simple","12":"entry","13":"content-bg","14":"loop-entry"},"_links":{"self":[{"href":"https:\/\/www.hediyepazar.com\/index.php?rest_route=\/wp\/v2\/product\/116264","targetHints":{"allow":["GET"]}}],"collection":[{"href":"https:\/\/www.hediyepazar.com\/index.php?rest_route=\/wp\/v2\/product"}],"about":[{"href":"https:\/\/www.hediyepazar.com\/index.php?rest_route=\/wp\/v2\/types\/product"}],"replies":[{"embeddable":true,"href":"https:\/\/www.hediyepazar.com\/index.php?rest_route=%2Fwp%2Fv2%2Fcomments&post=116264"}],"wp:featuredmedia":[{"embeddable":true,"href":"https:\/\/www.hediyepazar.com\/index.php?rest_route=\/wp\/v2\/media\/116263"}],"wp:attachment":[{"href":"https:\/\/www.hediyepazar.com\/index.php?rest_route=%2Fwp%2Fv2%2Fmedia&parent=116264"}],"wp:term":[{"taxonomy":"product_brand","embeddable":true,"href":"https:\/\/www.hediyepazar.com\/index.php?rest_route=%2Fwp%2Fv2%2Fproduct_brand&post=116264"},{"taxonomy":"product_cat","embeddable":true,"href":"https:\/\/www.hediyepazar.com\/index.php?rest_route=%2Fwp%2Fv2%2Fproduct_cat&post=116264"},{"taxonomy":"product_tag","embeddable":true,"href":"https:\/\/www.hediyepazar.com\/index.php?rest_route=%2Fwp%2Fv2%2Fproduct_tag&post=116264"}],"curies":[{"name":"wp","href":"https:\/\/api.w.org\/{rel}","templated":true}]}}