{"id":116266,"date":"2026-05-05T16:46:03","date_gmt":"2026-05-05T19:46:03","guid":{"rendered":"https:\/\/www.hediyepazar.com\/?product=1200mah-sarjli-hafif-ve-pratik-tasinabilir-blender"},"modified":"2026-05-05T16:46:03","modified_gmt":"2026-05-05T19:46:03","slug":"1200mah-sarjli-hafif-ve-pratik-tasinabilir-blender","status":"publish","type":"product","link":"https:\/\/www.hediyepazar.com\/?product=1200mah-sarjli-hafif-ve-pratik-tasinabilir-blender","title":{"rendered":"1200mAh \u015earjl\u0131 Hafif ve Pratik Ta\u015f\u0131nabilir Blender"},"content":{"rendered":"<p>G\u0131da s\u0131n\u0131f\u0131 cam ve toksik olmayan malzemelerden \u00fcretilmi\u015ftir. Zararl\u0131 kimyasallardan uzak, sa\u011fl\u0131kl\u0131 i\u00e7ecekler haz\u0131rlaman\u0131za yard\u0131mc\u0131 olur. G\u00fcvenlik kilidi sistemi, yanl\u0131\u015f kullan\u0131mda cihaz\u0131n \u00e7al\u0131\u015fmas\u0131n\u0131 engeller.<\/p>\n","protected":false},"excerpt":{"rendered":"<p>G\u0131da s\u0131n\u0131f\u0131 cam ve toksik olmayan malzemelerden \u00fcretilmi\u015ftir. Zararl\u0131 kimyasallardan uzak, sa\u011fl\u0131kl\u0131 i\u00e7ecekler haz\u0131rlaman\u0131za yard\u0131mc\u0131 olur. G\u00fcvenlik kilidi sistemi, yanl\u0131\u015f kullan\u0131mda cihaz\u0131n \u00e7al\u0131\u015fmas\u0131n\u0131 engeller.<\/p>\n","protected":false},"featured_media":116265,"comment_status":"open","ping_status":"closed","template":"","meta":{"_kad_post_transparent":"","_kad_post_title":"","_kad_post_layout":"","_kad_post_sidebar_id":"","_kad_post_content_style":"","_kad_post_vertical_padding":"","_kad_post_feature":"","_kad_post_feature_position":"","_kad_post_header":false,"_kad_post_footer":false,"_kad_post_classname":""},"product_brand":[],"product_cat":[14959],"product_tag":[],"class_list":{"0":"post-116266","1":"product","2":"type-product","3":"status-publish","4":"has-post-thumbnail","6":"product_cat-blender-blender","8":"first","9":"instock","10":"purchasable","11":"product-type-simple","12":"entry","13":"content-bg","14":"loop-entry"},"_links":{"self":[{"href":"https:\/\/www.hediyepazar.com\/index.php?rest_route=\/wp\/v2\/product\/116266","targetHints":{"allow":["GET"]}}],"collection":[{"href":"https:\/\/www.hediyepazar.com\/index.php?rest_route=\/wp\/v2\/product"}],"about":[{"href":"https:\/\/www.hediyepazar.com\/index.php?rest_route=\/wp\/v2\/types\/product"}],"replies":[{"embeddable":true,"href":"https:\/\/www.hediyepazar.com\/index.php?rest_route=%2Fwp%2Fv2%2Fcomments&post=116266"}],"wp:featuredmedia":[{"embeddable":true,"href":"https:\/\/www.hediyepazar.com\/index.php?rest_route=\/wp\/v2\/media\/116265"}],"wp:attachment":[{"href":"https:\/\/www.hediyepazar.com\/index.php?rest_route=%2Fwp%2Fv2%2Fmedia&parent=116266"}],"wp:term":[{"taxonomy":"product_brand","embeddable":true,"href":"https:\/\/www.hediyepazar.com\/index.php?rest_route=%2Fwp%2Fv2%2Fproduct_brand&post=116266"},{"taxonomy":"product_cat","embeddable":true,"href":"https:\/\/www.hediyepazar.com\/index.php?rest_route=%2Fwp%2Fv2%2Fproduct_cat&post=116266"},{"taxonomy":"product_tag","embeddable":true,"href":"https:\/\/www.hediyepazar.com\/index.php?rest_route=%2Fwp%2Fv2%2Fproduct_tag&post=116266"}],"curies":[{"name":"wp","href":"https:\/\/api.w.org\/{rel}","templated":true}]}}