{"id":116268,"date":"2026-05-05T16:46:08","date_gmt":"2026-05-05T19:46:08","guid":{"rendered":"https:\/\/www.hediyepazar.com\/?product=kompakt-ve-sik-tasarimli-taze-meyve-suyu-hazirlayici"},"modified":"2026-05-05T16:46:08","modified_gmt":"2026-05-05T19:46:08","slug":"kompakt-ve-sik-tasarimli-taze-meyve-suyu-hazirlayici","status":"publish","type":"product","link":"https:\/\/www.hediyepazar.com\/?product=kompakt-ve-sik-tasarimli-taze-meyve-suyu-hazirlayici","title":{"rendered":"Kompakt ve \u015e\u0131k Tasar\u0131ml\u0131 Taze Meyve Suyu Haz\u0131rlay\u0131c\u0131"},"content":{"rendered":"<p>\u00dcst kapa\u011f\u0131 i\u00e7mek i\u00e7in, alt k\u0131sm\u0131 ise kolay temizlik i\u00e7in a\u00e7\u0131labilir. Tek tu\u015fla \u00e7al\u0131\u015ft\u0131rma \u00f6zelli\u011fi ile pratik bir kullan\u0131m deneyimi sunar. Daha iyi kar\u0131\u015ft\u0131rma i\u00e7in \u015fi\u015feyi 45 derece e\u011ferek sallayabilirsiniz.<\/p>\n","protected":false},"excerpt":{"rendered":"<p>\u00dcst kapa\u011f\u0131 i\u00e7mek i\u00e7in, alt k\u0131sm\u0131 ise kolay temizlik i\u00e7in a\u00e7\u0131labilir. Tek tu\u015fla \u00e7al\u0131\u015ft\u0131rma \u00f6zelli\u011fi ile pratik bir kullan\u0131m deneyimi sunar. Daha iyi kar\u0131\u015ft\u0131rma i\u00e7in \u015fi\u015feyi 45 derece e\u011ferek sallayabilirsiniz.<\/p>\n","protected":false},"featured_media":116267,"comment_status":"open","ping_status":"closed","template":"","meta":{"_kad_post_transparent":"","_kad_post_title":"","_kad_post_layout":"","_kad_post_sidebar_id":"","_kad_post_content_style":"","_kad_post_vertical_padding":"","_kad_post_feature":"","_kad_post_feature_position":"","_kad_post_header":false,"_kad_post_footer":false,"_kad_post_classname":""},"product_brand":[],"product_cat":[14959],"product_tag":[],"class_list":{"0":"post-116268","1":"product","2":"type-product","3":"status-publish","4":"has-post-thumbnail","6":"product_cat-blender-blender","8":"first","9":"instock","10":"purchasable","11":"product-type-simple","12":"entry","13":"content-bg","14":"loop-entry"},"_links":{"self":[{"href":"https:\/\/www.hediyepazar.com\/index.php?rest_route=\/wp\/v2\/product\/116268","targetHints":{"allow":["GET"]}}],"collection":[{"href":"https:\/\/www.hediyepazar.com\/index.php?rest_route=\/wp\/v2\/product"}],"about":[{"href":"https:\/\/www.hediyepazar.com\/index.php?rest_route=\/wp\/v2\/types\/product"}],"replies":[{"embeddable":true,"href":"https:\/\/www.hediyepazar.com\/index.php?rest_route=%2Fwp%2Fv2%2Fcomments&post=116268"}],"wp:featuredmedia":[{"embeddable":true,"href":"https:\/\/www.hediyepazar.com\/index.php?rest_route=\/wp\/v2\/media\/116267"}],"wp:attachment":[{"href":"https:\/\/www.hediyepazar.com\/index.php?rest_route=%2Fwp%2Fv2%2Fmedia&parent=116268"}],"wp:term":[{"taxonomy":"product_brand","embeddable":true,"href":"https:\/\/www.hediyepazar.com\/index.php?rest_route=%2Fwp%2Fv2%2Fproduct_brand&post=116268"},{"taxonomy":"product_cat","embeddable":true,"href":"https:\/\/www.hediyepazar.com\/index.php?rest_route=%2Fwp%2Fv2%2Fproduct_cat&post=116268"},{"taxonomy":"product_tag","embeddable":true,"href":"https:\/\/www.hediyepazar.com\/index.php?rest_route=%2Fwp%2Fv2%2Fproduct_tag&post=116268"}],"curies":[{"name":"wp","href":"https:\/\/api.w.org\/{rel}","templated":true}]}}