{"id":116270,"date":"2026-05-05T16:46:13","date_gmt":"2026-05-05T19:46:13","guid":{"rendered":"https:\/\/www.hediyepazar.com\/?product=cevre-dostu-cam-govdeli-kablosuz-smoothie-blender"},"modified":"2026-05-05T16:46:13","modified_gmt":"2026-05-05T19:46:13","slug":"cevre-dostu-cam-govdeli-kablosuz-smoothie-blender","status":"publish","type":"product","link":"https:\/\/www.hediyepazar.com\/?product=cevre-dostu-cam-govdeli-kablosuz-smoothie-blender","title":{"rendered":"\u00c7evre Dostu Cam G\u00f6vdeli Kablosuz Smoothie Blender"},"content":{"rendered":"<p>7,5 x 7,5 x 21 cm \u00f6l\u00e7\u00fclerindeki bu mini blender, hem ev hem d\u0131\u015f mekan kullan\u0131m\u0131 i\u00e7in idealdir. Pembe ve beyaz renk se\u00e7enekleriyle estetik bir g\u00f6r\u00fcn\u00fcm sunar. Piknikte, ofiste veya seyahatte sa\u011fl\u0131kl\u0131 i\u00e7eceklerin tad\u0131n\u0131 \u00e7\u0131karabilirsiniz.<\/p>\n","protected":false},"excerpt":{"rendered":"<p>7,5 x 7,5 x 21 cm \u00f6l\u00e7\u00fclerindeki bu mini blender, hem ev hem d\u0131\u015f mekan kullan\u0131m\u0131 i\u00e7in idealdir. Pembe ve beyaz renk se\u00e7enekleriyle estetik bir g\u00f6r\u00fcn\u00fcm sunar. Piknikte, ofiste veya seyahatte sa\u011fl\u0131kl\u0131 i\u00e7eceklerin tad\u0131n\u0131 \u00e7\u0131karabilirsiniz.<\/p>\n","protected":false},"featured_media":116269,"comment_status":"open","ping_status":"closed","template":"","meta":{"_kad_post_transparent":"","_kad_post_title":"","_kad_post_layout":"","_kad_post_sidebar_id":"","_kad_post_content_style":"","_kad_post_vertical_padding":"","_kad_post_feature":"","_kad_post_feature_position":"","_kad_post_header":false,"_kad_post_footer":false,"_kad_post_classname":""},"product_brand":[],"product_cat":[14959],"product_tag":[],"class_list":{"0":"post-116270","1":"product","2":"type-product","3":"status-publish","4":"has-post-thumbnail","6":"product_cat-blender-blender","8":"first","9":"instock","10":"purchasable","11":"product-type-simple","12":"entry","13":"content-bg","14":"loop-entry"},"_links":{"self":[{"href":"https:\/\/www.hediyepazar.com\/index.php?rest_route=\/wp\/v2\/product\/116270","targetHints":{"allow":["GET"]}}],"collection":[{"href":"https:\/\/www.hediyepazar.com\/index.php?rest_route=\/wp\/v2\/product"}],"about":[{"href":"https:\/\/www.hediyepazar.com\/index.php?rest_route=\/wp\/v2\/types\/product"}],"replies":[{"embeddable":true,"href":"https:\/\/www.hediyepazar.com\/index.php?rest_route=%2Fwp%2Fv2%2Fcomments&post=116270"}],"wp:featuredmedia":[{"embeddable":true,"href":"https:\/\/www.hediyepazar.com\/index.php?rest_route=\/wp\/v2\/media\/116269"}],"wp:attachment":[{"href":"https:\/\/www.hediyepazar.com\/index.php?rest_route=%2Fwp%2Fv2%2Fmedia&parent=116270"}],"wp:term":[{"taxonomy":"product_brand","embeddable":true,"href":"https:\/\/www.hediyepazar.com\/index.php?rest_route=%2Fwp%2Fv2%2Fproduct_brand&post=116270"},{"taxonomy":"product_cat","embeddable":true,"href":"https:\/\/www.hediyepazar.com\/index.php?rest_route=%2Fwp%2Fv2%2Fproduct_cat&post=116270"},{"taxonomy":"product_tag","embeddable":true,"href":"https:\/\/www.hediyepazar.com\/index.php?rest_route=%2Fwp%2Fv2%2Fproduct_tag&post=116270"}],"curies":[{"name":"wp","href":"https:\/\/api.w.org\/{rel}","templated":true}]}}