{"id":116274,"date":"2026-05-05T16:46:59","date_gmt":"2026-05-05T19:46:59","guid":{"rendered":"https:\/\/www.hediyepazar.com\/?product=tasinabilir-usb-sarjli-taze-meyve-suyu-blender"},"modified":"2026-05-05T16:46:59","modified_gmt":"2026-05-05T19:46:59","slug":"tasinabilir-usb-sarjli-taze-meyve-suyu-blender","status":"publish","type":"product","link":"https:\/\/www.hediyepazar.com\/?product=tasinabilir-usb-sarjli-taze-meyve-suyu-blender","title":{"rendered":"Ta\u015f\u0131nabilir USB \u015earjl\u0131 Taze Meyve Suyu Blender"},"content":{"rendered":"<p>G\u0131da s\u0131n\u0131f\u0131 cam g\u00f6vdesi ve \u00e7evre dostu tasar\u0131m\u0131yla \u00f6ne \u00e7\u0131kan bu ta\u015f\u0131nabilir blender, sa\u011fl\u0131kl\u0131 ve g\u00fcvenli kullan\u0131m sunar. 4 adet SUS304 paslanmaz \u00e7elik b\u0131\u00e7a\u011f\u0131, meyve ve sebzelerin liflerini koruyarak p\u00fcr\u00fczs\u00fcz i\u00e7ecekler haz\u0131rlar. USB \u015farj \u00f6zelli\u011fi sayesinde telefon, powerbank veya bilgisayar\u0131n\u0131zdan kolayca enerji alabilirsiniz. Kompakt boyutu ve \u015f\u0131k g\u00f6r\u00fcn\u00fcm\u00fcyle \u00e7antan\u0131zda rahatl\u0131kla ta\u015f\u0131yabilirsiniz.<\/p>\n","protected":false},"excerpt":{"rendered":"<p>G\u0131da s\u0131n\u0131f\u0131 cam g\u00f6vdesi ve \u00e7evre dostu tasar\u0131m\u0131yla \u00f6ne \u00e7\u0131kan bu ta\u015f\u0131nabilir blender, sa\u011fl\u0131kl\u0131 ve g\u00fcvenli kullan\u0131m sunar. 4 adet SUS304 paslanmaz \u00e7elik b\u0131\u00e7a\u011f\u0131, meyve ve sebzelerin liflerini koruyarak p\u00fcr\u00fczs\u00fcz i\u00e7ecekler haz\u0131rlar. USB \u015farj \u00f6zelli\u011fi sayesinde telefon, powerbank veya bilgisayar\u0131n\u0131zdan kolayca enerji alabilirsiniz. Kompakt boyutu ve \u015f\u0131k g\u00f6r\u00fcn\u00fcm\u00fcyle \u00e7antan\u0131zda rahatl\u0131kla ta\u015f\u0131yabilirsiniz.<\/p>\n","protected":false},"featured_media":116273,"comment_status":"open","ping_status":"closed","template":"","meta":{"_kad_post_transparent":"","_kad_post_title":"","_kad_post_layout":"","_kad_post_sidebar_id":"","_kad_post_content_style":"","_kad_post_vertical_padding":"","_kad_post_feature":"","_kad_post_feature_position":"","_kad_post_header":false,"_kad_post_footer":false,"_kad_post_classname":""},"product_brand":[],"product_cat":[14959],"product_tag":[],"class_list":{"0":"post-116274","1":"product","2":"type-product","3":"status-publish","4":"has-post-thumbnail","6":"product_cat-blender-blender","8":"first","9":"instock","10":"purchasable","11":"product-type-simple","12":"entry","13":"content-bg","14":"loop-entry"},"_links":{"self":[{"href":"https:\/\/www.hediyepazar.com\/index.php?rest_route=\/wp\/v2\/product\/116274","targetHints":{"allow":["GET"]}}],"collection":[{"href":"https:\/\/www.hediyepazar.com\/index.php?rest_route=\/wp\/v2\/product"}],"about":[{"href":"https:\/\/www.hediyepazar.com\/index.php?rest_route=\/wp\/v2\/types\/product"}],"replies":[{"embeddable":true,"href":"https:\/\/www.hediyepazar.com\/index.php?rest_route=%2Fwp%2Fv2%2Fcomments&post=116274"}],"wp:featuredmedia":[{"embeddable":true,"href":"https:\/\/www.hediyepazar.com\/index.php?rest_route=\/wp\/v2\/media\/116273"}],"wp:attachment":[{"href":"https:\/\/www.hediyepazar.com\/index.php?rest_route=%2Fwp%2Fv2%2Fmedia&parent=116274"}],"wp:term":[{"taxonomy":"product_brand","embeddable":true,"href":"https:\/\/www.hediyepazar.com\/index.php?rest_route=%2Fwp%2Fv2%2Fproduct_brand&post=116274"},{"taxonomy":"product_cat","embeddable":true,"href":"https:\/\/www.hediyepazar.com\/index.php?rest_route=%2Fwp%2Fv2%2Fproduct_cat&post=116274"},{"taxonomy":"product_tag","embeddable":true,"href":"https:\/\/www.hediyepazar.com\/index.php?rest_route=%2Fwp%2Fv2%2Fproduct_tag&post=116274"}],"curies":[{"name":"wp","href":"https:\/\/api.w.org\/{rel}","templated":true}]}}