{"id":116284,"date":"2026-05-05T16:48:57","date_gmt":"2026-05-05T19:48:57","guid":{"rendered":"https:\/\/www.hediyepazar.com\/?product=titanyum-dermaroller-540-igne-cilt-onarim-ve-kolajen-uretim-destegi"},"modified":"2026-05-05T16:48:57","modified_gmt":"2026-05-05T19:48:57","slug":"titanyum-dermaroller-540-igne-cilt-onarim-ve-kolajen-uretim-destegi","status":"publish","type":"product","link":"https:\/\/www.hediyepazar.com\/?product=titanyum-dermaroller-540-igne-cilt-onarim-ve-kolajen-uretim-destegi","title":{"rendered":"Titanyum Dermaroller 540 \u0130\u011fne Cilt Onar\u0131m ve Kolajen \u00dcretim Deste\u011fi"},"content":{"rendered":"<p>Dermaroller Titanyum 540 \u0130\u011fneli 0.5 mm cilt yenileme s\u00fcrecinde h\u0131zl\u0131 ve etkili sonu\u00e7lar almak isteyenler i\u00e7in geli\u015ftirilmi\u015ftir. Titanyum i\u011fneler cilt dostu ve dayan\u0131kl\u0131d\u0131r. D\u00fczenli kullan\u0131m cildin do\u011fal onar\u0131m s\u00fcrecini destekler ve daha s\u0131k\u0131 daha parlak bir g\u00f6r\u00fcn\u00fcm kazand\u0131r\u0131r. Anti aging uygulamalar\u0131ndan akne izi tedavisine kadar geni\u015f kullan\u0131m alan\u0131na sahiptir. Evde g\u00fcvenle kullan\u0131labilir.<\/p>\n","protected":false},"excerpt":{"rendered":"<p>Dermaroller Titanyum 540 \u0130\u011fneli 0.5 mm cilt yenileme s\u00fcrecinde h\u0131zl\u0131 ve etkili sonu\u00e7lar almak isteyenler i\u00e7in geli\u015ftirilmi\u015ftir. Titanyum i\u011fneler cilt dostu ve dayan\u0131kl\u0131d\u0131r. D\u00fczenli kullan\u0131m cildin do\u011fal onar\u0131m s\u00fcrecini destekler ve daha s\u0131k\u0131 daha parlak bir g\u00f6r\u00fcn\u00fcm kazand\u0131r\u0131r. Anti aging uygulamalar\u0131ndan akne izi tedavisine kadar geni\u015f kullan\u0131m alan\u0131na sahiptir. Evde g\u00fcvenle kullan\u0131labilir.<\/p>\n","protected":false},"featured_media":116283,"comment_status":"open","ping_status":"closed","template":"","meta":{"_kad_post_transparent":"","_kad_post_title":"","_kad_post_layout":"","_kad_post_sidebar_id":"","_kad_post_content_style":"","_kad_post_vertical_padding":"","_kad_post_feature":"","_kad_post_feature_position":"","_kad_post_header":false,"_kad_post_footer":false,"_kad_post_classname":""},"product_brand":[],"product_cat":[14923],"product_tag":[],"class_list":{"0":"post-116284","1":"product","2":"type-product","3":"status-publish","4":"has-post-thumbnail","6":"product_cat-dermaroller-dermaroller","8":"first","9":"instock","10":"purchasable","11":"product-type-simple","12":"entry","13":"content-bg","14":"loop-entry"},"_links":{"self":[{"href":"https:\/\/www.hediyepazar.com\/index.php?rest_route=\/wp\/v2\/product\/116284","targetHints":{"allow":["GET"]}}],"collection":[{"href":"https:\/\/www.hediyepazar.com\/index.php?rest_route=\/wp\/v2\/product"}],"about":[{"href":"https:\/\/www.hediyepazar.com\/index.php?rest_route=\/wp\/v2\/types\/product"}],"replies":[{"embeddable":true,"href":"https:\/\/www.hediyepazar.com\/index.php?rest_route=%2Fwp%2Fv2%2Fcomments&post=116284"}],"wp:featuredmedia":[{"embeddable":true,"href":"https:\/\/www.hediyepazar.com\/index.php?rest_route=\/wp\/v2\/media\/116283"}],"wp:attachment":[{"href":"https:\/\/www.hediyepazar.com\/index.php?rest_route=%2Fwp%2Fv2%2Fmedia&parent=116284"}],"wp:term":[{"taxonomy":"product_brand","embeddable":true,"href":"https:\/\/www.hediyepazar.com\/index.php?rest_route=%2Fwp%2Fv2%2Fproduct_brand&post=116284"},{"taxonomy":"product_cat","embeddable":true,"href":"https:\/\/www.hediyepazar.com\/index.php?rest_route=%2Fwp%2Fv2%2Fproduct_cat&post=116284"},{"taxonomy":"product_tag","embeddable":true,"href":"https:\/\/www.hediyepazar.com\/index.php?rest_route=%2Fwp%2Fv2%2Fproduct_tag&post=116284"}],"curies":[{"name":"wp","href":"https:\/\/api.w.org\/{rel}","templated":true}]}}