{"id":116286,"date":"2026-05-05T16:49:03","date_gmt":"2026-05-05T19:49:03","guid":{"rendered":"https:\/\/www.hediyepazar.com\/?product=dermaroller-1-mm-yara-ve-yanik-izleri-icin-etkili-cozum"},"modified":"2026-05-05T16:49:03","modified_gmt":"2026-05-05T19:49:03","slug":"dermaroller-1-mm-yara-ve-yanik-izleri-icin-etkili-cozum","status":"publish","type":"product","link":"https:\/\/www.hediyepazar.com\/?product=dermaroller-1-mm-yara-ve-yanik-izleri-icin-etkili-cozum","title":{"rendered":"Dermaroller 1 mm Yara ve Yan\u0131k \u0130zleri \u0130\u00e7in Etkili \u00c7\u00f6z\u00fcm"},"content":{"rendered":"<p>Evde profesyonel cilt bak\u0131m\u0131 sunan Dermaroller Titanyum 540 \u0130\u011fneli 1 mm kullan\u0131m kolayl\u0131\u011f\u0131 ile dikkat \u00e7eker. Yara ve yan\u0131k izleri ile cilt \u00e7atlaklar\u0131n\u0131n g\u00f6r\u00fcn\u00fcm\u00fcn\u00fc azaltmada etkilidir. Cilt y\u00fczeyinde a\u00e7t\u0131\u011f\u0131 mikro kanallar sayesinde h\u00fccre yenilenmesini destekler. Bu i\u015flem bak\u0131m \u00fcr\u00fcnlerinin daha derinlere n\u00fcfuz etmesine yard\u0131mc\u0131 olur. Sa\u011flam yap\u0131s\u0131 uzun \u00f6m\u00fcrl\u00fc kullan\u0131m sa\u011flar.<\/p>\n","protected":false},"excerpt":{"rendered":"<p>Evde profesyonel cilt bak\u0131m\u0131 sunan Dermaroller Titanyum 540 \u0130\u011fneli 1 mm kullan\u0131m kolayl\u0131\u011f\u0131 ile dikkat \u00e7eker. Yara ve yan\u0131k izleri ile cilt \u00e7atlaklar\u0131n\u0131n g\u00f6r\u00fcn\u00fcm\u00fcn\u00fc azaltmada etkilidir. Cilt y\u00fczeyinde a\u00e7t\u0131\u011f\u0131 mikro kanallar sayesinde h\u00fccre yenilenmesini destekler. Bu i\u015flem bak\u0131m \u00fcr\u00fcnlerinin daha derinlere n\u00fcfuz etmesine yard\u0131mc\u0131 olur. Sa\u011flam yap\u0131s\u0131 uzun \u00f6m\u00fcrl\u00fc kullan\u0131m sa\u011flar.<\/p>\n","protected":false},"featured_media":116285,"comment_status":"open","ping_status":"closed","template":"","meta":{"_kad_post_transparent":"","_kad_post_title":"","_kad_post_layout":"","_kad_post_sidebar_id":"","_kad_post_content_style":"","_kad_post_vertical_padding":"","_kad_post_feature":"","_kad_post_feature_position":"","_kad_post_header":false,"_kad_post_footer":false,"_kad_post_classname":""},"product_brand":[],"product_cat":[14923],"product_tag":[],"class_list":{"0":"post-116286","1":"product","2":"type-product","3":"status-publish","4":"has-post-thumbnail","6":"product_cat-dermaroller-dermaroller","8":"first","9":"instock","10":"purchasable","11":"product-type-simple","12":"entry","13":"content-bg","14":"loop-entry"},"_links":{"self":[{"href":"https:\/\/www.hediyepazar.com\/index.php?rest_route=\/wp\/v2\/product\/116286","targetHints":{"allow":["GET"]}}],"collection":[{"href":"https:\/\/www.hediyepazar.com\/index.php?rest_route=\/wp\/v2\/product"}],"about":[{"href":"https:\/\/www.hediyepazar.com\/index.php?rest_route=\/wp\/v2\/types\/product"}],"replies":[{"embeddable":true,"href":"https:\/\/www.hediyepazar.com\/index.php?rest_route=%2Fwp%2Fv2%2Fcomments&post=116286"}],"wp:featuredmedia":[{"embeddable":true,"href":"https:\/\/www.hediyepazar.com\/index.php?rest_route=\/wp\/v2\/media\/116285"}],"wp:attachment":[{"href":"https:\/\/www.hediyepazar.com\/index.php?rest_route=%2Fwp%2Fv2%2Fmedia&parent=116286"}],"wp:term":[{"taxonomy":"product_brand","embeddable":true,"href":"https:\/\/www.hediyepazar.com\/index.php?rest_route=%2Fwp%2Fv2%2Fproduct_brand&post=116286"},{"taxonomy":"product_cat","embeddable":true,"href":"https:\/\/www.hediyepazar.com\/index.php?rest_route=%2Fwp%2Fv2%2Fproduct_cat&post=116286"},{"taxonomy":"product_tag","embeddable":true,"href":"https:\/\/www.hediyepazar.com\/index.php?rest_route=%2Fwp%2Fv2%2Fproduct_tag&post=116286"}],"curies":[{"name":"wp","href":"https:\/\/api.w.org\/{rel}","templated":true}]}}