{"id":116298,"date":"2026-05-05T16:49:35","date_gmt":"2026-05-05T19:49:35","guid":{"rendered":"https:\/\/www.hediyepazar.com\/?product=ev-ve-parti-icin-masaustu-bluetooth-disko-topu-isik-gosterisi"},"modified":"2026-05-05T16:49:35","modified_gmt":"2026-05-05T19:49:35","slug":"ev-ve-parti-icin-masaustu-bluetooth-disko-topu-isik-gosterisi","status":"publish","type":"product","link":"https:\/\/www.hediyepazar.com\/?product=ev-ve-parti-icin-masaustu-bluetooth-disko-topu-isik-gosterisi","title":{"rendered":"Ev ve Parti \u0130\u00e7in Masa\u00fcst\u00fc Bluetooth Disko Topu I\u015f\u0131k G\u00f6sterisi"},"content":{"rendered":"<p>Bu masa\u00fcst\u00fc disko topu, yaln\u0131zca ev e\u011flenceleri i\u00e7in de\u011fil, d\u00fc\u011f\u00fcnler, barlar, kafeler, restoranlar ve kul\u00fcpler gibi profesyonel mekanlar i\u00e7in de uygundur. Geni\u015f \u0131\u015f\u0131k yans\u0131tma a\u00e7\u0131s\u0131 sayesinde b\u00fcy\u00fck alanlarda bile etkili bir atmosfer olu\u015fturur. Bluetooth hoparl\u00f6r \u00f6zelli\u011fi, ses ve \u0131\u015f\u0131\u011f\u0131 uyumlu hale getirerek misafirlerinize unutulmaz bir deneyim ya\u015fat\u0131r.<\/p>\n","protected":false},"excerpt":{"rendered":"<p>Bu masa\u00fcst\u00fc disko topu, yaln\u0131zca ev e\u011flenceleri i\u00e7in de\u011fil, d\u00fc\u011f\u00fcnler, barlar, kafeler, restoranlar ve kul\u00fcpler gibi profesyonel mekanlar i\u00e7in de uygundur. Geni\u015f \u0131\u015f\u0131k yans\u0131tma a\u00e7\u0131s\u0131 sayesinde b\u00fcy\u00fck alanlarda bile etkili bir atmosfer olu\u015fturur. Bluetooth hoparl\u00f6r \u00f6zelli\u011fi, ses ve \u0131\u015f\u0131\u011f\u0131 uyumlu hale getirerek misafirlerinize unutulmaz bir deneyim ya\u015fat\u0131r.<\/p>\n","protected":false},"featured_media":116297,"comment_status":"open","ping_status":"closed","template":"","meta":{"_kad_post_transparent":"","_kad_post_title":"","_kad_post_layout":"","_kad_post_sidebar_id":"","_kad_post_content_style":"","_kad_post_vertical_padding":"","_kad_post_feature":"","_kad_post_feature_position":"","_kad_post_header":false,"_kad_post_footer":false,"_kad_post_classname":""},"product_brand":[],"product_cat":[14929],"product_tag":[],"class_list":{"0":"post-116298","1":"product","2":"type-product","3":"status-publish","4":"has-post-thumbnail","6":"product_cat-muzik-sistemi-muzik-sistemi","8":"first","9":"instock","10":"purchasable","11":"product-type-simple","12":"entry","13":"content-bg","14":"loop-entry"},"_links":{"self":[{"href":"https:\/\/www.hediyepazar.com\/index.php?rest_route=\/wp\/v2\/product\/116298","targetHints":{"allow":["GET"]}}],"collection":[{"href":"https:\/\/www.hediyepazar.com\/index.php?rest_route=\/wp\/v2\/product"}],"about":[{"href":"https:\/\/www.hediyepazar.com\/index.php?rest_route=\/wp\/v2\/types\/product"}],"replies":[{"embeddable":true,"href":"https:\/\/www.hediyepazar.com\/index.php?rest_route=%2Fwp%2Fv2%2Fcomments&post=116298"}],"wp:featuredmedia":[{"embeddable":true,"href":"https:\/\/www.hediyepazar.com\/index.php?rest_route=\/wp\/v2\/media\/116297"}],"wp:attachment":[{"href":"https:\/\/www.hediyepazar.com\/index.php?rest_route=%2Fwp%2Fv2%2Fmedia&parent=116298"}],"wp:term":[{"taxonomy":"product_brand","embeddable":true,"href":"https:\/\/www.hediyepazar.com\/index.php?rest_route=%2Fwp%2Fv2%2Fproduct_brand&post=116298"},{"taxonomy":"product_cat","embeddable":true,"href":"https:\/\/www.hediyepazar.com\/index.php?rest_route=%2Fwp%2Fv2%2Fproduct_cat&post=116298"},{"taxonomy":"product_tag","embeddable":true,"href":"https:\/\/www.hediyepazar.com\/index.php?rest_route=%2Fwp%2Fv2%2Fproduct_tag&post=116298"}],"curies":[{"name":"wp","href":"https:\/\/api.w.org\/{rel}","templated":true}]}}