{"id":116302,"date":"2026-05-05T16:49:44","date_gmt":"2026-05-05T19:49:44","guid":{"rendered":"https:\/\/www.hediyepazar.com\/?product=cok-renkli-led-masaustu-disko-topu-parti-aydinlatma-cihazi"},"modified":"2026-05-05T16:49:44","modified_gmt":"2026-05-05T19:49:44","slug":"cok-renkli-led-masaustu-disko-topu-parti-aydinlatma-cihazi","status":"publish","type":"product","link":"https:\/\/www.hediyepazar.com\/?product=cok-renkli-led-masaustu-disko-topu-parti-aydinlatma-cihazi","title":{"rendered":"\u00c7ok Renkli LED Masa\u00fcst\u00fc Disko Topu Parti Ayd\u0131nlatma Cihaz\u0131"},"content":{"rendered":"<p>K\u00fc\u00e7\u00fck boyutuna ra\u011fmen g\u00fc\u00e7l\u00fc \u0131\u015f\u0131k yayma kapasitesine sahip bu RGB LED disko topu, 7 farkl\u0131 renk modu ve \u00e7ok say\u0131da desen se\u00e7ene\u011fiyle bulundu\u011fu ortama enerji katar. Kullan\u0131m\u0131 son derece basittir; tak \u00e7al\u0131\u015ft\u0131r sistemiyle h\u0131zl\u0131ca devreye girer. Bluetooth ba\u011flant\u0131s\u0131 ve uzaktan kumanda kontrol\u00fc, kullan\u0131m kolayl\u0131\u011f\u0131 sa\u011flar. \u0130ster evde arkada\u015f toplant\u0131lar\u0131nda, ister profesyonel organizasyonlarda rahatl\u0131kla tercih edebilirsiniz.<\/p>\n","protected":false},"excerpt":{"rendered":"<p>K\u00fc\u00e7\u00fck boyutuna ra\u011fmen g\u00fc\u00e7l\u00fc \u0131\u015f\u0131k yayma kapasitesine sahip bu RGB LED disko topu, 7 farkl\u0131 renk modu ve \u00e7ok say\u0131da desen se\u00e7ene\u011fiyle bulundu\u011fu ortama enerji katar. Kullan\u0131m\u0131 son derece basittir; tak \u00e7al\u0131\u015ft\u0131r sistemiyle h\u0131zl\u0131ca devreye girer. Bluetooth ba\u011flant\u0131s\u0131 ve uzaktan kumanda kontrol\u00fc, kullan\u0131m kolayl\u0131\u011f\u0131 sa\u011flar. \u0130ster evde arkada\u015f toplant\u0131lar\u0131nda, ister profesyonel organizasyonlarda rahatl\u0131kla tercih edebilirsiniz.<\/p>\n","protected":false},"featured_media":116301,"comment_status":"open","ping_status":"closed","template":"","meta":{"_kad_post_transparent":"","_kad_post_title":"","_kad_post_layout":"","_kad_post_sidebar_id":"","_kad_post_content_style":"","_kad_post_vertical_padding":"","_kad_post_feature":"","_kad_post_feature_position":"","_kad_post_header":false,"_kad_post_footer":false,"_kad_post_classname":""},"product_brand":[],"product_cat":[14929],"product_tag":[],"class_list":{"0":"post-116302","1":"product","2":"type-product","3":"status-publish","4":"has-post-thumbnail","6":"product_cat-muzik-sistemi-muzik-sistemi","8":"first","9":"instock","10":"purchasable","11":"product-type-simple","12":"entry","13":"content-bg","14":"loop-entry"},"_links":{"self":[{"href":"https:\/\/www.hediyepazar.com\/index.php?rest_route=\/wp\/v2\/product\/116302","targetHints":{"allow":["GET"]}}],"collection":[{"href":"https:\/\/www.hediyepazar.com\/index.php?rest_route=\/wp\/v2\/product"}],"about":[{"href":"https:\/\/www.hediyepazar.com\/index.php?rest_route=\/wp\/v2\/types\/product"}],"replies":[{"embeddable":true,"href":"https:\/\/www.hediyepazar.com\/index.php?rest_route=%2Fwp%2Fv2%2Fcomments&post=116302"}],"wp:featuredmedia":[{"embeddable":true,"href":"https:\/\/www.hediyepazar.com\/index.php?rest_route=\/wp\/v2\/media\/116301"}],"wp:attachment":[{"href":"https:\/\/www.hediyepazar.com\/index.php?rest_route=%2Fwp%2Fv2%2Fmedia&parent=116302"}],"wp:term":[{"taxonomy":"product_brand","embeddable":true,"href":"https:\/\/www.hediyepazar.com\/index.php?rest_route=%2Fwp%2Fv2%2Fproduct_brand&post=116302"},{"taxonomy":"product_cat","embeddable":true,"href":"https:\/\/www.hediyepazar.com\/index.php?rest_route=%2Fwp%2Fv2%2Fproduct_cat&post=116302"},{"taxonomy":"product_tag","embeddable":true,"href":"https:\/\/www.hediyepazar.com\/index.php?rest_route=%2Fwp%2Fv2%2Fproduct_tag&post=116302"}],"curies":[{"name":"wp","href":"https:\/\/api.w.org\/{rel}","templated":true}]}}