{"id":116304,"date":"2026-05-05T16:50:56","date_gmt":"2026-05-05T19:50:56","guid":{"rendered":"https:\/\/www.hediyepazar.com\/?product=tasinabilir-bluetooth-disko-topu-uzaktan-kumandali-isik-efektleri"},"modified":"2026-05-05T16:50:56","modified_gmt":"2026-05-05T19:50:56","slug":"tasinabilir-bluetooth-disko-topu-uzaktan-kumandali-isik-efektleri","status":"publish","type":"product","link":"https:\/\/www.hediyepazar.com\/?product=tasinabilir-bluetooth-disko-topu-uzaktan-kumandali-isik-efektleri","title":{"rendered":"Ta\u015f\u0131nabilir Bluetooth Disko Topu Uzaktan Kumandal\u0131 I\u015f\u0131k Efektleri"},"content":{"rendered":"<p>Bu masa\u00fcst\u00fc disko topu, yaln\u0131zca g\u00f6z al\u0131c\u0131 \u0131\u015f\u0131k efektleri de\u011fil ayn\u0131 zamanda kablosuz Bluetooth hoparl\u00f6r \u00f6zelli\u011fiyle de \u00f6ne \u00e7\u0131k\u0131yor. Telefon, tablet veya bilgisayar\u0131n\u0131zdan m\u00fcziklerinizi kolayca ba\u011flayabilir, \u0131\u015f\u0131klar\u0131n ritme uyumlu \u015fekilde dans etmesini sa\u011flayabilirsiniz. Uzaktan kumandas\u0131yla \u0131\u015f\u0131k modlar\u0131n\u0131, renk ge\u00e7i\u015flerini ve parlakl\u0131\u011f\u0131 kolayca ayarlayabilir, parti ortam\u0131n\u0131z\u0131 tamamen ki\u015fiselle\u015ftirebilirsiniz. Kompakt tasar\u0131m\u0131 sayesinde her yere ta\u015f\u0131yabilir, ev partilerinden a\u00e7\u0131k hava etkinliklerine kadar her ortamda kullanabilirsiniz.<\/p>\n","protected":false},"excerpt":{"rendered":"<p>Bu masa\u00fcst\u00fc disko topu, yaln\u0131zca g\u00f6z al\u0131c\u0131 \u0131\u015f\u0131k efektleri de\u011fil ayn\u0131 zamanda kablosuz Bluetooth hoparl\u00f6r \u00f6zelli\u011fiyle de \u00f6ne \u00e7\u0131k\u0131yor. Telefon, tablet veya bilgisayar\u0131n\u0131zdan m\u00fcziklerinizi kolayca ba\u011flayabilir, \u0131\u015f\u0131klar\u0131n ritme uyumlu \u015fekilde dans etmesini sa\u011flayabilirsiniz. Uzaktan kumandas\u0131yla \u0131\u015f\u0131k modlar\u0131n\u0131, renk ge\u00e7i\u015flerini ve parlakl\u0131\u011f\u0131 kolayca ayarlayabilir, parti ortam\u0131n\u0131z\u0131 tamamen ki\u015fiselle\u015ftirebilirsiniz. Kompakt tasar\u0131m\u0131 sayesinde her yere ta\u015f\u0131yabilir, ev partilerinden&#8230;<\/p>\n","protected":false},"featured_media":116303,"comment_status":"open","ping_status":"closed","template":"","meta":{"_kad_post_transparent":"","_kad_post_title":"","_kad_post_layout":"","_kad_post_sidebar_id":"","_kad_post_content_style":"","_kad_post_vertical_padding":"","_kad_post_feature":"","_kad_post_feature_position":"","_kad_post_header":false,"_kad_post_footer":false,"_kad_post_classname":""},"product_brand":[],"product_cat":[14929],"product_tag":[],"class_list":{"0":"post-116304","1":"product","2":"type-product","3":"status-publish","4":"has-post-thumbnail","6":"product_cat-muzik-sistemi-muzik-sistemi","8":"first","9":"instock","10":"purchasable","11":"product-type-simple","12":"entry","13":"content-bg","14":"loop-entry"},"_links":{"self":[{"href":"https:\/\/www.hediyepazar.com\/index.php?rest_route=\/wp\/v2\/product\/116304","targetHints":{"allow":["GET"]}}],"collection":[{"href":"https:\/\/www.hediyepazar.com\/index.php?rest_route=\/wp\/v2\/product"}],"about":[{"href":"https:\/\/www.hediyepazar.com\/index.php?rest_route=\/wp\/v2\/types\/product"}],"replies":[{"embeddable":true,"href":"https:\/\/www.hediyepazar.com\/index.php?rest_route=%2Fwp%2Fv2%2Fcomments&post=116304"}],"wp:featuredmedia":[{"embeddable":true,"href":"https:\/\/www.hediyepazar.com\/index.php?rest_route=\/wp\/v2\/media\/116303"}],"wp:attachment":[{"href":"https:\/\/www.hediyepazar.com\/index.php?rest_route=%2Fwp%2Fv2%2Fmedia&parent=116304"}],"wp:term":[{"taxonomy":"product_brand","embeddable":true,"href":"https:\/\/www.hediyepazar.com\/index.php?rest_route=%2Fwp%2Fv2%2Fproduct_brand&post=116304"},{"taxonomy":"product_cat","embeddable":true,"href":"https:\/\/www.hediyepazar.com\/index.php?rest_route=%2Fwp%2Fv2%2Fproduct_cat&post=116304"},{"taxonomy":"product_tag","embeddable":true,"href":"https:\/\/www.hediyepazar.com\/index.php?rest_route=%2Fwp%2Fv2%2Fproduct_tag&post=116304"}],"curies":[{"name":"wp","href":"https:\/\/api.w.org\/{rel}","templated":true}]}}