{"id":116306,"date":"2026-05-05T16:51:01","date_gmt":"2026-05-05T19:51:01","guid":{"rendered":"https:\/\/www.hediyepazar.com\/?product=bluetooth-baglantili-renkli-masaustu-disko-topu-isik-gosterisi"},"modified":"2026-05-05T16:51:01","modified_gmt":"2026-05-05T19:51:01","slug":"bluetooth-baglantili-renkli-masaustu-disko-topu-isik-gosterisi","status":"publish","type":"product","link":"https:\/\/www.hediyepazar.com\/?product=bluetooth-baglantili-renkli-masaustu-disko-topu-isik-gosterisi","title":{"rendered":"Bluetooth Ba\u011flant\u0131l\u0131 Renkli Masa\u00fcst\u00fc Disko Topu I\u015f\u0131k G\u00f6sterisi"},"content":{"rendered":"<p>Bluetooth ba\u011flant\u0131l\u0131 masa\u00fcst\u00fc disko topu, g\u00fc\u00e7l\u00fc LED \u0131\u015f\u0131k teknolojisiyle bulundu\u011funuz ortam\u0131 saniyeler i\u00e7inde parti havas\u0131na sokar. RGB renk se\u00e7enekleri ve farkl\u0131 efekt modlar\u0131yla tavana ve duvarlara yans\u0131yan \u0131\u015f\u0131klar, davetlerinizin vazge\u00e7ilmez atmosferini yarat\u0131r. Bluetooth \u00f6zelli\u011fi sayesinde favori m\u00fcziklerinizi cihazdan do\u011frudan \u00e7alabilir, uzaktan kumanda ile \u0131\u015f\u0131k h\u0131z\u0131n\u0131, desenini ve modlar\u0131n\u0131 kolayca de\u011fi\u015ftirebilirsiniz. Hafif ve ta\u015f\u0131nabilir yap\u0131s\u0131yla evinizde, bah\u00e7enizde, d\u00fc\u011f\u00fcnlerde, barlarda veya \u00f6zel etkinliklerde rahatl\u0131kla kullan\u0131labilir. Enerji tasarruflu LED\u2019leri sayesinde uzun s\u00fcreli kullan\u0131mda bile performans\u0131n\u0131 korur.<\/p>\n","protected":false},"excerpt":{"rendered":"<p>Bluetooth ba\u011flant\u0131l\u0131 masa\u00fcst\u00fc disko topu, g\u00fc\u00e7l\u00fc LED \u0131\u015f\u0131k teknolojisiyle bulundu\u011funuz ortam\u0131 saniyeler i\u00e7inde parti havas\u0131na sokar. RGB renk se\u00e7enekleri ve farkl\u0131 efekt modlar\u0131yla tavana ve duvarlara yans\u0131yan \u0131\u015f\u0131klar, davetlerinizin vazge\u00e7ilmez atmosferini yarat\u0131r. Bluetooth \u00f6zelli\u011fi sayesinde favori m\u00fcziklerinizi cihazdan do\u011frudan \u00e7alabilir, uzaktan kumanda ile \u0131\u015f\u0131k h\u0131z\u0131n\u0131, desenini ve modlar\u0131n\u0131 kolayca de\u011fi\u015ftirebilirsiniz. Hafif ve ta\u015f\u0131nabilir yap\u0131s\u0131yla evinizde,&#8230;<\/p>\n","protected":false},"featured_media":116305,"comment_status":"open","ping_status":"closed","template":"","meta":{"_kad_post_transparent":"","_kad_post_title":"","_kad_post_layout":"","_kad_post_sidebar_id":"","_kad_post_content_style":"","_kad_post_vertical_padding":"","_kad_post_feature":"","_kad_post_feature_position":"","_kad_post_header":false,"_kad_post_footer":false,"_kad_post_classname":""},"product_brand":[],"product_cat":[14929],"product_tag":[],"class_list":{"0":"post-116306","1":"product","2":"type-product","3":"status-publish","4":"has-post-thumbnail","6":"product_cat-muzik-sistemi-muzik-sistemi","8":"first","9":"instock","10":"purchasable","11":"product-type-simple","12":"entry","13":"content-bg","14":"loop-entry"},"_links":{"self":[{"href":"https:\/\/www.hediyepazar.com\/index.php?rest_route=\/wp\/v2\/product\/116306","targetHints":{"allow":["GET"]}}],"collection":[{"href":"https:\/\/www.hediyepazar.com\/index.php?rest_route=\/wp\/v2\/product"}],"about":[{"href":"https:\/\/www.hediyepazar.com\/index.php?rest_route=\/wp\/v2\/types\/product"}],"replies":[{"embeddable":true,"href":"https:\/\/www.hediyepazar.com\/index.php?rest_route=%2Fwp%2Fv2%2Fcomments&post=116306"}],"wp:featuredmedia":[{"embeddable":true,"href":"https:\/\/www.hediyepazar.com\/index.php?rest_route=\/wp\/v2\/media\/116305"}],"wp:attachment":[{"href":"https:\/\/www.hediyepazar.com\/index.php?rest_route=%2Fwp%2Fv2%2Fmedia&parent=116306"}],"wp:term":[{"taxonomy":"product_brand","embeddable":true,"href":"https:\/\/www.hediyepazar.com\/index.php?rest_route=%2Fwp%2Fv2%2Fproduct_brand&post=116306"},{"taxonomy":"product_cat","embeddable":true,"href":"https:\/\/www.hediyepazar.com\/index.php?rest_route=%2Fwp%2Fv2%2Fproduct_cat&post=116306"},{"taxonomy":"product_tag","embeddable":true,"href":"https:\/\/www.hediyepazar.com\/index.php?rest_route=%2Fwp%2Fv2%2Fproduct_tag&post=116306"}],"curies":[{"name":"wp","href":"https:\/\/api.w.org\/{rel}","templated":true}]}}