{"id":116314,"date":"2026-05-05T16:52:57","date_gmt":"2026-05-05T19:52:57","guid":{"rendered":"https:\/\/www.hediyepazar.com\/?product=sensorlu-20-led-solar-duvar-lambasi-3-metre-algilama-mesafesi"},"modified":"2026-05-05T16:52:57","modified_gmt":"2026-05-05T19:52:57","slug":"sensorlu-20-led-solar-duvar-lambasi-3-metre-algilama-mesafesi","status":"publish","type":"product","link":"https:\/\/www.hediyepazar.com\/?product=sensorlu-20-led-solar-duvar-lambasi-3-metre-algilama-mesafesi","title":{"rendered":"Sens\u00f6rl\u00fc 20 LED Solar Duvar Lambas\u0131 3 Metre Alg\u0131lama Mesafesi"},"content":{"rendered":"<p>IP65 sertifikal\u0131 bu g\u00fcne\u015f enerjili 20 LED\u2019li lamba, ya\u011fmur, kar, r\u00fczgar ve toz gibi d\u0131\u015f etkenlere kar\u015f\u0131 y\u00fcksek dayan\u0131kl\u0131l\u0131k g\u00f6sterir. Bu \u00f6zelli\u011fi sayesinde bah\u00e7eler, verandalar, garaj giri\u015fleri, \u00e7iftlikler ve d\u0131\u015f cephelerde rahatl\u0131kla kullan\u0131labilir. PIR hareket sens\u00f6r\u00fc, 3 metreye kadar olan hareketleri alg\u0131lar ve otomatik olarak \u0131\u015f\u0131\u011f\u0131 a\u00e7ar. G\u00fcnd\u00fczleri g\u00fcne\u015f \u0131\u015f\u0131\u011f\u0131n\u0131 toplayan 5.5V 0.55W solar panel, 3.7V 1200mAh bataryay\u0131 \u015farj eder ve gece boyu ayd\u0131nlatma sa\u011flar. SMD LED teknolojisi sayesinde y\u00fcksek parlakl\u0131kta \u0131\u015f\u0131k verirken enerji verimlili\u011fini de korur. -5\u00b0C ile 60\u00b0C aras\u0131 s\u0131cakl\u0131klarda sorunsuz \u00e7al\u0131\u015f\u0131r. Kurulumu kolayd\u0131r; duvara vidalayarak k\u0131sa s\u00fcrede kullan\u0131ma haz\u0131r hale getirebilirsiniz. Elektrik ba\u011flant\u0131s\u0131na ihtiya\u00e7 duymadan, tamamen g\u00fcne\u015f enerjisiyle \u00e7al\u0131\u015f\u0131r.<\/p>\n","protected":false},"excerpt":{"rendered":"<p>IP65 sertifikal\u0131 bu g\u00fcne\u015f enerjili 20 LED\u2019li lamba, ya\u011fmur, kar, r\u00fczgar ve toz gibi d\u0131\u015f etkenlere kar\u015f\u0131 y\u00fcksek dayan\u0131kl\u0131l\u0131k g\u00f6sterir. Bu \u00f6zelli\u011fi sayesinde bah\u00e7eler, verandalar, garaj giri\u015fleri, \u00e7iftlikler ve d\u0131\u015f cephelerde rahatl\u0131kla kullan\u0131labilir. PIR hareket sens\u00f6r\u00fc, 3 metreye kadar olan hareketleri alg\u0131lar ve otomatik olarak \u0131\u015f\u0131\u011f\u0131 a\u00e7ar. G\u00fcnd\u00fczleri g\u00fcne\u015f \u0131\u015f\u0131\u011f\u0131n\u0131 toplayan 5.5V 0.55W solar panel,&#8230;<\/p>\n","protected":false},"featured_media":116313,"comment_status":"open","ping_status":"closed","template":"","meta":{"_kad_post_transparent":"","_kad_post_title":"","_kad_post_layout":"","_kad_post_sidebar_id":"","_kad_post_content_style":"","_kad_post_vertical_padding":"","_kad_post_feature":"","_kad_post_feature_position":"","_kad_post_header":false,"_kad_post_footer":false,"_kad_post_classname":""},"product_brand":[],"product_cat":[14946],"product_tag":[],"class_list":{"0":"post-116314","1":"product","2":"type-product","3":"status-publish","4":"has-post-thumbnail","6":"product_cat-bahce-aydinlatmasi-bahce-aydinlatmasi","8":"first","9":"instock","10":"purchasable","11":"product-type-simple","12":"entry","13":"content-bg","14":"loop-entry"},"_links":{"self":[{"href":"https:\/\/www.hediyepazar.com\/index.php?rest_route=\/wp\/v2\/product\/116314","targetHints":{"allow":["GET"]}}],"collection":[{"href":"https:\/\/www.hediyepazar.com\/index.php?rest_route=\/wp\/v2\/product"}],"about":[{"href":"https:\/\/www.hediyepazar.com\/index.php?rest_route=\/wp\/v2\/types\/product"}],"replies":[{"embeddable":true,"href":"https:\/\/www.hediyepazar.com\/index.php?rest_route=%2Fwp%2Fv2%2Fcomments&post=116314"}],"wp:featuredmedia":[{"embeddable":true,"href":"https:\/\/www.hediyepazar.com\/index.php?rest_route=\/wp\/v2\/media\/116313"}],"wp:attachment":[{"href":"https:\/\/www.hediyepazar.com\/index.php?rest_route=%2Fwp%2Fv2%2Fmedia&parent=116314"}],"wp:term":[{"taxonomy":"product_brand","embeddable":true,"href":"https:\/\/www.hediyepazar.com\/index.php?rest_route=%2Fwp%2Fv2%2Fproduct_brand&post=116314"},{"taxonomy":"product_cat","embeddable":true,"href":"https:\/\/www.hediyepazar.com\/index.php?rest_route=%2Fwp%2Fv2%2Fproduct_cat&post=116314"},{"taxonomy":"product_tag","embeddable":true,"href":"https:\/\/www.hediyepazar.com\/index.php?rest_route=%2Fwp%2Fv2%2Fproduct_tag&post=116314"}],"curies":[{"name":"wp","href":"https:\/\/api.w.org\/{rel}","templated":true}]}}