{"id":116318,"date":"2026-05-05T16:53:08","date_gmt":"2026-05-05T19:53:08","guid":{"rendered":"https:\/\/www.hediyepazar.com\/?product=20-led-gunes-enerjili-hareket-sensorlu-dis-mekan-duvar-lambasi"},"modified":"2026-05-05T16:53:08","modified_gmt":"2026-05-05T19:53:08","slug":"20-led-gunes-enerjili-hareket-sensorlu-dis-mekan-duvar-lambasi","status":"publish","type":"product","link":"https:\/\/www.hediyepazar.com\/?product=20-led-gunes-enerjili-hareket-sensorlu-dis-mekan-duvar-lambasi","title":{"rendered":"20 LED G\u00fcne\u015f Enerjili Hareket Sens\u00f6rl\u00fc D\u0131\u015f Mekan Duvar Lambas\u0131"},"content":{"rendered":"<p>G\u00fcne\u015f enerjisiyle \u00e7al\u0131\u015fan 20 LED\u2019li hareket sens\u00f6rl\u00fc lamba, elektrik masraflar\u0131n\u0131z\u0131 azalt\u0131rken \u00e7evreye duyarl\u0131 bir kullan\u0131m sunar. G\u00fcn boyunca g\u00fcne\u015f \u0131\u015f\u0131\u011f\u0131ndan \u015farj olan cihaz, geceleri otomatik olarak devreye girerek hem g\u00fcvenli hem de pratik bir ayd\u0131nlatma sa\u011flar. 5.5V 0.55W solar paneli sayesinde y\u00fcksek verimlilikte enerji d\u00f6n\u00fc\u015f\u00fcm\u00fc sunar. 3.7V 1200mAh lityum iyon batarya ile donat\u0131lan bu lamba, 8 saatlik \u015farj ile 4,5 saat kesintisiz kullan\u0131m sa\u011flar. PIR hareket sens\u00f6r\u00fc 3 metreye kadar alg\u0131lama mesafesi sunar ve bu sayede yaln\u0131zca gerekti\u011finde \u00e7al\u0131\u015farak enerji tasarrufu sa\u011flar. IP65 su ge\u00e7irmezlik standard\u0131 ile ya\u011fmur, kar ve toza kar\u015f\u0131 tam koruma sa\u011flar. Bah\u00e7eniz, veranda, garaj giri\u015fi veya koridor gibi bir\u00e7ok d\u0131\u015f mekanda kullan\u0131labilir. -5 ila 60 derece s\u0131cakl\u0131k aral\u0131\u011f\u0131nda sorunsuz \u00e7al\u0131\u015f\u0131r. SMD LED teknolojisi ile y\u00fcksek parlakl\u0131k sunar, karanl\u0131k alanlarda g\u00fcvenli\u011fi art\u0131r\u0131r. Montaj\u0131 son derece kolayd\u0131r; kablo gerektirmez ve istedi\u011finiz yere vidalayarak hemen kullanmaya ba\u015flayabilirsiniz.<\/p>\n","protected":false},"excerpt":{"rendered":"<p>G\u00fcne\u015f enerjisiyle \u00e7al\u0131\u015fan 20 LED\u2019li hareket sens\u00f6rl\u00fc lamba, elektrik masraflar\u0131n\u0131z\u0131 azalt\u0131rken \u00e7evreye duyarl\u0131 bir kullan\u0131m sunar. G\u00fcn boyunca g\u00fcne\u015f \u0131\u015f\u0131\u011f\u0131ndan \u015farj olan cihaz, geceleri otomatik olarak devreye girerek hem g\u00fcvenli hem de pratik bir ayd\u0131nlatma sa\u011flar. 5.5V 0.55W solar paneli sayesinde y\u00fcksek verimlilikte enerji d\u00f6n\u00fc\u015f\u00fcm\u00fc sunar. 3.7V 1200mAh lityum iyon batarya ile donat\u0131lan bu lamba,&#8230;<\/p>\n","protected":false},"featured_media":116317,"comment_status":"open","ping_status":"closed","template":"","meta":{"_kad_post_transparent":"","_kad_post_title":"","_kad_post_layout":"","_kad_post_sidebar_id":"","_kad_post_content_style":"","_kad_post_vertical_padding":"","_kad_post_feature":"","_kad_post_feature_position":"","_kad_post_header":false,"_kad_post_footer":false,"_kad_post_classname":""},"product_brand":[],"product_cat":[14946],"product_tag":[],"class_list":{"0":"post-116318","1":"product","2":"type-product","3":"status-publish","4":"has-post-thumbnail","6":"product_cat-bahce-aydinlatmasi-bahce-aydinlatmasi","8":"first","9":"instock","10":"purchasable","11":"product-type-simple","12":"entry","13":"content-bg","14":"loop-entry"},"_links":{"self":[{"href":"https:\/\/www.hediyepazar.com\/index.php?rest_route=\/wp\/v2\/product\/116318","targetHints":{"allow":["GET"]}}],"collection":[{"href":"https:\/\/www.hediyepazar.com\/index.php?rest_route=\/wp\/v2\/product"}],"about":[{"href":"https:\/\/www.hediyepazar.com\/index.php?rest_route=\/wp\/v2\/types\/product"}],"replies":[{"embeddable":true,"href":"https:\/\/www.hediyepazar.com\/index.php?rest_route=%2Fwp%2Fv2%2Fcomments&post=116318"}],"wp:featuredmedia":[{"embeddable":true,"href":"https:\/\/www.hediyepazar.com\/index.php?rest_route=\/wp\/v2\/media\/116317"}],"wp:attachment":[{"href":"https:\/\/www.hediyepazar.com\/index.php?rest_route=%2Fwp%2Fv2%2Fmedia&parent=116318"}],"wp:term":[{"taxonomy":"product_brand","embeddable":true,"href":"https:\/\/www.hediyepazar.com\/index.php?rest_route=%2Fwp%2Fv2%2Fproduct_brand&post=116318"},{"taxonomy":"product_cat","embeddable":true,"href":"https:\/\/www.hediyepazar.com\/index.php?rest_route=%2Fwp%2Fv2%2Fproduct_cat&post=116318"},{"taxonomy":"product_tag","embeddable":true,"href":"https:\/\/www.hediyepazar.com\/index.php?rest_route=%2Fwp%2Fv2%2Fproduct_tag&post=116318"}],"curies":[{"name":"wp","href":"https:\/\/api.w.org\/{rel}","templated":true}]}}