{"id":116322,"date":"2026-05-05T16:53:20","date_gmt":"2026-05-05T19:53:20","guid":{"rendered":"https:\/\/www.hediyepazar.com\/?product=uzun-pil-omurlu-e10-powerbank-bluetooth-kulaklik-led-gosterge"},"modified":"2026-05-05T16:53:20","modified_gmt":"2026-05-05T19:53:20","slug":"uzun-pil-omurlu-e10-powerbank-bluetooth-kulaklik-led-gosterge","status":"publish","type":"product","link":"https:\/\/www.hediyepazar.com\/?product=uzun-pil-omurlu-e10-powerbank-bluetooth-kulaklik-led-gosterge","title":{"rendered":"Uzun Pil \u00d6m\u00fcrl\u00fc E10 Powerbank Bluetooth Kulakl\u0131k LED G\u00f6sterge"},"content":{"rendered":"<p>E10 Powerbankl\u0131 Bluetooth 5.1 kulakl\u0131k, y\u00fcksek teknoloji ile donat\u0131lm\u0131\u015f olup oyun, m\u00fczik ve spor kullan\u0131m\u0131nda \u00fcst\u00fcn performans sa\u011flar. Gecikmesiz ses iletimi, \u00f6zellikle FPS ve MOBA t\u00fcr\u00fc oyunlarda oyunculara b\u00fcy\u00fck avantaj sunar. M\u00fczik dinlerken ise g\u00fc\u00e7l\u00fc baslar ve net tizler ile dolu bir deneyim ya\u015fars\u0131n\u0131z.Ergonomik yap\u0131s\u0131 sayesinde kula\u011f\u0131n\u0131zda rahat\u00e7a durur ve uzun kullan\u0131mlarda rahats\u0131z etmez. Spor yaparken bile g\u00fcvenli kullan\u0131m sa\u011flar. G\u00fcr\u00fclt\u00fc engelleme \u00f6zelli\u011fi ile d\u0131\u015f ortam seslerini minimuma indirir.\u015earj kutusu ayn\u0131 zamanda powerbank olarak kullan\u0131labilir. LED ekran g\u00f6stergesi sayesinde \u015farj durumunu kolayca kontrol edebilirsiniz. Tek \u015farjla 4-5 saat, kutusuyla ise g\u00fcn boyu kullan\u0131m imkan\u0131 sunar.Su ge\u00e7irmez yap\u0131s\u0131, ya\u011fmurda veya terleme durumunda g\u00fcvenle kullan\u0131m sa\u011flar. IOS ve Android uyumlu yap\u0131s\u0131 ile evrensel kullan\u0131m imkan\u0131 sunar. LED \u0131\u015f\u0131k efektleri hem \u015f\u0131kl\u0131k hem de modern bir g\u00f6r\u00fcn\u00fcm katar.<\/p>\n","protected":false},"excerpt":{"rendered":"<p>E10 Powerbankl\u0131 Bluetooth 5.1 kulakl\u0131k, y\u00fcksek teknoloji ile donat\u0131lm\u0131\u015f olup oyun, m\u00fczik ve spor kullan\u0131m\u0131nda \u00fcst\u00fcn performans sa\u011flar. Gecikmesiz ses iletimi, \u00f6zellikle FPS ve MOBA t\u00fcr\u00fc oyunlarda oyunculara b\u00fcy\u00fck avantaj sunar. M\u00fczik dinlerken ise g\u00fc\u00e7l\u00fc baslar ve net tizler ile dolu bir deneyim ya\u015fars\u0131n\u0131z.Ergonomik yap\u0131s\u0131 sayesinde kula\u011f\u0131n\u0131zda rahat\u00e7a durur ve uzun kullan\u0131mlarda rahats\u0131z etmez. Spor&#8230;<\/p>\n","protected":false},"featured_media":116321,"comment_status":"open","ping_status":"closed","template":"","meta":{"_kad_post_transparent":"","_kad_post_title":"","_kad_post_layout":"","_kad_post_sidebar_id":"","_kad_post_content_style":"","_kad_post_vertical_padding":"","_kad_post_feature":"","_kad_post_feature_position":"","_kad_post_header":false,"_kad_post_footer":false,"_kad_post_classname":""},"product_brand":[],"product_cat":[14957],"product_tag":[],"class_list":{"0":"post-116322","1":"product","2":"type-product","3":"status-publish","4":"has-post-thumbnail","6":"product_cat-kablosuz-kulaklik-kablosuz-kulaklik","8":"first","9":"instock","10":"purchasable","11":"product-type-simple","12":"entry","13":"content-bg","14":"loop-entry"},"_links":{"self":[{"href":"https:\/\/www.hediyepazar.com\/index.php?rest_route=\/wp\/v2\/product\/116322","targetHints":{"allow":["GET"]}}],"collection":[{"href":"https:\/\/www.hediyepazar.com\/index.php?rest_route=\/wp\/v2\/product"}],"about":[{"href":"https:\/\/www.hediyepazar.com\/index.php?rest_route=\/wp\/v2\/types\/product"}],"replies":[{"embeddable":true,"href":"https:\/\/www.hediyepazar.com\/index.php?rest_route=%2Fwp%2Fv2%2Fcomments&post=116322"}],"wp:featuredmedia":[{"embeddable":true,"href":"https:\/\/www.hediyepazar.com\/index.php?rest_route=\/wp\/v2\/media\/116321"}],"wp:attachment":[{"href":"https:\/\/www.hediyepazar.com\/index.php?rest_route=%2Fwp%2Fv2%2Fmedia&parent=116322"}],"wp:term":[{"taxonomy":"product_brand","embeddable":true,"href":"https:\/\/www.hediyepazar.com\/index.php?rest_route=%2Fwp%2Fv2%2Fproduct_brand&post=116322"},{"taxonomy":"product_cat","embeddable":true,"href":"https:\/\/www.hediyepazar.com\/index.php?rest_route=%2Fwp%2Fv2%2Fproduct_cat&post=116322"},{"taxonomy":"product_tag","embeddable":true,"href":"https:\/\/www.hediyepazar.com\/index.php?rest_route=%2Fwp%2Fv2%2Fproduct_tag&post=116322"}],"curies":[{"name":"wp","href":"https:\/\/api.w.org\/{rel}","templated":true}]}}