{"id":116326,"date":"2026-05-05T16:54:13","date_gmt":"2026-05-05T19:54:13","guid":{"rendered":"https:\/\/www.hediyepazar.com\/?product=oyun-modlu-e10-bluetooth-kulaklik-powerbank-ve-led-ekranli"},"modified":"2026-05-05T16:54:13","modified_gmt":"2026-05-05T19:54:13","slug":"oyun-modlu-e10-bluetooth-kulaklik-powerbank-ve-led-ekranli","status":"publish","type":"product","link":"https:\/\/www.hediyepazar.com\/?product=oyun-modlu-e10-bluetooth-kulaklik-powerbank-ve-led-ekranli","title":{"rendered":"Oyun Modlu E10 Bluetooth Kulakl\u0131k Powerbank ve LED Ekranl\u0131"},"content":{"rendered":"<p>E10 Powerbankl\u0131 Bluetooth kulakl\u0131k, \u00fcst\u00fcn ses kalitesi ve \u00e7ok y\u00f6nl\u00fc \u00f6zellikleriyle g\u00fcnl\u00fck hayat\u0131n\u0131z\u0131n vazge\u00e7ilmez bir par\u00e7as\u0131 olacak. Bluetooth 5.1 ba\u011flant\u0131s\u0131, h\u0131zl\u0131 ve kesintisiz bir deneyim sunar. \u00d6zellikle oyunlarda ses gecikmesini ortadan kald\u0131rarak an\u0131nda tepki verme imkan\u0131 tan\u0131r. 3D stereo ses teknolojisi, hem m\u00fczik hem de oyunlarda sizi adeta olaylar\u0131n i\u00e7ine \u00e7eker.Ergonomik yap\u0131s\u0131 ve hafif tasar\u0131m\u0131 sayesinde uzun s\u00fcreli kullan\u0131mlarda bile rahatl\u0131k sa\u011flar. Silikon kulak u\u00e7lar\u0131, d\u0131\u015f g\u00fcr\u00fclt\u00fcy\u00fc engelleyerek odaklanman\u0131z\u0131 kolayla\u015ft\u0131r\u0131r. Spor yaparken, y\u00fcr\u00fcrken veya seyahatlerde g\u00fcvenle kullanabilirsiniz.Powerbank \u00f6zelli\u011fi ile \u015farj bitme endi\u015feniz ortadan kalkar. LED ekran, kulakl\u0131k ve \u015farj kutusunun pil seviyesini g\u00f6sterir. Tek \u015farjla 4-5 saat kesintisiz m\u00fczik veya oyun deneyimi sunar. Kutusu ile defalarca \u015farj edebilir, ayr\u0131ca telefonunuzu da acil durumlarda \u015farj edebilirsiniz.Suya dayan\u0131kl\u0131l\u0131k \u00f6zelli\u011fi, her ko\u015fulda kullan\u0131m\u0131 m\u00fcmk\u00fcn k\u0131lar. LED \u0131\u015f\u0131k detaylar\u0131 ise modern ve \u015f\u0131k bir g\u00f6r\u00fcn\u00fcm sunar. IOS ve Android uyumlu yap\u0131s\u0131 ile evrensel kullan\u0131m imkan\u0131 tan\u0131r. E10, hem teknoloji severler hem de spor ve oyun tutkunlar\u0131 i\u00e7in ideal bir se\u00e7imdir.<\/p>\n","protected":false},"excerpt":{"rendered":"<p>E10 Powerbankl\u0131 Bluetooth kulakl\u0131k, \u00fcst\u00fcn ses kalitesi ve \u00e7ok y\u00f6nl\u00fc \u00f6zellikleriyle g\u00fcnl\u00fck hayat\u0131n\u0131z\u0131n vazge\u00e7ilmez bir par\u00e7as\u0131 olacak. Bluetooth 5.1 ba\u011flant\u0131s\u0131, h\u0131zl\u0131 ve kesintisiz bir deneyim sunar. \u00d6zellikle oyunlarda ses gecikmesini ortadan kald\u0131rarak an\u0131nda tepki verme imkan\u0131 tan\u0131r. 3D stereo ses teknolojisi, hem m\u00fczik hem de oyunlarda sizi adeta olaylar\u0131n i\u00e7ine \u00e7eker.Ergonomik yap\u0131s\u0131 ve hafif tasar\u0131m\u0131&#8230;<\/p>\n","protected":false},"featured_media":116325,"comment_status":"open","ping_status":"closed","template":"","meta":{"_kad_post_transparent":"","_kad_post_title":"","_kad_post_layout":"","_kad_post_sidebar_id":"","_kad_post_content_style":"","_kad_post_vertical_padding":"","_kad_post_feature":"","_kad_post_feature_position":"","_kad_post_header":false,"_kad_post_footer":false,"_kad_post_classname":""},"product_brand":[],"product_cat":[14957],"product_tag":[],"class_list":{"0":"post-116326","1":"product","2":"type-product","3":"status-publish","4":"has-post-thumbnail","6":"product_cat-kablosuz-kulaklik-kablosuz-kulaklik","8":"first","9":"instock","10":"purchasable","11":"product-type-simple","12":"entry","13":"content-bg","14":"loop-entry"},"_links":{"self":[{"href":"https:\/\/www.hediyepazar.com\/index.php?rest_route=\/wp\/v2\/product\/116326","targetHints":{"allow":["GET"]}}],"collection":[{"href":"https:\/\/www.hediyepazar.com\/index.php?rest_route=\/wp\/v2\/product"}],"about":[{"href":"https:\/\/www.hediyepazar.com\/index.php?rest_route=\/wp\/v2\/types\/product"}],"replies":[{"embeddable":true,"href":"https:\/\/www.hediyepazar.com\/index.php?rest_route=%2Fwp%2Fv2%2Fcomments&post=116326"}],"wp:featuredmedia":[{"embeddable":true,"href":"https:\/\/www.hediyepazar.com\/index.php?rest_route=\/wp\/v2\/media\/116325"}],"wp:attachment":[{"href":"https:\/\/www.hediyepazar.com\/index.php?rest_route=%2Fwp%2Fv2%2Fmedia&parent=116326"}],"wp:term":[{"taxonomy":"product_brand","embeddable":true,"href":"https:\/\/www.hediyepazar.com\/index.php?rest_route=%2Fwp%2Fv2%2Fproduct_brand&post=116326"},{"taxonomy":"product_cat","embeddable":true,"href":"https:\/\/www.hediyepazar.com\/index.php?rest_route=%2Fwp%2Fv2%2Fproduct_cat&post=116326"},{"taxonomy":"product_tag","embeddable":true,"href":"https:\/\/www.hediyepazar.com\/index.php?rest_route=%2Fwp%2Fv2%2Fproduct_tag&post=116326"}],"curies":[{"name":"wp","href":"https:\/\/api.w.org\/{rel}","templated":true}]}}