{"id":116350,"date":"2026-05-05T16:58:24","date_gmt":"2026-05-05T19:58:24","guid":{"rendered":"https:\/\/www.hediyepazar.com\/?product=fineblue-f910-kablosuz-kulaklik-cift-telefon-eslesme-ozelligi"},"modified":"2026-05-05T16:58:24","modified_gmt":"2026-05-05T19:58:24","slug":"fineblue-f910-kablosuz-kulaklik-cift-telefon-eslesme-ozelligi","status":"publish","type":"product","link":"https:\/\/www.hediyepazar.com\/?product=fineblue-f910-kablosuz-kulaklik-cift-telefon-eslesme-ozelligi","title":{"rendered":"Fineblue F910 Kablosuz Kulakl\u0131k \u00c7ift Telefon E\u015fle\u015fme \u00d6zelli\u011fi"},"content":{"rendered":"<p>Fineblue F910, modern kullan\u0131c\u0131lar\u0131n g\u00fcnl\u00fck ileti\u015fim ve e\u011flence ihtiya\u00e7lar\u0131na y\u00f6nelik tasarlanm\u0131\u015ft\u0131r. Silikon kulak kapaklar\u0131 sayesinde saatlerce rahats\u0131zl\u0131k hissetmeden kullanabilece\u011finiz bu kulakl\u0131k, geli\u015fmi\u015f g\u00fcr\u00fclt\u00fc azaltma teknolojisi ile hem aramalarda hem m\u00fczikte y\u00fcksek netlik sa\u011flar. ABS ve silikon yap\u0131s\u0131 dayan\u0131kl\u0131l\u0131k sunarken hafifli\u011fi ile ta\u015f\u0131nabilirli\u011fi kolayla\u015ft\u0131r\u0131r. Titre\u015fimli uyar\u0131 sistemi sayesinde telefonunuza bakman\u0131za gerek kalmadan gelen aramalar\u0131 fark edebilirsiniz. Klipsli tasar\u0131m\u0131yla k\u0131yafetinizde sabitlenir, kaybolma \u00f6nleyici titre\u015fim \u00f6zelli\u011fi ile g\u00fcvenli kullan\u0131m sa\u011flar. 2 saatlik k\u0131sa \u015farj s\u00fcresiyle 8 saat konu\u015fma, 6 saat m\u00fczik dinleme ve 150 saat bekleme s\u00fcresi sunar. 10 metre \u00e7ekim mesafesi ile \u00f6zg\u00fcrce hareket edebilir, ayn\u0131 anda iki telefon ile e\u015fle\u015ferek ki\u015fisel ve i\u015f hatlar\u0131n\u0131z\u0131 kolayca y\u00f6netebilirsiniz. Hem i\u015f hem g\u00fcnl\u00fck kullan\u0131mda ideal olan Fineblue F910, \u015f\u0131kl\u0131\u011f\u0131 ve i\u015flevselli\u011fi bir araya getirir.<\/p>\n","protected":false},"excerpt":{"rendered":"<p>Fineblue F910, modern kullan\u0131c\u0131lar\u0131n g\u00fcnl\u00fck ileti\u015fim ve e\u011flence ihtiya\u00e7lar\u0131na y\u00f6nelik tasarlanm\u0131\u015ft\u0131r. Silikon kulak kapaklar\u0131 sayesinde saatlerce rahats\u0131zl\u0131k hissetmeden kullanabilece\u011finiz bu kulakl\u0131k, geli\u015fmi\u015f g\u00fcr\u00fclt\u00fc azaltma teknolojisi ile hem aramalarda hem m\u00fczikte y\u00fcksek netlik sa\u011flar. ABS ve silikon yap\u0131s\u0131 dayan\u0131kl\u0131l\u0131k sunarken hafifli\u011fi ile ta\u015f\u0131nabilirli\u011fi kolayla\u015ft\u0131r\u0131r. Titre\u015fimli uyar\u0131 sistemi sayesinde telefonunuza bakman\u0131za gerek kalmadan gelen aramalar\u0131 fark edebilirsiniz&#8230;.<\/p>\n","protected":false},"featured_media":116349,"comment_status":"open","ping_status":"closed","template":"","meta":{"_kad_post_transparent":"","_kad_post_title":"","_kad_post_layout":"","_kad_post_sidebar_id":"","_kad_post_content_style":"","_kad_post_vertical_padding":"","_kad_post_feature":"","_kad_post_feature_position":"","_kad_post_header":false,"_kad_post_footer":false,"_kad_post_classname":""},"product_brand":[],"product_cat":[14957],"product_tag":[],"class_list":{"0":"post-116350","1":"product","2":"type-product","3":"status-publish","4":"has-post-thumbnail","6":"product_cat-kablosuz-kulaklik-kablosuz-kulaklik","8":"first","9":"instock","10":"purchasable","11":"product-type-simple","12":"entry","13":"content-bg","14":"loop-entry"},"_links":{"self":[{"href":"https:\/\/www.hediyepazar.com\/index.php?rest_route=\/wp\/v2\/product\/116350","targetHints":{"allow":["GET"]}}],"collection":[{"href":"https:\/\/www.hediyepazar.com\/index.php?rest_route=\/wp\/v2\/product"}],"about":[{"href":"https:\/\/www.hediyepazar.com\/index.php?rest_route=\/wp\/v2\/types\/product"}],"replies":[{"embeddable":true,"href":"https:\/\/www.hediyepazar.com\/index.php?rest_route=%2Fwp%2Fv2%2Fcomments&post=116350"}],"wp:featuredmedia":[{"embeddable":true,"href":"https:\/\/www.hediyepazar.com\/index.php?rest_route=\/wp\/v2\/media\/116349"}],"wp:attachment":[{"href":"https:\/\/www.hediyepazar.com\/index.php?rest_route=%2Fwp%2Fv2%2Fmedia&parent=116350"}],"wp:term":[{"taxonomy":"product_brand","embeddable":true,"href":"https:\/\/www.hediyepazar.com\/index.php?rest_route=%2Fwp%2Fv2%2Fproduct_brand&post=116350"},{"taxonomy":"product_cat","embeddable":true,"href":"https:\/\/www.hediyepazar.com\/index.php?rest_route=%2Fwp%2Fv2%2Fproduct_cat&post=116350"},{"taxonomy":"product_tag","embeddable":true,"href":"https:\/\/www.hediyepazar.com\/index.php?rest_route=%2Fwp%2Fv2%2Fproduct_tag&post=116350"}],"curies":[{"name":"wp","href":"https:\/\/api.w.org\/{rel}","templated":true}]}}