{"id":116362,"date":"2026-05-05T16:58:59","date_gmt":"2026-05-05T19:58:59","guid":{"rendered":"https:\/\/www.hediyepazar.com\/?product=uzun-pil-omurlu-bluetooth-5-1-hoparlor"},"modified":"2026-05-05T16:58:59","modified_gmt":"2026-05-05T19:58:59","slug":"uzun-pil-omurlu-bluetooth-5-1-hoparlor","status":"publish","type":"product","link":"https:\/\/www.hediyepazar.com\/?product=uzun-pil-omurlu-bluetooth-5-1-hoparlor","title":{"rendered":"Uzun Pil \u00d6m\u00fcrl\u00fc Bluetooth 5.1 Hoparl\u00f6r"},"content":{"rendered":"<p>Kompakt tasar\u0131m\u0131 ve g\u00fc\u00e7l\u00fc bataryas\u0131yla bu hoparl\u00f6r, uzun s\u00fcreli m\u00fczik keyfi sunar. Tam \u015farjla saatlerce kesintisiz kullan\u0131m imk\u00e2n\u0131 verir. Bluetooth 5.1 ba\u011flant\u0131s\u0131 sayesinde d\u00fc\u015f\u00fck enerji t\u00fcketimi ve stabil ba\u011flant\u0131 elde edilir. IP67 su ge\u00e7irmezlik \u00f6zelli\u011fi ile her ortamda g\u00fcvenle kullan\u0131labilir. \u015e\u0131k k\u0131rm\u0131z\u0131 rengi ve LED \u0131\u015f\u0131klar\u0131yla hem estetik hem de e\u011flenceli bir kullan\u0131m deneyimi sunar.<\/p>\n","protected":false},"excerpt":{"rendered":"<p>Kompakt tasar\u0131m\u0131 ve g\u00fc\u00e7l\u00fc bataryas\u0131yla bu hoparl\u00f6r, uzun s\u00fcreli m\u00fczik keyfi sunar. Tam \u015farjla saatlerce kesintisiz kullan\u0131m imk\u00e2n\u0131 verir. Bluetooth 5.1 ba\u011flant\u0131s\u0131 sayesinde d\u00fc\u015f\u00fck enerji t\u00fcketimi ve stabil ba\u011flant\u0131 elde edilir. IP67 su ge\u00e7irmezlik \u00f6zelli\u011fi ile her ortamda g\u00fcvenle kullan\u0131labilir. \u015e\u0131k k\u0131rm\u0131z\u0131 rengi ve LED \u0131\u015f\u0131klar\u0131yla hem estetik hem de e\u011flenceli bir kullan\u0131m deneyimi sunar.<\/p>\n","protected":false},"featured_media":116361,"comment_status":"open","ping_status":"closed","template":"","meta":{"_kad_post_transparent":"","_kad_post_title":"","_kad_post_layout":"","_kad_post_sidebar_id":"","_kad_post_content_style":"","_kad_post_vertical_padding":"","_kad_post_feature":"","_kad_post_feature_position":"","_kad_post_header":false,"_kad_post_footer":false,"_kad_post_classname":""},"product_brand":[],"product_cat":[14911],"product_tag":[],"class_list":{"0":"post-116362","1":"product","2":"type-product","3":"status-publish","4":"has-post-thumbnail","6":"product_cat-kablosuz-hoparlor-kablosuz-hoparlor","8":"first","9":"instock","10":"purchasable","11":"product-type-simple","12":"entry","13":"content-bg","14":"loop-entry"},"_links":{"self":[{"href":"https:\/\/www.hediyepazar.com\/index.php?rest_route=\/wp\/v2\/product\/116362","targetHints":{"allow":["GET"]}}],"collection":[{"href":"https:\/\/www.hediyepazar.com\/index.php?rest_route=\/wp\/v2\/product"}],"about":[{"href":"https:\/\/www.hediyepazar.com\/index.php?rest_route=\/wp\/v2\/types\/product"}],"replies":[{"embeddable":true,"href":"https:\/\/www.hediyepazar.com\/index.php?rest_route=%2Fwp%2Fv2%2Fcomments&post=116362"}],"wp:featuredmedia":[{"embeddable":true,"href":"https:\/\/www.hediyepazar.com\/index.php?rest_route=\/wp\/v2\/media\/116361"}],"wp:attachment":[{"href":"https:\/\/www.hediyepazar.com\/index.php?rest_route=%2Fwp%2Fv2%2Fmedia&parent=116362"}],"wp:term":[{"taxonomy":"product_brand","embeddable":true,"href":"https:\/\/www.hediyepazar.com\/index.php?rest_route=%2Fwp%2Fv2%2Fproduct_brand&post=116362"},{"taxonomy":"product_cat","embeddable":true,"href":"https:\/\/www.hediyepazar.com\/index.php?rest_route=%2Fwp%2Fv2%2Fproduct_cat&post=116362"},{"taxonomy":"product_tag","embeddable":true,"href":"https:\/\/www.hediyepazar.com\/index.php?rest_route=%2Fwp%2Fv2%2Fproduct_tag&post=116362"}],"curies":[{"name":"wp","href":"https:\/\/api.w.org\/{rel}","templated":true}]}}