{"id":116370,"date":"2026-05-05T17:01:05","date_gmt":"2026-05-05T20:01:05","guid":{"rendered":"https:\/\/www.hediyepazar.com\/?product=2200w-guclu-motorlu-ergonomik-fon-makinesi"},"modified":"2026-05-05T17:01:05","modified_gmt":"2026-05-05T20:01:05","slug":"2200w-guclu-motorlu-ergonomik-fon-makinesi","status":"publish","type":"product","link":"https:\/\/www.hediyepazar.com\/?product=2200w-guclu-motorlu-ergonomik-fon-makinesi","title":{"rendered":"2200W G\u00fc\u00e7l\u00fc Motorlu Ergonomik F\u00f6n Makinesi"},"content":{"rendered":"<p>2200W g\u00fcc\u00fcnde \u00e7al\u0131\u015fan bu sa\u00e7 kurutma makinesi, hem ince telli hem de kal\u0131n telli sa\u00e7larda etkili sonu\u00e7 verir. \u00c7ok kademeli \u0131s\u0131 ve h\u0131z ayarlar\u0131 sayesinde sa\u00e7 tipinize uygun kombinasyonu kolayca yapabilirsiniz. So\u011fuk \u00fcfleme fonksiyonu, sa\u00e7 \u015feklinizi sabitleyerek elektriklenmeyi azalt\u0131r ve do\u011fal bir parlakl\u0131k sa\u011flar. Profesyonel f\u00f6n ba\u015fl\u0131\u011f\u0131 ile sa\u00e7lar\u0131n\u0131z\u0131 d\u00fczle\u015ftirebilir, dif\u00fcz\u00f6r aparat\u0131 ile hacim kazand\u0131rabilirsiniz. A\u015f\u0131r\u0131 \u0131s\u0131nma korumas\u0131 g\u00fcvenli kullan\u0131m imkan\u0131 sunarken \u00e7\u0131kar\u0131labilir arka kapak temizlik kolayl\u0131\u011f\u0131 sa\u011flar. Ergonomik tasar\u0131m\u0131 sayesinde uzun s\u00fcreli kullan\u0131mlarda bile elinizi yormaz.<\/p>\n","protected":false},"excerpt":{"rendered":"<p>2200W g\u00fcc\u00fcnde \u00e7al\u0131\u015fan bu sa\u00e7 kurutma makinesi, hem ince telli hem de kal\u0131n telli sa\u00e7larda etkili sonu\u00e7 verir. \u00c7ok kademeli \u0131s\u0131 ve h\u0131z ayarlar\u0131 sayesinde sa\u00e7 tipinize uygun kombinasyonu kolayca yapabilirsiniz. So\u011fuk \u00fcfleme fonksiyonu, sa\u00e7 \u015feklinizi sabitleyerek elektriklenmeyi azalt\u0131r ve do\u011fal bir parlakl\u0131k sa\u011flar. Profesyonel f\u00f6n ba\u015fl\u0131\u011f\u0131 ile sa\u00e7lar\u0131n\u0131z\u0131 d\u00fczle\u015ftirebilir, dif\u00fcz\u00f6r aparat\u0131 ile hacim kazand\u0131rabilirsiniz&#8230;.<\/p>\n","protected":false},"featured_media":116369,"comment_status":"open","ping_status":"closed","template":"","meta":{"_kad_post_transparent":"","_kad_post_title":"","_kad_post_layout":"","_kad_post_sidebar_id":"","_kad_post_content_style":"","_kad_post_vertical_padding":"","_kad_post_feature":"","_kad_post_feature_position":"","_kad_post_header":false,"_kad_post_footer":false,"_kad_post_classname":""},"product_brand":[],"product_cat":[15023],"product_tag":[],"class_list":{"0":"post-116370","1":"product","2":"type-product","3":"status-publish","4":"has-post-thumbnail","6":"product_cat-sac-kurutma-makinesi-sac-kurutma-makinesi","8":"first","9":"instock","10":"purchasable","11":"product-type-simple","12":"entry","13":"content-bg","14":"loop-entry"},"_links":{"self":[{"href":"https:\/\/www.hediyepazar.com\/index.php?rest_route=\/wp\/v2\/product\/116370","targetHints":{"allow":["GET"]}}],"collection":[{"href":"https:\/\/www.hediyepazar.com\/index.php?rest_route=\/wp\/v2\/product"}],"about":[{"href":"https:\/\/www.hediyepazar.com\/index.php?rest_route=\/wp\/v2\/types\/product"}],"replies":[{"embeddable":true,"href":"https:\/\/www.hediyepazar.com\/index.php?rest_route=%2Fwp%2Fv2%2Fcomments&post=116370"}],"wp:featuredmedia":[{"embeddable":true,"href":"https:\/\/www.hediyepazar.com\/index.php?rest_route=\/wp\/v2\/media\/116369"}],"wp:attachment":[{"href":"https:\/\/www.hediyepazar.com\/index.php?rest_route=%2Fwp%2Fv2%2Fmedia&parent=116370"}],"wp:term":[{"taxonomy":"product_brand","embeddable":true,"href":"https:\/\/www.hediyepazar.com\/index.php?rest_route=%2Fwp%2Fv2%2Fproduct_brand&post=116370"},{"taxonomy":"product_cat","embeddable":true,"href":"https:\/\/www.hediyepazar.com\/index.php?rest_route=%2Fwp%2Fv2%2Fproduct_cat&post=116370"},{"taxonomy":"product_tag","embeddable":true,"href":"https:\/\/www.hediyepazar.com\/index.php?rest_route=%2Fwp%2Fv2%2Fproduct_tag&post=116370"}],"curies":[{"name":"wp","href":"https:\/\/api.w.org\/{rel}","templated":true}]}}