{"id":116372,"date":"2026-05-05T17:01:12","date_gmt":"2026-05-05T20:01:12","guid":{"rendered":"https:\/\/www.hediyepazar.com\/?product=hizli-kurutma-ve-sekillendirme-icin-profesyonel-sac-kurutma-makinesi"},"modified":"2026-05-05T17:01:12","modified_gmt":"2026-05-05T20:01:12","slug":"hizli-kurutma-ve-sekillendirme-icin-profesyonel-sac-kurutma-makinesi","status":"publish","type":"product","link":"https:\/\/www.hediyepazar.com\/?product=hizli-kurutma-ve-sekillendirme-icin-profesyonel-sac-kurutma-makinesi","title":{"rendered":"H\u0131zl\u0131 Kurutma ve \u015eekillendirme \u0130\u00e7in Profesyonel Sa\u00e7 Kurutma Makinesi"},"content":{"rendered":"<p>Bu profesyonel sa\u00e7 kurutma makinesi, 2200 watt g\u00fcc\u00fcndeki motoru ile sa\u00e7lar\u0131n\u0131z\u0131 h\u0131zl\u0131 bir \u015fekilde kuruturken ayn\u0131 zamanda \u015fekillendirir. AC motor teknolojisi ile uzun \u00f6m\u00fcrl\u00fc kullan\u0131m sunar. \u0130ki h\u0131z ve \u00fc\u00e7 \u0131s\u0131 kademesi ile sa\u00e7\u0131n\u0131za en uygun ayar\u0131 se\u00e7ebilirsiniz. So\u011fuk \u00fcfleme fonksiyonu, sa\u00e7 modelinizi sabitleyerek uzun s\u00fcre bozulmadan kalmas\u0131n\u0131 sa\u011flar. A\u015f\u0131r\u0131 \u0131s\u0131nmaya kar\u015f\u0131 koruma sistemi g\u00fcvenli kullan\u0131m sunar. Asma halkas\u0131 ile kolay muhafaza edilebilir. \u00c7\u0131kar\u0131labilir arka kapak sayesinde cihaz\u0131n\u0131z\u0131 kolayca temizleyebilirsiniz. Hacim dif\u00fcz\u00f6r\u00fc, sa\u00e7\u0131n\u0131za ekstra dolgunluk ve hareket kazand\u0131r\u0131r. Profesyonel ba\u015fl\u0131k, d\u00fcz ve p\u00fcr\u00fczs\u00fcz f\u00f6nler i\u00e7in idealdir. Hem evde hem de kuaf\u00f6rlerde kullan\u0131labilecek \u015fekilde tasarlanm\u0131\u015ft\u0131r.<\/p>\n","protected":false},"excerpt":{"rendered":"<p>Bu profesyonel sa\u00e7 kurutma makinesi, 2200 watt g\u00fcc\u00fcndeki motoru ile sa\u00e7lar\u0131n\u0131z\u0131 h\u0131zl\u0131 bir \u015fekilde kuruturken ayn\u0131 zamanda \u015fekillendirir. AC motor teknolojisi ile uzun \u00f6m\u00fcrl\u00fc kullan\u0131m sunar. \u0130ki h\u0131z ve \u00fc\u00e7 \u0131s\u0131 kademesi ile sa\u00e7\u0131n\u0131za en uygun ayar\u0131 se\u00e7ebilirsiniz. So\u011fuk \u00fcfleme fonksiyonu, sa\u00e7 modelinizi sabitleyerek uzun s\u00fcre bozulmadan kalmas\u0131n\u0131 sa\u011flar. A\u015f\u0131r\u0131 \u0131s\u0131nmaya kar\u015f\u0131 koruma sistemi g\u00fcvenli&#8230;<\/p>\n","protected":false},"featured_media":116371,"comment_status":"open","ping_status":"closed","template":"","meta":{"_kad_post_transparent":"","_kad_post_title":"","_kad_post_layout":"","_kad_post_sidebar_id":"","_kad_post_content_style":"","_kad_post_vertical_padding":"","_kad_post_feature":"","_kad_post_feature_position":"","_kad_post_header":false,"_kad_post_footer":false,"_kad_post_classname":""},"product_brand":[],"product_cat":[15023],"product_tag":[],"class_list":{"0":"post-116372","1":"product","2":"type-product","3":"status-publish","4":"has-post-thumbnail","6":"product_cat-sac-kurutma-makinesi-sac-kurutma-makinesi","8":"first","9":"instock","10":"purchasable","11":"product-type-simple","12":"entry","13":"content-bg","14":"loop-entry"},"_links":{"self":[{"href":"https:\/\/www.hediyepazar.com\/index.php?rest_route=\/wp\/v2\/product\/116372","targetHints":{"allow":["GET"]}}],"collection":[{"href":"https:\/\/www.hediyepazar.com\/index.php?rest_route=\/wp\/v2\/product"}],"about":[{"href":"https:\/\/www.hediyepazar.com\/index.php?rest_route=\/wp\/v2\/types\/product"}],"replies":[{"embeddable":true,"href":"https:\/\/www.hediyepazar.com\/index.php?rest_route=%2Fwp%2Fv2%2Fcomments&post=116372"}],"wp:featuredmedia":[{"embeddable":true,"href":"https:\/\/www.hediyepazar.com\/index.php?rest_route=\/wp\/v2\/media\/116371"}],"wp:attachment":[{"href":"https:\/\/www.hediyepazar.com\/index.php?rest_route=%2Fwp%2Fv2%2Fmedia&parent=116372"}],"wp:term":[{"taxonomy":"product_brand","embeddable":true,"href":"https:\/\/www.hediyepazar.com\/index.php?rest_route=%2Fwp%2Fv2%2Fproduct_brand&post=116372"},{"taxonomy":"product_cat","embeddable":true,"href":"https:\/\/www.hediyepazar.com\/index.php?rest_route=%2Fwp%2Fv2%2Fproduct_cat&post=116372"},{"taxonomy":"product_tag","embeddable":true,"href":"https:\/\/www.hediyepazar.com\/index.php?rest_route=%2Fwp%2Fv2%2Fproduct_tag&post=116372"}],"curies":[{"name":"wp","href":"https:\/\/api.w.org\/{rel}","templated":true}]}}