{"id":116380,"date":"2026-05-05T17:03:17","date_gmt":"2026-05-05T20:03:17","guid":{"rendered":"https:\/\/www.hediyepazar.com\/?product=3-isi-kademeli-1200w-sac-sekillendirme-fircasi"},"modified":"2026-05-05T17:03:17","modified_gmt":"2026-05-05T20:03:17","slug":"3-isi-kademeli-1200w-sac-sekillendirme-fircasi","status":"publish","type":"product","link":"https:\/\/www.hediyepazar.com\/?product=3-isi-kademeli-1200w-sac-sekillendirme-fircasi","title":{"rendered":"3 Is\u0131 Kademeli 1200W Sa\u00e7 \u015eekillendirme F\u0131r\u00e7as\u0131."},"content":{"rendered":"<p>Kuaf\u00f6r kalitesini evinize ta\u015f\u0131yan bu sa\u00e7 \u015fekillendirici, g\u00fc\u00e7l\u00fc 1200W motoru ve negatif iyon teknolojisi ile m\u00fckemmel sonu\u00e7lar verir. Oval f\u0131r\u00e7a tasar\u0131m\u0131, k\u00f6klere hacim kazand\u0131r\u0131rken sa\u00e7 u\u00e7lar\u0131n\u0131 p\u00fcr\u00fczs\u00fczle\u015ftirir.\u00dc\u00e7 farkl\u0131 \u0131s\u0131 ayar\u0131 sayesinde ince, orta ve kal\u0131n telli sa\u00e7larda g\u00fcvenle kullan\u0131labilir. So\u011fuk hava modu, \u015fekli sabitleyerek uzun s\u00fcreli kullan\u0131m sa\u011flar. Hafif ve ergonomik yap\u0131s\u0131yla pratik bir kullan\u0131m sunar. 2,5 metre uzunlu\u011fundaki d\u00f6nebilen kablo, hareket \u00f6zg\u00fcrl\u00fc\u011f\u00fcn\u00fcz\u00fc art\u0131r\u0131r.\u00dcr\u00fcn \u00d6zellikleri: \tG\u00fc\u00e7: 1200W \t3 \u0131s\u0131 modu + so\u011fuk hava \tNegatif iyon teknolojisi \tOval f\u0131r\u00e7aEvde zahmetsizce profesyonel sonu\u00e7lar elde etmek isteyenler i\u00e7in idealdir.<\/p>\n","protected":false},"excerpt":{"rendered":"<p>Kuaf\u00f6r kalitesini evinize ta\u015f\u0131yan bu sa\u00e7 \u015fekillendirici, g\u00fc\u00e7l\u00fc 1200W motoru ve negatif iyon teknolojisi ile m\u00fckemmel sonu\u00e7lar verir. Oval f\u0131r\u00e7a tasar\u0131m\u0131, k\u00f6klere hacim kazand\u0131r\u0131rken sa\u00e7 u\u00e7lar\u0131n\u0131 p\u00fcr\u00fczs\u00fczle\u015ftirir.\u00dc\u00e7 farkl\u0131 \u0131s\u0131 ayar\u0131 sayesinde ince, orta ve kal\u0131n telli sa\u00e7larda g\u00fcvenle kullan\u0131labilir. So\u011fuk hava modu, \u015fekli sabitleyerek uzun s\u00fcreli kullan\u0131m sa\u011flar. Hafif ve ergonomik yap\u0131s\u0131yla pratik bir kullan\u0131m&#8230;<\/p>\n","protected":false},"featured_media":116379,"comment_status":"open","ping_status":"closed","template":"","meta":{"_kad_post_transparent":"","_kad_post_title":"","_kad_post_layout":"","_kad_post_sidebar_id":"","_kad_post_content_style":"","_kad_post_vertical_padding":"","_kad_post_feature":"","_kad_post_feature_position":"","_kad_post_header":false,"_kad_post_footer":false,"_kad_post_classname":""},"product_brand":[],"product_cat":[14907],"product_tag":[],"class_list":{"0":"post-116380","1":"product","2":"type-product","3":"status-publish","4":"has-post-thumbnail","6":"product_cat-sac-masasi-sac-masasi","8":"first","9":"instock","10":"purchasable","11":"product-type-simple","12":"entry","13":"content-bg","14":"loop-entry"},"_links":{"self":[{"href":"https:\/\/www.hediyepazar.com\/index.php?rest_route=\/wp\/v2\/product\/116380","targetHints":{"allow":["GET"]}}],"collection":[{"href":"https:\/\/www.hediyepazar.com\/index.php?rest_route=\/wp\/v2\/product"}],"about":[{"href":"https:\/\/www.hediyepazar.com\/index.php?rest_route=\/wp\/v2\/types\/product"}],"replies":[{"embeddable":true,"href":"https:\/\/www.hediyepazar.com\/index.php?rest_route=%2Fwp%2Fv2%2Fcomments&post=116380"}],"wp:featuredmedia":[{"embeddable":true,"href":"https:\/\/www.hediyepazar.com\/index.php?rest_route=\/wp\/v2\/media\/116379"}],"wp:attachment":[{"href":"https:\/\/www.hediyepazar.com\/index.php?rest_route=%2Fwp%2Fv2%2Fmedia&parent=116380"}],"wp:term":[{"taxonomy":"product_brand","embeddable":true,"href":"https:\/\/www.hediyepazar.com\/index.php?rest_route=%2Fwp%2Fv2%2Fproduct_brand&post=116380"},{"taxonomy":"product_cat","embeddable":true,"href":"https:\/\/www.hediyepazar.com\/index.php?rest_route=%2Fwp%2Fv2%2Fproduct_cat&post=116380"},{"taxonomy":"product_tag","embeddable":true,"href":"https:\/\/www.hediyepazar.com\/index.php?rest_route=%2Fwp%2Fv2%2Fproduct_tag&post=116380"}],"curies":[{"name":"wp","href":"https:\/\/api.w.org\/{rel}","templated":true}]}}