{"id":116384,"date":"2026-05-05T17:03:34","date_gmt":"2026-05-05T20:03:34","guid":{"rendered":"https:\/\/www.hediyepazar.com\/?product=hizli-kurutma-ve-hacim-veren-elektrikli-sac-fircasi"},"modified":"2026-05-05T17:03:34","modified_gmt":"2026-05-05T20:03:34","slug":"hizli-kurutma-ve-hacim-veren-elektrikli-sac-fircasi","status":"publish","type":"product","link":"https:\/\/www.hediyepazar.com\/?product=hizli-kurutma-ve-hacim-veren-elektrikli-sac-fircasi","title":{"rendered":"H\u0131zl\u0131 Kurutma ve Hacim Veren Elektrikli Sa\u00e7 F\u0131r\u00e7as\u0131"},"content":{"rendered":"<p>Profesyonel sa\u00e7 \u015fekillendirme deneyimini evinize getiren bu f\u00f6nl\u00fc f\u0131r\u00e7a, tek ad\u0131mda kurutma ve \u015fekillendirme imk\u00e2n\u0131 sunar. Oval f\u0131r\u00e7a tasar\u0131m\u0131, k\u00f6kten uca hacim kazand\u0131r\u0131r ve sa\u00e7\u0131n do\u011fal yap\u0131s\u0131n\u0131 bozmadan p\u00fcr\u00fczs\u00fcz bir biti\u015f sa\u011flar.Negatif iyon teknolojisi, sa\u00e7 tellerinde statik elektrik olu\u015fumunu engeller, nem dengesini koruyarak parlak ve sa\u011fl\u0131kl\u0131 bir g\u00f6r\u00fcn\u00fcm verir. 3 farkl\u0131 \u0131s\u0131 modu ve so\u011fuk hava fonksiyonu ile her sa\u00e7 tipine uygundur. Hafif ve ergonomik yap\u0131s\u0131yla kolay kullan\u0131m sa\u011flar.\u00dcr\u00fcn \u00d6zellikleri: \tG\u00fc\u00e7: 1200W \t3 \u0131s\u0131 kademesi \tOval f\u0131r\u00e7a \t2,5 m d\u00f6nebilen kabloZaman kazand\u0131ran, pratik ve etkili bir sa\u00e7 bak\u0131m arac\u0131d\u0131r.<\/p>\n","protected":false},"excerpt":{"rendered":"<p>Profesyonel sa\u00e7 \u015fekillendirme deneyimini evinize getiren bu f\u00f6nl\u00fc f\u0131r\u00e7a, tek ad\u0131mda kurutma ve \u015fekillendirme imk\u00e2n\u0131 sunar. Oval f\u0131r\u00e7a tasar\u0131m\u0131, k\u00f6kten uca hacim kazand\u0131r\u0131r ve sa\u00e7\u0131n do\u011fal yap\u0131s\u0131n\u0131 bozmadan p\u00fcr\u00fczs\u00fcz bir biti\u015f sa\u011flar.Negatif iyon teknolojisi, sa\u00e7 tellerinde statik elektrik olu\u015fumunu engeller, nem dengesini koruyarak parlak ve sa\u011fl\u0131kl\u0131 bir g\u00f6r\u00fcn\u00fcm verir. 3 farkl\u0131 \u0131s\u0131 modu ve so\u011fuk&#8230;<\/p>\n","protected":false},"featured_media":116383,"comment_status":"open","ping_status":"closed","template":"","meta":{"_kad_post_transparent":"","_kad_post_title":"","_kad_post_layout":"","_kad_post_sidebar_id":"","_kad_post_content_style":"","_kad_post_vertical_padding":"","_kad_post_feature":"","_kad_post_feature_position":"","_kad_post_header":false,"_kad_post_footer":false,"_kad_post_classname":""},"product_brand":[],"product_cat":[14907],"product_tag":[],"class_list":{"0":"post-116384","1":"product","2":"type-product","3":"status-publish","4":"has-post-thumbnail","6":"product_cat-sac-masasi-sac-masasi","8":"first","9":"instock","10":"purchasable","11":"product-type-simple","12":"entry","13":"content-bg","14":"loop-entry"},"_links":{"self":[{"href":"https:\/\/www.hediyepazar.com\/index.php?rest_route=\/wp\/v2\/product\/116384","targetHints":{"allow":["GET"]}}],"collection":[{"href":"https:\/\/www.hediyepazar.com\/index.php?rest_route=\/wp\/v2\/product"}],"about":[{"href":"https:\/\/www.hediyepazar.com\/index.php?rest_route=\/wp\/v2\/types\/product"}],"replies":[{"embeddable":true,"href":"https:\/\/www.hediyepazar.com\/index.php?rest_route=%2Fwp%2Fv2%2Fcomments&post=116384"}],"wp:featuredmedia":[{"embeddable":true,"href":"https:\/\/www.hediyepazar.com\/index.php?rest_route=\/wp\/v2\/media\/116383"}],"wp:attachment":[{"href":"https:\/\/www.hediyepazar.com\/index.php?rest_route=%2Fwp%2Fv2%2Fmedia&parent=116384"}],"wp:term":[{"taxonomy":"product_brand","embeddable":true,"href":"https:\/\/www.hediyepazar.com\/index.php?rest_route=%2Fwp%2Fv2%2Fproduct_brand&post=116384"},{"taxonomy":"product_cat","embeddable":true,"href":"https:\/\/www.hediyepazar.com\/index.php?rest_route=%2Fwp%2Fv2%2Fproduct_cat&post=116384"},{"taxonomy":"product_tag","embeddable":true,"href":"https:\/\/www.hediyepazar.com\/index.php?rest_route=%2Fwp%2Fv2%2Fproduct_tag&post=116384"}],"curies":[{"name":"wp","href":"https:\/\/api.w.org\/{rel}","templated":true}]}}