{"id":116390,"date":"2026-05-05T17:04:57","date_gmt":"2026-05-05T20:04:57","guid":{"rendered":"https:\/\/www.hediyepazar.com\/?product=kurutmali-sac-sekillendirici-fonlu-firca-1200-watt-guc"},"modified":"2026-05-05T17:04:57","modified_gmt":"2026-05-05T20:04:57","slug":"kurutmali-sac-sekillendirici-fonlu-firca-1200-watt-guc","status":"publish","type":"product","link":"https:\/\/www.hediyepazar.com\/?product=kurutmali-sac-sekillendirici-fonlu-firca-1200-watt-guc","title":{"rendered":"Kurutmal\u0131 Sa\u00e7 \u015eekillendirici F\u00f6nl\u00fc F\u0131r\u00e7a 1200 Watt G\u00fc\u00e7"},"content":{"rendered":"<p>1200W Kurutmal\u0131 Sa\u00e7 \u015eekillendirici F\u00f6nl\u00fc F\u0131r\u00e7a, g\u00fczellik rutininizi k\u00f6kten de\u011fi\u015ftirecek. Negatif iyon teknolojisi sayesinde sa\u00e7\u0131n\u0131zdaki elektriklenmeyi ortadan kald\u0131r\u0131r ve onlara ipeksi bir parlakl\u0131k kazand\u0131r\u0131r. 3 farkl\u0131 \u0131s\u0131 ayar\u0131 (so\u011fuk, d\u00fc\u015f\u00fck, y\u00fcksek) ile sa\u00e7 tipinize uygun bak\u0131m yapabilirsiniz. Oval f\u0131r\u00e7a tasar\u0131m\u0131, yuvarlak kenarlar\u0131yla sa\u00e7\u0131n\u0131za do\u011fal hacim kazand\u0131r\u0131rken p\u00fcr\u00fczs\u00fcz bir biti\u015f sa\u011flar.Kablo kar\u0131\u015fma derdi ise tarihe kar\u0131\u015f\u0131yor! 360\u00b0 d\u00f6nebilen 2,5 metrelik kablo, rahat kullan\u0131m ve \u00f6zg\u00fcr hareket imk\u00e2n\u0131 sunar. Hafif ve ergonomik tasar\u0131m\u0131 sayesinde uzun s\u00fcreli kullan\u0131mda bile elinizi yormaz. Kullan\u0131m\u0131 son derece kolayd\u0131r: F\u0131r\u00e7ay\u0131 sa\u00e7\u0131n\u0131z\u0131n alt\u0131na yerle\u015ftirin, u\u00e7lara do\u011fru yuvarlay\u0131n ve k\u00f6klerde birka\u00e7 saniye bekleyerek dolgun bir g\u00f6r\u00fcn\u00fcm elde edin. B\u00f6ylece hem kurutma hem \u015fekillendirme i\u015flemlerini tek ad\u0131mda tamamlayabilirsiniz.\u00dcr\u00fcn \u00d6zellikleri: \tG\u00fc\u00e7: 1200W \tGerilim: 110-240V \/ 50-60Hz \tS\u0131cakl\u0131k: 60\u00b0C &#8211; 120\u00b0C \tIs\u0131 Ayarlar\u0131: 4 Kademe \tNegatif iyon teknolojisi \tOval f\u0131r\u00e7a tasar\u0131m\u0131 \t2,5 metre 360\u00b0 d\u00f6nebilen kabloEvde profesyonel kuaf\u00f6r kalitesinde sonu\u00e7lar i\u00e7in bu e\u015fsiz sa\u00e7 \u015fekillendiriciyi hemen deneyin!<\/p>\n","protected":false},"excerpt":{"rendered":"<p>1200W Kurutmal\u0131 Sa\u00e7 \u015eekillendirici F\u00f6nl\u00fc F\u0131r\u00e7a, g\u00fczellik rutininizi k\u00f6kten de\u011fi\u015ftirecek. Negatif iyon teknolojisi sayesinde sa\u00e7\u0131n\u0131zdaki elektriklenmeyi ortadan kald\u0131r\u0131r ve onlara ipeksi bir parlakl\u0131k kazand\u0131r\u0131r. 3 farkl\u0131 \u0131s\u0131 ayar\u0131 (so\u011fuk, d\u00fc\u015f\u00fck, y\u00fcksek) ile sa\u00e7 tipinize uygun bak\u0131m yapabilirsiniz. Oval f\u0131r\u00e7a tasar\u0131m\u0131, yuvarlak kenarlar\u0131yla sa\u00e7\u0131n\u0131za do\u011fal hacim kazand\u0131r\u0131rken p\u00fcr\u00fczs\u00fcz bir biti\u015f sa\u011flar.Kablo kar\u0131\u015fma derdi ise tarihe kar\u0131\u015f\u0131yor!&#8230;<\/p>\n","protected":false},"featured_media":116389,"comment_status":"open","ping_status":"closed","template":"","meta":{"_kad_post_transparent":"","_kad_post_title":"","_kad_post_layout":"","_kad_post_sidebar_id":"","_kad_post_content_style":"","_kad_post_vertical_padding":"","_kad_post_feature":"","_kad_post_feature_position":"","_kad_post_header":false,"_kad_post_footer":false,"_kad_post_classname":""},"product_brand":[],"product_cat":[14907],"product_tag":[],"class_list":{"0":"post-116390","1":"product","2":"type-product","3":"status-publish","4":"has-post-thumbnail","6":"product_cat-sac-masasi-sac-masasi","8":"first","9":"instock","10":"purchasable","11":"product-type-simple","12":"entry","13":"content-bg","14":"loop-entry"},"_links":{"self":[{"href":"https:\/\/www.hediyepazar.com\/index.php?rest_route=\/wp\/v2\/product\/116390","targetHints":{"allow":["GET"]}}],"collection":[{"href":"https:\/\/www.hediyepazar.com\/index.php?rest_route=\/wp\/v2\/product"}],"about":[{"href":"https:\/\/www.hediyepazar.com\/index.php?rest_route=\/wp\/v2\/types\/product"}],"replies":[{"embeddable":true,"href":"https:\/\/www.hediyepazar.com\/index.php?rest_route=%2Fwp%2Fv2%2Fcomments&post=116390"}],"wp:featuredmedia":[{"embeddable":true,"href":"https:\/\/www.hediyepazar.com\/index.php?rest_route=\/wp\/v2\/media\/116389"}],"wp:attachment":[{"href":"https:\/\/www.hediyepazar.com\/index.php?rest_route=%2Fwp%2Fv2%2Fmedia&parent=116390"}],"wp:term":[{"taxonomy":"product_brand","embeddable":true,"href":"https:\/\/www.hediyepazar.com\/index.php?rest_route=%2Fwp%2Fv2%2Fproduct_brand&post=116390"},{"taxonomy":"product_cat","embeddable":true,"href":"https:\/\/www.hediyepazar.com\/index.php?rest_route=%2Fwp%2Fv2%2Fproduct_cat&post=116390"},{"taxonomy":"product_tag","embeddable":true,"href":"https:\/\/www.hediyepazar.com\/index.php?rest_route=%2Fwp%2Fv2%2Fproduct_tag&post=116390"}],"curies":[{"name":"wp","href":"https:\/\/api.w.org\/{rel}","templated":true}]}}