{"id":116392,"date":"2026-05-05T17:05:06","date_gmt":"2026-05-05T20:05:06","guid":{"rendered":"https:\/\/www.hediyepazar.com\/?product=iki-kisilik-oyun-deneyimi-sunan-tasinabilir-retro-konsol"},"modified":"2026-05-05T17:05:06","modified_gmt":"2026-05-05T20:05:06","slug":"iki-kisilik-oyun-deneyimi-sunan-tasinabilir-retro-konsol","status":"publish","type":"product","link":"https:\/\/www.hediyepazar.com\/?product=iki-kisilik-oyun-deneyimi-sunan-tasinabilir-retro-konsol","title":{"rendered":"\u0130ki Ki\u015filik Oyun Deneyimi Sunan Ta\u015f\u0131nabilir Retro Konsol"},"content":{"rendered":"<p>Bu retro oyun konsolu, ge\u00e7mi\u015fin unutulmaz oyunlar\u0131n\u0131 modern ta\u015f\u0131nabilir teknoloji ile bulu\u015fturur. 666 oyunluk geni\u015f ar\u015fivi ile her ya\u015fa hitap eder. Hafif tasar\u0131m\u0131, uzun pil \u00f6mr\u00fc, \u00e7ift oyuncu modu ve TV ba\u011flant\u0131s\u0131 sayesinde hem \u00e7ocuklar hem yeti\u015fkinler i\u00e7in m\u00fckemmel bir e\u011flence se\u00e7ene\u011fidir.<\/p>\n","protected":false},"excerpt":{"rendered":"<p>Bu retro oyun konsolu, ge\u00e7mi\u015fin unutulmaz oyunlar\u0131n\u0131 modern ta\u015f\u0131nabilir teknoloji ile bulu\u015fturur. 666 oyunluk geni\u015f ar\u015fivi ile her ya\u015fa hitap eder. Hafif tasar\u0131m\u0131, uzun pil \u00f6mr\u00fc, \u00e7ift oyuncu modu ve TV ba\u011flant\u0131s\u0131 sayesinde hem \u00e7ocuklar hem yeti\u015fkinler i\u00e7in m\u00fckemmel bir e\u011flence se\u00e7ene\u011fidir.<\/p>\n","protected":false},"featured_media":116391,"comment_status":"open","ping_status":"closed","template":"","meta":{"_kad_post_transparent":"","_kad_post_title":"","_kad_post_layout":"","_kad_post_sidebar_id":"","_kad_post_content_style":"","_kad_post_vertical_padding":"","_kad_post_feature":"","_kad_post_feature_position":"","_kad_post_header":false,"_kad_post_footer":false,"_kad_post_classname":""},"product_brand":[],"product_cat":[14961],"product_tag":[],"class_list":{"0":"post-116392","1":"product","2":"type-product","3":"status-publish","4":"has-post-thumbnail","6":"product_cat-oyun-konsolu-oyun-konsolu","8":"first","9":"instock","10":"purchasable","11":"product-type-simple","12":"entry","13":"content-bg","14":"loop-entry"},"_links":{"self":[{"href":"https:\/\/www.hediyepazar.com\/index.php?rest_route=\/wp\/v2\/product\/116392","targetHints":{"allow":["GET"]}}],"collection":[{"href":"https:\/\/www.hediyepazar.com\/index.php?rest_route=\/wp\/v2\/product"}],"about":[{"href":"https:\/\/www.hediyepazar.com\/index.php?rest_route=\/wp\/v2\/types\/product"}],"replies":[{"embeddable":true,"href":"https:\/\/www.hediyepazar.com\/index.php?rest_route=%2Fwp%2Fv2%2Fcomments&post=116392"}],"wp:featuredmedia":[{"embeddable":true,"href":"https:\/\/www.hediyepazar.com\/index.php?rest_route=\/wp\/v2\/media\/116391"}],"wp:attachment":[{"href":"https:\/\/www.hediyepazar.com\/index.php?rest_route=%2Fwp%2Fv2%2Fmedia&parent=116392"}],"wp:term":[{"taxonomy":"product_brand","embeddable":true,"href":"https:\/\/www.hediyepazar.com\/index.php?rest_route=%2Fwp%2Fv2%2Fproduct_brand&post=116392"},{"taxonomy":"product_cat","embeddable":true,"href":"https:\/\/www.hediyepazar.com\/index.php?rest_route=%2Fwp%2Fv2%2Fproduct_cat&post=116392"},{"taxonomy":"product_tag","embeddable":true,"href":"https:\/\/www.hediyepazar.com\/index.php?rest_route=%2Fwp%2Fv2%2Fproduct_tag&post=116392"}],"curies":[{"name":"wp","href":"https:\/\/api.w.org\/{rel}","templated":true}]}}