{"id":116394,"date":"2026-05-05T17:05:12","date_gmt":"2026-05-05T20:05:12","guid":{"rendered":"https:\/\/www.hediyepazar.com\/?product=666-klasik-oyunlu-mini-retro-konsol-buyuk-ekran-destegi"},"modified":"2026-05-05T17:05:12","modified_gmt":"2026-05-05T20:05:12","slug":"666-klasik-oyunlu-mini-retro-konsol-buyuk-ekran-destegi","status":"publish","type":"product","link":"https:\/\/www.hediyepazar.com\/?product=666-klasik-oyunlu-mini-retro-konsol-buyuk-ekran-destegi","title":{"rendered":"666 Klasik Oyunlu Mini Retro Konsol \u2013 B\u00fcy\u00fck Ekran Deste\u011fi"},"content":{"rendered":"<p>Donma, kasma veya tak\u0131lma sorunlar\u0131na son! Bu retro oyun konsolu, y\u00fcksek h\u0131zl\u0131 i\u015flemcisi ile oyunlarda kesintisiz performans sunar. Grafikler net, oyun ak\u0131\u015f\u0131 h\u0131zl\u0131 ve sorunsuzdur. Hem tek ki\u015filik hem de \u00e7ok oyunculu modlarda m\u00fckemmel bir deneyim sa\u011flar.<\/p>\n","protected":false},"excerpt":{"rendered":"<p>Donma, kasma veya tak\u0131lma sorunlar\u0131na son! Bu retro oyun konsolu, y\u00fcksek h\u0131zl\u0131 i\u015flemcisi ile oyunlarda kesintisiz performans sunar. Grafikler net, oyun ak\u0131\u015f\u0131 h\u0131zl\u0131 ve sorunsuzdur. Hem tek ki\u015filik hem de \u00e7ok oyunculu modlarda m\u00fckemmel bir deneyim sa\u011flar.<\/p>\n","protected":false},"featured_media":116393,"comment_status":"open","ping_status":"closed","template":"","meta":{"_kad_post_transparent":"","_kad_post_title":"","_kad_post_layout":"","_kad_post_sidebar_id":"","_kad_post_content_style":"","_kad_post_vertical_padding":"","_kad_post_feature":"","_kad_post_feature_position":"","_kad_post_header":false,"_kad_post_footer":false,"_kad_post_classname":""},"product_brand":[],"product_cat":[14961],"product_tag":[],"class_list":{"0":"post-116394","1":"product","2":"type-product","3":"status-publish","4":"has-post-thumbnail","6":"product_cat-oyun-konsolu-oyun-konsolu","8":"first","9":"instock","10":"purchasable","11":"product-type-simple","12":"entry","13":"content-bg","14":"loop-entry"},"_links":{"self":[{"href":"https:\/\/www.hediyepazar.com\/index.php?rest_route=\/wp\/v2\/product\/116394","targetHints":{"allow":["GET"]}}],"collection":[{"href":"https:\/\/www.hediyepazar.com\/index.php?rest_route=\/wp\/v2\/product"}],"about":[{"href":"https:\/\/www.hediyepazar.com\/index.php?rest_route=\/wp\/v2\/types\/product"}],"replies":[{"embeddable":true,"href":"https:\/\/www.hediyepazar.com\/index.php?rest_route=%2Fwp%2Fv2%2Fcomments&post=116394"}],"wp:featuredmedia":[{"embeddable":true,"href":"https:\/\/www.hediyepazar.com\/index.php?rest_route=\/wp\/v2\/media\/116393"}],"wp:attachment":[{"href":"https:\/\/www.hediyepazar.com\/index.php?rest_route=%2Fwp%2Fv2%2Fmedia&parent=116394"}],"wp:term":[{"taxonomy":"product_brand","embeddable":true,"href":"https:\/\/www.hediyepazar.com\/index.php?rest_route=%2Fwp%2Fv2%2Fproduct_brand&post=116394"},{"taxonomy":"product_cat","embeddable":true,"href":"https:\/\/www.hediyepazar.com\/index.php?rest_route=%2Fwp%2Fv2%2Fproduct_cat&post=116394"},{"taxonomy":"product_tag","embeddable":true,"href":"https:\/\/www.hediyepazar.com\/index.php?rest_route=%2Fwp%2Fv2%2Fproduct_tag&post=116394"}],"curies":[{"name":"wp","href":"https:\/\/api.w.org\/{rel}","templated":true}]}}