{"id":116402,"date":"2026-05-05T17:06:20","date_gmt":"2026-05-05T20:06:20","guid":{"rendered":"https:\/\/www.hediyepazar.com\/?product=2025-orijinal-led-el-park-uyari-sistemi-uzaktan-kumandali"},"modified":"2026-05-05T17:06:20","modified_gmt":"2026-05-05T20:06:20","slug":"2025-orijinal-led-el-park-uyari-sistemi-uzaktan-kumandali","status":"publish","type":"product","link":"https:\/\/www.hediyepazar.com\/?product=2025-orijinal-led-el-park-uyari-sistemi-uzaktan-kumandali","title":{"rendered":"2025 Orijinal LED El Park Uyar\u0131 Sistemi Uzaktan Kumandal\u0131"},"content":{"rendered":"<p>Bu LED el park uyar\u0131 cihaz\u0131, d\u00fc\u015f\u00fck enerji t\u00fcketen LED teknolojisi ile tasarlanm\u0131\u015ft\u0131r. 3 adet AA pil ile ortalama 2-3 ay \u00e7al\u0131\u015farak enerji maliyetlerinizi d\u00fc\u015f\u00fcr\u00fcr. Kumanda pili kutuya dahil oldu\u011fu i\u00e7in ek maliyet olu\u015fturmaz. LED \u0131\u015f\u0131klar, uzun \u00f6m\u00fcrl\u00fc yap\u0131s\u0131yla y\u0131llarca kullan\u0131labilir.<\/p>\n","protected":false},"excerpt":{"rendered":"<p>Bu LED el park uyar\u0131 cihaz\u0131, d\u00fc\u015f\u00fck enerji t\u00fcketen LED teknolojisi ile tasarlanm\u0131\u015ft\u0131r. 3 adet AA pil ile ortalama 2-3 ay \u00e7al\u0131\u015farak enerji maliyetlerinizi d\u00fc\u015f\u00fcr\u00fcr. Kumanda pili kutuya dahil oldu\u011fu i\u00e7in ek maliyet olu\u015fturmaz. LED \u0131\u015f\u0131klar, uzun \u00f6m\u00fcrl\u00fc yap\u0131s\u0131yla y\u0131llarca kullan\u0131labilir.<\/p>\n","protected":false},"featured_media":116401,"comment_status":"open","ping_status":"closed","template":"","meta":{"_kad_post_transparent":"","_kad_post_title":"","_kad_post_layout":"","_kad_post_sidebar_id":"","_kad_post_content_style":"","_kad_post_vertical_padding":"","_kad_post_feature":"","_kad_post_feature_position":"","_kad_post_header":false,"_kad_post_footer":false,"_kad_post_classname":""},"product_brand":[],"product_cat":[14933],"product_tag":[],"class_list":{"0":"post-116402","1":"product","2":"type-product","3":"status-publish","4":"has-post-thumbnail","6":"product_cat-led-isik-led-isik","8":"first","9":"instock","10":"purchasable","11":"product-type-simple","12":"entry","13":"content-bg","14":"loop-entry"},"_links":{"self":[{"href":"https:\/\/www.hediyepazar.com\/index.php?rest_route=\/wp\/v2\/product\/116402","targetHints":{"allow":["GET"]}}],"collection":[{"href":"https:\/\/www.hediyepazar.com\/index.php?rest_route=\/wp\/v2\/product"}],"about":[{"href":"https:\/\/www.hediyepazar.com\/index.php?rest_route=\/wp\/v2\/types\/product"}],"replies":[{"embeddable":true,"href":"https:\/\/www.hediyepazar.com\/index.php?rest_route=%2Fwp%2Fv2%2Fcomments&post=116402"}],"wp:featuredmedia":[{"embeddable":true,"href":"https:\/\/www.hediyepazar.com\/index.php?rest_route=\/wp\/v2\/media\/116401"}],"wp:attachment":[{"href":"https:\/\/www.hediyepazar.com\/index.php?rest_route=%2Fwp%2Fv2%2Fmedia&parent=116402"}],"wp:term":[{"taxonomy":"product_brand","embeddable":true,"href":"https:\/\/www.hediyepazar.com\/index.php?rest_route=%2Fwp%2Fv2%2Fproduct_brand&post=116402"},{"taxonomy":"product_cat","embeddable":true,"href":"https:\/\/www.hediyepazar.com\/index.php?rest_route=%2Fwp%2Fv2%2Fproduct_cat&post=116402"},{"taxonomy":"product_tag","embeddable":true,"href":"https:\/\/www.hediyepazar.com\/index.php?rest_route=%2Fwp%2Fv2%2Fproduct_tag&post=116402"}],"curies":[{"name":"wp","href":"https:\/\/api.w.org\/{rel}","templated":true}]}}