{"id":116412,"date":"2026-05-05T17:07:15","date_gmt":"2026-05-05T20:07:15","guid":{"rendered":"https:\/\/www.hediyepazar.com\/?product=2025-model-15w-kablosuz-sarjli-renkli-atmosfer-lambasi"},"modified":"2026-05-05T17:07:15","modified_gmt":"2026-05-05T20:07:15","slug":"2025-model-15w-kablosuz-sarjli-renkli-atmosfer-lambasi","status":"publish","type":"product","link":"https:\/\/www.hediyepazar.com\/?product=2025-model-15w-kablosuz-sarjli-renkli-atmosfer-lambasi","title":{"rendered":"2025 Model 15W Kablosuz \u015earjl\u0131 Renkli Atmosfer Lambas\u0131"},"content":{"rendered":"<p>15W kablosuz \u015farjl\u0131 LED atmosfer lambas\u0131, teknoloji ve dekorasyonu bir arada sunar.\u00a0 uyumlu cihazlarla h\u0131zl\u0131 ve kablosuz \u015farj imkan\u0131 verir. Entegre 1200 mAh bataryas\u0131 ile ta\u015f\u0131nabilir kullan\u0131m sunar.13 renkli \u0131\u015f\u0131k modu, her ortama uygun bir ayd\u0131nlatma yaratman\u0131za imkan tan\u0131r. 7 beyaz g\u00fcr\u00fclt\u00fc modu ile uykuya ge\u00e7i\u015finizi kolayla\u015ft\u0131r\u0131r ve d\u0131\u015f sesleri engeller.LED ekran, saat ve alarm bilgilerini net \u015fekilde g\u00f6sterir. Dokunmatik panel sayesinde \u0131\u015f\u0131k, ses ve alarm ayarlar\u0131n\u0131 h\u0131zl\u0131ca yapabilirsiniz.Yatak odas\u0131ndan oturma odas\u0131na kadar her alanda dekoratif bir unsur olarak kullan\u0131labilir. Modern tasar\u0131m\u0131 ve fonksiyonelli\u011fi sayesinde m\u00fckemmel bir hediye se\u00e7ene\u011fidir.<\/p>\n","protected":false},"excerpt":{"rendered":"<p>15W kablosuz \u015farjl\u0131 LED atmosfer lambas\u0131, teknoloji ve dekorasyonu bir arada sunar.\u00a0 uyumlu cihazlarla h\u0131zl\u0131 ve kablosuz \u015farj imkan\u0131 verir. Entegre 1200 mAh bataryas\u0131 ile ta\u015f\u0131nabilir kullan\u0131m sunar.13 renkli \u0131\u015f\u0131k modu, her ortama uygun bir ayd\u0131nlatma yaratman\u0131za imkan tan\u0131r. 7 beyaz g\u00fcr\u00fclt\u00fc modu ile uykuya ge\u00e7i\u015finizi kolayla\u015ft\u0131r\u0131r ve d\u0131\u015f sesleri engeller.LED ekran, saat ve alarm&#8230;<\/p>\n","protected":false},"featured_media":116411,"comment_status":"open","ping_status":"closed","template":"","meta":{"_kad_post_transparent":"","_kad_post_title":"","_kad_post_layout":"","_kad_post_sidebar_id":"","_kad_post_content_style":"","_kad_post_vertical_padding":"","_kad_post_feature":"","_kad_post_feature_position":"","_kad_post_header":false,"_kad_post_footer":false,"_kad_post_classname":""},"product_brand":[],"product_cat":[14911],"product_tag":[],"class_list":{"0":"post-116412","1":"product","2":"type-product","3":"status-publish","4":"has-post-thumbnail","6":"product_cat-kablosuz-hoparlor-kablosuz-hoparlor","8":"first","9":"instock","10":"purchasable","11":"product-type-simple","12":"entry","13":"content-bg","14":"loop-entry"},"_links":{"self":[{"href":"https:\/\/www.hediyepazar.com\/index.php?rest_route=\/wp\/v2\/product\/116412","targetHints":{"allow":["GET"]}}],"collection":[{"href":"https:\/\/www.hediyepazar.com\/index.php?rest_route=\/wp\/v2\/product"}],"about":[{"href":"https:\/\/www.hediyepazar.com\/index.php?rest_route=\/wp\/v2\/types\/product"}],"replies":[{"embeddable":true,"href":"https:\/\/www.hediyepazar.com\/index.php?rest_route=%2Fwp%2Fv2%2Fcomments&post=116412"}],"wp:featuredmedia":[{"embeddable":true,"href":"https:\/\/www.hediyepazar.com\/index.php?rest_route=\/wp\/v2\/media\/116411"}],"wp:attachment":[{"href":"https:\/\/www.hediyepazar.com\/index.php?rest_route=%2Fwp%2Fv2%2Fmedia&parent=116412"}],"wp:term":[{"taxonomy":"product_brand","embeddable":true,"href":"https:\/\/www.hediyepazar.com\/index.php?rest_route=%2Fwp%2Fv2%2Fproduct_brand&post=116412"},{"taxonomy":"product_cat","embeddable":true,"href":"https:\/\/www.hediyepazar.com\/index.php?rest_route=%2Fwp%2Fv2%2Fproduct_cat&post=116412"},{"taxonomy":"product_tag","embeddable":true,"href":"https:\/\/www.hediyepazar.com\/index.php?rest_route=%2Fwp%2Fv2%2Fproduct_tag&post=116412"}],"curies":[{"name":"wp","href":"https:\/\/api.w.org\/{rel}","templated":true}]}}