{"id":116418,"date":"2026-05-05T17:08:07","date_gmt":"2026-05-05T20:08:07","guid":{"rendered":"https:\/\/www.hediyepazar.com\/?product=13-renk-secenekli-kablosuz-sarj-cihazli-led-lamba"},"modified":"2026-05-05T17:08:07","modified_gmt":"2026-05-05T20:08:07","slug":"13-renk-secenekli-kablosuz-sarj-cihazli-led-lamba","status":"publish","type":"product","link":"https:\/\/www.hediyepazar.com\/?product=13-renk-secenekli-kablosuz-sarj-cihazli-led-lamba","title":{"rendered":"13 Renk Se\u00e7enekli Kablosuz \u015earj Cihazl\u0131 LED Lamba"},"content":{"rendered":"<p>15W kablosuz \u015farj deste\u011fine sahip bu LED masa lambas\u0131, hem ayd\u0131nlatma hem de \u015farj \u00e7\u00f6z\u00fcm\u00fc sunar. uyumlu cihazlar\u0131n\u0131z i\u00e7in kablo kullanmadan h\u0131zl\u0131 \u015farj sa\u011flar. 1200 mAh batarya kapasitesi ile ta\u015f\u0131nabilir \u00f6zelli\u011fe sahiptir ve her yere kolayca g\u00f6t\u00fcr\u00fclebilir.13 farkl\u0131 renk modu ile istedi\u011finiz ambiyans\u0131 yaratabilirsiniz. S\u0131cak beyazdan so\u011fuk maviye, dinamik renk ge\u00e7i\u015flerinden sabit tonlara kadar geni\u015f bir renk yelpazesi sunar. Ayr\u0131ca 7 farkl\u0131 do\u011fa sesi, stresinizi azalt\u0131r ve uyku kalitenizi art\u0131r\u0131r.LED ekran \u00fczerinden saati g\u00f6rebilir, alarm kurarak g\u00fcnl\u00fck rutininizi d\u00fczenleyebilirsiniz. Dokunmatik kontrol paneli ile \u0131\u015f\u0131k ve ses ayarlar\u0131n\u0131 h\u0131zl\u0131ca de\u011fi\u015ftirebilirsiniz.\u015e\u0131k ve modern tasar\u0131m\u0131 sayesinde yatak odas\u0131, salon veya \u00e7al\u0131\u015fma masas\u0131nda m\u00fckemmel bir dekoratif obje olarak yerini al\u0131r. \u0130ster kendi ya\u015fam alan\u0131n\u0131z i\u00e7in ister hediye olarak tercih edin, i\u015flevselli\u011fi ve \u015f\u0131kl\u0131\u011f\u0131yla fark yarat\u0131r.<\/p>\n","protected":false},"excerpt":{"rendered":"<p>15W kablosuz \u015farj deste\u011fine sahip bu LED masa lambas\u0131, hem ayd\u0131nlatma hem de \u015farj \u00e7\u00f6z\u00fcm\u00fc sunar. uyumlu cihazlar\u0131n\u0131z i\u00e7in kablo kullanmadan h\u0131zl\u0131 \u015farj sa\u011flar. 1200 mAh batarya kapasitesi ile ta\u015f\u0131nabilir \u00f6zelli\u011fe sahiptir ve her yere kolayca g\u00f6t\u00fcr\u00fclebilir.13 farkl\u0131 renk modu ile istedi\u011finiz ambiyans\u0131 yaratabilirsiniz. S\u0131cak beyazdan so\u011fuk maviye, dinamik renk ge\u00e7i\u015flerinden sabit tonlara kadar geni\u015f&#8230;<\/p>\n","protected":false},"featured_media":116417,"comment_status":"open","ping_status":"closed","template":"","meta":{"_kad_post_transparent":"","_kad_post_title":"","_kad_post_layout":"","_kad_post_sidebar_id":"","_kad_post_content_style":"","_kad_post_vertical_padding":"","_kad_post_feature":"","_kad_post_feature_position":"","_kad_post_header":false,"_kad_post_footer":false,"_kad_post_classname":""},"product_brand":[],"product_cat":[14911],"product_tag":[],"class_list":{"0":"post-116418","1":"product","2":"type-product","3":"status-publish","4":"has-post-thumbnail","6":"product_cat-kablosuz-hoparlor-kablosuz-hoparlor","8":"first","9":"instock","10":"purchasable","11":"product-type-simple","12":"entry","13":"content-bg","14":"loop-entry"},"_links":{"self":[{"href":"https:\/\/www.hediyepazar.com\/index.php?rest_route=\/wp\/v2\/product\/116418","targetHints":{"allow":["GET"]}}],"collection":[{"href":"https:\/\/www.hediyepazar.com\/index.php?rest_route=\/wp\/v2\/product"}],"about":[{"href":"https:\/\/www.hediyepazar.com\/index.php?rest_route=\/wp\/v2\/types\/product"}],"replies":[{"embeddable":true,"href":"https:\/\/www.hediyepazar.com\/index.php?rest_route=%2Fwp%2Fv2%2Fcomments&post=116418"}],"wp:featuredmedia":[{"embeddable":true,"href":"https:\/\/www.hediyepazar.com\/index.php?rest_route=\/wp\/v2\/media\/116417"}],"wp:attachment":[{"href":"https:\/\/www.hediyepazar.com\/index.php?rest_route=%2Fwp%2Fv2%2Fmedia&parent=116418"}],"wp:term":[{"taxonomy":"product_brand","embeddable":true,"href":"https:\/\/www.hediyepazar.com\/index.php?rest_route=%2Fwp%2Fv2%2Fproduct_brand&post=116418"},{"taxonomy":"product_cat","embeddable":true,"href":"https:\/\/www.hediyepazar.com\/index.php?rest_route=%2Fwp%2Fv2%2Fproduct_cat&post=116418"},{"taxonomy":"product_tag","embeddable":true,"href":"https:\/\/www.hediyepazar.com\/index.php?rest_route=%2Fwp%2Fv2%2Fproduct_tag&post=116418"}],"curies":[{"name":"wp","href":"https:\/\/api.w.org\/{rel}","templated":true}]}}