{"id":116422,"date":"2026-05-05T17:08:16","date_gmt":"2026-05-05T20:08:16","guid":{"rendered":"https:\/\/www.hediyepazar.com\/?product=2025-yeni-seri-15w-kablosuz-sarjli-led-atmosfer-lambasi"},"modified":"2026-05-05T17:08:16","modified_gmt":"2026-05-05T20:08:16","slug":"2025-yeni-seri-15w-kablosuz-sarjli-led-atmosfer-lambasi","status":"publish","type":"product","link":"https:\/\/www.hediyepazar.com\/?product=2025-yeni-seri-15w-kablosuz-sarjli-led-atmosfer-lambasi","title":{"rendered":"2025 Yeni Seri 15W Kablosuz \u015earjl\u0131 LED Atmosfer Lambas\u0131"},"content":{"rendered":"<p>Bu 2025 model kablosuz \u015farjl\u0131 LED atmosfer lambas\u0131, teknoloji ve esteti\u011fi bir arada sunar. 15W h\u0131zl\u0131 kablosuz \u015farj deste\u011fi sayesinde Qi uyumlu telefonlar\u0131n\u0131z\u0131 pratik \u015fekilde \u015farj edebilir, kablo karma\u015fas\u0131ndan kurtulabilirsiniz. Telefonunuzu cihaz\u0131n \u00fcst k\u0131sm\u0131na yerle\u015ftirmeniz, \u015farj\u0131 ba\u015flatmak i\u00e7in yeterlidir. Entegre 1200 mAh batarya sayesinde cihaz, elektri\u011fe ba\u011fl\u0131 olmadan da kullan\u0131labilir.Cihaz, 13 farkl\u0131 renkli LED atmosfer \u0131\u015f\u0131\u011f\u0131 ile bulundu\u011funuz ortam\u0131n havas\u0131n\u0131 an\u0131nda de\u011fi\u015ftirir. S\u0131cak tonlardan so\u011fuk tonlara, dinamik renk ge\u00e7i\u015flerinden sabit renklere kadar bir\u00e7ok mod se\u00e7ene\u011fi ile ister \u00e7al\u0131\u015fma ortam\u0131n\u0131z\u0131 ister dinlenme alan\u0131n\u0131z\u0131 istedi\u011finiz gibi ayd\u0131nlatabilirsiniz. Ayr\u0131ca 7 adet beyaz g\u00fcr\u00fclt\u00fc modu (dalga sesi, ya\u011fmur sesi, ku\u015f c\u0131v\u0131lt\u0131s\u0131 vb.) ile uyku \u00f6ncesi rahatlaman\u0131za yard\u0131mc\u0131 olur, d\u0131\u015f sesleri bast\u0131rarak derin uyku sa\u011flar.Net LED ekran, saati ve alarm\u0131 rahat\u00e7a g\u00f6rmenizi sa\u011flar. Alarm fonksiyonu, her sabah zaman\u0131nda uyanman\u0131z\u0131 garanti eder. Dokunmatik kontrol paneli sayesinde \u0131\u015f\u0131k seviyesini, renk modunu ve ses \u00f6zelliklerini kolayca de\u011fi\u015ftirebilirsiniz.Modern ve zarif tasar\u0131m\u0131yla yatak odas\u0131, \u00e7al\u0131\u015fma odas\u0131 veya oturma odas\u0131 i\u00e7in m\u00fckemmel bir dekoratif \u00fcr\u00fcn olan bu cihaz, ayn\u0131 zamanda hediye olarak da harika bir tercihtir. Do\u011fum g\u00fcnleri, y\u0131lba\u015f\u0131 veya \u00f6zel g\u00fcnlerde sevdiklerinizi hem i\u015flevsel hem \u015f\u0131k bir \u00fcr\u00fcnle mutlu edebilirsiniz.<\/p>\n","protected":false},"excerpt":{"rendered":"<p>Bu 2025 model kablosuz \u015farjl\u0131 LED atmosfer lambas\u0131, teknoloji ve esteti\u011fi bir arada sunar. 15W h\u0131zl\u0131 kablosuz \u015farj deste\u011fi sayesinde Qi uyumlu telefonlar\u0131n\u0131z\u0131 pratik \u015fekilde \u015farj edebilir, kablo karma\u015fas\u0131ndan kurtulabilirsiniz. Telefonunuzu cihaz\u0131n \u00fcst k\u0131sm\u0131na yerle\u015ftirmeniz, \u015farj\u0131 ba\u015flatmak i\u00e7in yeterlidir. Entegre 1200 mAh batarya sayesinde cihaz, elektri\u011fe ba\u011fl\u0131 olmadan da kullan\u0131labilir.Cihaz, 13 farkl\u0131 renkli LED atmosfer&#8230;<\/p>\n","protected":false},"featured_media":116421,"comment_status":"open","ping_status":"closed","template":"","meta":{"_kad_post_transparent":"","_kad_post_title":"","_kad_post_layout":"","_kad_post_sidebar_id":"","_kad_post_content_style":"","_kad_post_vertical_padding":"","_kad_post_feature":"","_kad_post_feature_position":"","_kad_post_header":false,"_kad_post_footer":false,"_kad_post_classname":""},"product_brand":[],"product_cat":[14911],"product_tag":[],"class_list":{"0":"post-116422","1":"product","2":"type-product","3":"status-publish","4":"has-post-thumbnail","6":"product_cat-kablosuz-hoparlor-kablosuz-hoparlor","8":"first","9":"instock","10":"purchasable","11":"product-type-simple","12":"entry","13":"content-bg","14":"loop-entry"},"_links":{"self":[{"href":"https:\/\/www.hediyepazar.com\/index.php?rest_route=\/wp\/v2\/product\/116422","targetHints":{"allow":["GET"]}}],"collection":[{"href":"https:\/\/www.hediyepazar.com\/index.php?rest_route=\/wp\/v2\/product"}],"about":[{"href":"https:\/\/www.hediyepazar.com\/index.php?rest_route=\/wp\/v2\/types\/product"}],"replies":[{"embeddable":true,"href":"https:\/\/www.hediyepazar.com\/index.php?rest_route=%2Fwp%2Fv2%2Fcomments&post=116422"}],"wp:featuredmedia":[{"embeddable":true,"href":"https:\/\/www.hediyepazar.com\/index.php?rest_route=\/wp\/v2\/media\/116421"}],"wp:attachment":[{"href":"https:\/\/www.hediyepazar.com\/index.php?rest_route=%2Fwp%2Fv2%2Fmedia&parent=116422"}],"wp:term":[{"taxonomy":"product_brand","embeddable":true,"href":"https:\/\/www.hediyepazar.com\/index.php?rest_route=%2Fwp%2Fv2%2Fproduct_brand&post=116422"},{"taxonomy":"product_cat","embeddable":true,"href":"https:\/\/www.hediyepazar.com\/index.php?rest_route=%2Fwp%2Fv2%2Fproduct_cat&post=116422"},{"taxonomy":"product_tag","embeddable":true,"href":"https:\/\/www.hediyepazar.com\/index.php?rest_route=%2Fwp%2Fv2%2Fproduct_tag&post=116422"}],"curies":[{"name":"wp","href":"https:\/\/api.w.org\/{rel}","templated":true}]}}