{"id":116440,"date":"2026-05-05T17:12:59","date_gmt":"2026-05-05T20:12:59","guid":{"rendered":"https:\/\/www.hediyepazar.com\/?product=rgb-uzaktan-kumandali-led-ampul-16-renk-dekoratif-aydinlatma"},"modified":"2026-05-05T17:12:59","modified_gmt":"2026-05-05T20:12:59","slug":"rgb-uzaktan-kumandali-led-ampul-16-renk-dekoratif-aydinlatma","status":"publish","type":"product","link":"https:\/\/www.hediyepazar.com\/?product=rgb-uzaktan-kumandali-led-ampul-16-renk-dekoratif-aydinlatma","title":{"rendered":"RGB Uzaktan Kumandal\u0131 LED Ampul 16 Renk Dekoratif Ayd\u0131nlatma"},"content":{"rendered":"<p>Bu RGB LED ampul, y\u00fcksek enerji verimlili\u011fi ve \u015f\u0131k tasar\u0131m\u0131yla modern ayd\u0131nlatma ihtiya\u00e7lar\u0131n\u0131za yan\u0131t verir. A+ enerji s\u0131n\u0131f\u0131nda yer alan ampul, yaln\u0131zca 15 Watt enerji harcayarak 100 Watt\u2019l\u0131k ampul \u0131\u015f\u0131k g\u00fcc\u00fcn\u00fc sunar. Bu, yakla\u015f\u0131k %60 enerji tasarrufu anlam\u0131na gelir.16 farkl\u0131 renk ve uzaktan kumanda ile kontrol edilebilen modlar sayesinde istedi\u011finiz ortam\u0131 yaratabilirsiniz. Film geceleri, partiler, romantik ak\u015fam yemekleri veya \u00e7al\u0131\u015fma alanlar\u0131 i\u00e7in farkl\u0131 \u0131\u015f\u0131k tonlar\u0131 ayarlayabilirsiniz.E27 duy uyumu, kolay montaj imkan\u0131 sa\u011flar. LED teknolojisi, d\u00fc\u015f\u00fck \u0131s\u0131nma ve uzun kullan\u0131m \u00f6mr\u00fc sunar. Bu da hem g\u00fcvenli hem de ekonomik bir kullan\u0131m demektir.<\/p>\n","protected":false},"excerpt":{"rendered":"<p>Bu RGB LED ampul, y\u00fcksek enerji verimlili\u011fi ve \u015f\u0131k tasar\u0131m\u0131yla modern ayd\u0131nlatma ihtiya\u00e7lar\u0131n\u0131za yan\u0131t verir. A+ enerji s\u0131n\u0131f\u0131nda yer alan ampul, yaln\u0131zca 15 Watt enerji harcayarak 100 Watt\u2019l\u0131k ampul \u0131\u015f\u0131k g\u00fcc\u00fcn\u00fc sunar. Bu, yakla\u015f\u0131k %60 enerji tasarrufu anlam\u0131na gelir.16 farkl\u0131 renk ve uzaktan kumanda ile kontrol edilebilen modlar sayesinde istedi\u011finiz ortam\u0131 yaratabilirsiniz. Film geceleri, partiler,&#8230;<\/p>\n","protected":false},"featured_media":116439,"comment_status":"open","ping_status":"closed","template":"","meta":{"_kad_post_transparent":"","_kad_post_title":"","_kad_post_layout":"","_kad_post_sidebar_id":"","_kad_post_content_style":"","_kad_post_vertical_padding":"","_kad_post_feature":"","_kad_post_feature_position":"","_kad_post_header":false,"_kad_post_footer":false,"_kad_post_classname":""},"product_brand":[],"product_cat":[14933],"product_tag":[],"class_list":{"0":"post-116440","1":"product","2":"type-product","3":"status-publish","4":"has-post-thumbnail","6":"product_cat-led-isik-led-isik","8":"first","9":"instock","10":"purchasable","11":"product-type-simple","12":"entry","13":"content-bg","14":"loop-entry"},"_links":{"self":[{"href":"https:\/\/www.hediyepazar.com\/index.php?rest_route=\/wp\/v2\/product\/116440","targetHints":{"allow":["GET"]}}],"collection":[{"href":"https:\/\/www.hediyepazar.com\/index.php?rest_route=\/wp\/v2\/product"}],"about":[{"href":"https:\/\/www.hediyepazar.com\/index.php?rest_route=\/wp\/v2\/types\/product"}],"replies":[{"embeddable":true,"href":"https:\/\/www.hediyepazar.com\/index.php?rest_route=%2Fwp%2Fv2%2Fcomments&post=116440"}],"wp:featuredmedia":[{"embeddable":true,"href":"https:\/\/www.hediyepazar.com\/index.php?rest_route=\/wp\/v2\/media\/116439"}],"wp:attachment":[{"href":"https:\/\/www.hediyepazar.com\/index.php?rest_route=%2Fwp%2Fv2%2Fmedia&parent=116440"}],"wp:term":[{"taxonomy":"product_brand","embeddable":true,"href":"https:\/\/www.hediyepazar.com\/index.php?rest_route=%2Fwp%2Fv2%2Fproduct_brand&post=116440"},{"taxonomy":"product_cat","embeddable":true,"href":"https:\/\/www.hediyepazar.com\/index.php?rest_route=%2Fwp%2Fv2%2Fproduct_cat&post=116440"},{"taxonomy":"product_tag","embeddable":true,"href":"https:\/\/www.hediyepazar.com\/index.php?rest_route=%2Fwp%2Fv2%2Fproduct_tag&post=116440"}],"curies":[{"name":"wp","href":"https:\/\/api.w.org\/{rel}","templated":true}]}}