{"id":116490,"date":"2026-05-05T17:21:21","date_gmt":"2026-05-05T20:21:21","guid":{"rendered":"https:\/\/www.hediyepazar.com\/?product=3-baslikli-tasinabilir-yuz-ve-vucut-tuy-alma-makinesi"},"modified":"2026-05-05T17:21:21","modified_gmt":"2026-05-05T20:21:21","slug":"3-baslikli-tasinabilir-yuz-ve-vucut-tuy-alma-makinesi","status":"publish","type":"product","link":"https:\/\/www.hediyepazar.com\/?product=3-baslikli-tasinabilir-yuz-ve-vucut-tuy-alma-makinesi","title":{"rendered":"3 Ba\u015fl\u0131kl\u0131 Ta\u015f\u0131nabilir Y\u00fcz ve V\u00fccut T\u00fcy Alma Makinesi"},"content":{"rendered":"<p>\u00c7ok fonksiyonlu epilasyon cihaz\u0131, \u015feftali t\u00fcylerinden yo\u011fun t\u00fcy k\u00f6klerine kadar etkili temizlik sa\u011flar. 3 ba\u015fl\u0131k se\u00e7ene\u011fi ile y\u00fcz, bacak, kol, bikini ve koltuk alt\u0131 b\u00f6lgelerinde kullan\u0131labilir. \u00d6l\u00fc deriyi temizleyerek cildin yenilenmesine yard\u0131mc\u0131 olur. Ac\u0131s\u0131z ve tahri\u015fsiz epilasyon imkan\u0131 sunar. Kablosuz ve ta\u015f\u0131nabilir yap\u0131s\u0131 sayesinde her ortamda kullan\u0131labilir. D\u00fczenli kullan\u0131mda cildin p\u00fcr\u00fczs\u00fczl\u00fc\u011f\u00fcn\u00fc ve yumu\u015fakl\u0131\u011f\u0131n\u0131 korur.<\/p>\n","protected":false},"excerpt":{"rendered":"<p>\u00c7ok fonksiyonlu epilasyon cihaz\u0131, \u015feftali t\u00fcylerinden yo\u011fun t\u00fcy k\u00f6klerine kadar etkili temizlik sa\u011flar. 3 ba\u015fl\u0131k se\u00e7ene\u011fi ile y\u00fcz, bacak, kol, bikini ve koltuk alt\u0131 b\u00f6lgelerinde kullan\u0131labilir. \u00d6l\u00fc deriyi temizleyerek cildin yenilenmesine yard\u0131mc\u0131 olur. Ac\u0131s\u0131z ve tahri\u015fsiz epilasyon imkan\u0131 sunar. Kablosuz ve ta\u015f\u0131nabilir yap\u0131s\u0131 sayesinde her ortamda kullan\u0131labilir. D\u00fczenli kullan\u0131mda cildin p\u00fcr\u00fczs\u00fczl\u00fc\u011f\u00fcn\u00fc ve yumu\u015fakl\u0131\u011f\u0131n\u0131 korur.<\/p>\n","protected":false},"featured_media":116489,"comment_status":"open","ping_status":"closed","template":"","meta":{"_kad_post_transparent":"","_kad_post_title":"","_kad_post_layout":"","_kad_post_sidebar_id":"","_kad_post_content_style":"","_kad_post_vertical_padding":"","_kad_post_feature":"","_kad_post_feature_position":"","_kad_post_header":false,"_kad_post_footer":false,"_kad_post_classname":""},"product_brand":[],"product_cat":[14919],"product_tag":[],"class_list":{"0":"post-116490","1":"product","2":"type-product","3":"status-publish","4":"has-post-thumbnail","6":"product_cat-epilator-epilator","8":"first","9":"instock","10":"purchasable","11":"product-type-simple","12":"entry","13":"content-bg","14":"loop-entry"},"_links":{"self":[{"href":"https:\/\/www.hediyepazar.com\/index.php?rest_route=\/wp\/v2\/product\/116490","targetHints":{"allow":["GET"]}}],"collection":[{"href":"https:\/\/www.hediyepazar.com\/index.php?rest_route=\/wp\/v2\/product"}],"about":[{"href":"https:\/\/www.hediyepazar.com\/index.php?rest_route=\/wp\/v2\/types\/product"}],"replies":[{"embeddable":true,"href":"https:\/\/www.hediyepazar.com\/index.php?rest_route=%2Fwp%2Fv2%2Fcomments&post=116490"}],"wp:featuredmedia":[{"embeddable":true,"href":"https:\/\/www.hediyepazar.com\/index.php?rest_route=\/wp\/v2\/media\/116489"}],"wp:attachment":[{"href":"https:\/\/www.hediyepazar.com\/index.php?rest_route=%2Fwp%2Fv2%2Fmedia&parent=116490"}],"wp:term":[{"taxonomy":"product_brand","embeddable":true,"href":"https:\/\/www.hediyepazar.com\/index.php?rest_route=%2Fwp%2Fv2%2Fproduct_brand&post=116490"},{"taxonomy":"product_cat","embeddable":true,"href":"https:\/\/www.hediyepazar.com\/index.php?rest_route=%2Fwp%2Fv2%2Fproduct_cat&post=116490"},{"taxonomy":"product_tag","embeddable":true,"href":"https:\/\/www.hediyepazar.com\/index.php?rest_route=%2Fwp%2Fv2%2Fproduct_tag&post=116490"}],"curies":[{"name":"wp","href":"https:\/\/api.w.org\/{rel}","templated":true}]}}