{"id":116492,"date":"2026-05-05T17:22:05","date_gmt":"2026-05-05T20:22:05","guid":{"rendered":"https:\/\/www.hediyepazar.com\/?product=acisiz-ve-hassas-tuy-temizleme-cihazi-3-baslikli"},"modified":"2026-05-05T17:22:05","modified_gmt":"2026-05-05T20:22:05","slug":"acisiz-ve-hassas-tuy-temizleme-cihazi-3-baslikli","status":"publish","type":"product","link":"https:\/\/www.hediyepazar.com\/?product=acisiz-ve-hassas-tuy-temizleme-cihazi-3-baslikli","title":{"rendered":"Ac\u0131s\u0131z ve Hassas T\u00fcy Temizleme Cihaz\u0131 \u2013 3 Ba\u015fl\u0131kl\u0131"},"content":{"rendered":"<p>Geli\u015fmi\u015f t\u00fcy temizleme cihaz\u0131, y\u00fcz ve v\u00fccut t\u00fcylerini k\u00f6k\u00fcnden al\u0131r. 3 ba\u015fl\u0131kl\u0131 yap\u0131s\u0131 ile farkl\u0131 b\u00f6lgelerde y\u00fcksek performans g\u00f6sterir. Ac\u0131, s\u0131z\u0131 ve tahri\u015f yapmadan t\u00fcyleri temizler. Cilt y\u00fczeyindeki \u00f6l\u00fc h\u00fccreleri ar\u0131nd\u0131rarak parlakl\u0131k kazand\u0131r\u0131r. Kablosuz kullan\u0131m avantaj\u0131 ile her yerde pratiklik sunar. Hafif ve ergonomik yap\u0131s\u0131 sayesinde uzun s\u00fcreli kullan\u0131mlarda bile konforludur.<\/p>\n","protected":false},"excerpt":{"rendered":"<p>Geli\u015fmi\u015f t\u00fcy temizleme cihaz\u0131, y\u00fcz ve v\u00fccut t\u00fcylerini k\u00f6k\u00fcnden al\u0131r. 3 ba\u015fl\u0131kl\u0131 yap\u0131s\u0131 ile farkl\u0131 b\u00f6lgelerde y\u00fcksek performans g\u00f6sterir. Ac\u0131, s\u0131z\u0131 ve tahri\u015f yapmadan t\u00fcyleri temizler. Cilt y\u00fczeyindeki \u00f6l\u00fc h\u00fccreleri ar\u0131nd\u0131rarak parlakl\u0131k kazand\u0131r\u0131r. Kablosuz kullan\u0131m avantaj\u0131 ile her yerde pratiklik sunar. Hafif ve ergonomik yap\u0131s\u0131 sayesinde uzun s\u00fcreli kullan\u0131mlarda bile konforludur.<\/p>\n","protected":false},"featured_media":116491,"comment_status":"open","ping_status":"closed","template":"","meta":{"_kad_post_transparent":"","_kad_post_title":"","_kad_post_layout":"","_kad_post_sidebar_id":"","_kad_post_content_style":"","_kad_post_vertical_padding":"","_kad_post_feature":"","_kad_post_feature_position":"","_kad_post_header":false,"_kad_post_footer":false,"_kad_post_classname":""},"product_brand":[],"product_cat":[14919],"product_tag":[],"class_list":{"0":"post-116492","1":"product","2":"type-product","3":"status-publish","4":"has-post-thumbnail","6":"product_cat-epilator-epilator","8":"first","9":"instock","10":"purchasable","11":"product-type-simple","12":"entry","13":"content-bg","14":"loop-entry"},"_links":{"self":[{"href":"https:\/\/www.hediyepazar.com\/index.php?rest_route=\/wp\/v2\/product\/116492","targetHints":{"allow":["GET"]}}],"collection":[{"href":"https:\/\/www.hediyepazar.com\/index.php?rest_route=\/wp\/v2\/product"}],"about":[{"href":"https:\/\/www.hediyepazar.com\/index.php?rest_route=\/wp\/v2\/types\/product"}],"replies":[{"embeddable":true,"href":"https:\/\/www.hediyepazar.com\/index.php?rest_route=%2Fwp%2Fv2%2Fcomments&post=116492"}],"wp:featuredmedia":[{"embeddable":true,"href":"https:\/\/www.hediyepazar.com\/index.php?rest_route=\/wp\/v2\/media\/116491"}],"wp:attachment":[{"href":"https:\/\/www.hediyepazar.com\/index.php?rest_route=%2Fwp%2Fv2%2Fmedia&parent=116492"}],"wp:term":[{"taxonomy":"product_brand","embeddable":true,"href":"https:\/\/www.hediyepazar.com\/index.php?rest_route=%2Fwp%2Fv2%2Fproduct_brand&post=116492"},{"taxonomy":"product_cat","embeddable":true,"href":"https:\/\/www.hediyepazar.com\/index.php?rest_route=%2Fwp%2Fv2%2Fproduct_cat&post=116492"},{"taxonomy":"product_tag","embeddable":true,"href":"https:\/\/www.hediyepazar.com\/index.php?rest_route=%2Fwp%2Fv2%2Fproduct_tag&post=116492"}],"curies":[{"name":"wp","href":"https:\/\/api.w.org\/{rel}","templated":true}]}}