{"id":116494,"date":"2026-05-05T17:22:11","date_gmt":"2026-05-05T20:22:11","guid":{"rendered":"https:\/\/www.hediyepazar.com\/?product=yuz-tuyleri-icin-ozel-baslikli-pembe-epilator"},"modified":"2026-05-05T17:22:11","modified_gmt":"2026-05-05T20:22:11","slug":"yuz-tuyleri-icin-ozel-baslikli-pembe-epilator","status":"publish","type":"product","link":"https:\/\/www.hediyepazar.com\/?product=yuz-tuyleri-icin-ozel-baslikli-pembe-epilator","title":{"rendered":"Y\u00fcz T\u00fcyleri \u0130\u00e7in \u00d6zel Ba\u015fl\u0131kl\u0131 Pembe Epilat\u00f6r"},"content":{"rendered":"<p>\u00c7ok ama\u00e7l\u0131 epilasyon cihaz\u0131, y\u00fcz, v\u00fccut ve hassas b\u00f6lgelerde etkili kullan\u0131m sunar. 3 farkl\u0131 ba\u015fl\u0131\u011f\u0131 ile her ihtiyaca cevap verir. Ac\u0131s\u0131z ve g\u00fcvenli kullan\u0131m i\u00e7in \u00f6zel koruma sistemi bulunur. Cildin \u00f6l\u00fc h\u00fccrelerden ar\u0131nmas\u0131na yard\u0131mc\u0131 olur. Pille \u00e7al\u0131\u015ft\u0131\u011f\u0131 i\u00e7in kabloya ihtiya\u00e7 duymaz. Hafif ve ergonomik yap\u0131s\u0131 ile kolay ta\u015f\u0131n\u0131r. D\u00fczenli kullan\u0131mda cildin yumu\u015fakl\u0131\u011f\u0131n\u0131 art\u0131r\u0131r ve t\u00fcylerin tekrar \u00e7\u0131kma s\u00fcresini uzat\u0131r.<\/p>\n","protected":false},"excerpt":{"rendered":"<p>\u00c7ok ama\u00e7l\u0131 epilasyon cihaz\u0131, y\u00fcz, v\u00fccut ve hassas b\u00f6lgelerde etkili kullan\u0131m sunar. 3 farkl\u0131 ba\u015fl\u0131\u011f\u0131 ile her ihtiyaca cevap verir. Ac\u0131s\u0131z ve g\u00fcvenli kullan\u0131m i\u00e7in \u00f6zel koruma sistemi bulunur. Cildin \u00f6l\u00fc h\u00fccrelerden ar\u0131nmas\u0131na yard\u0131mc\u0131 olur. Pille \u00e7al\u0131\u015ft\u0131\u011f\u0131 i\u00e7in kabloya ihtiya\u00e7 duymaz. Hafif ve ergonomik yap\u0131s\u0131 ile kolay ta\u015f\u0131n\u0131r. D\u00fczenli kullan\u0131mda cildin yumu\u015fakl\u0131\u011f\u0131n\u0131 art\u0131r\u0131r ve t\u00fcylerin&#8230;<\/p>\n","protected":false},"featured_media":116493,"comment_status":"open","ping_status":"closed","template":"","meta":{"_kad_post_transparent":"","_kad_post_title":"","_kad_post_layout":"","_kad_post_sidebar_id":"","_kad_post_content_style":"","_kad_post_vertical_padding":"","_kad_post_feature":"","_kad_post_feature_position":"","_kad_post_header":false,"_kad_post_footer":false,"_kad_post_classname":""},"product_brand":[],"product_cat":[14919],"product_tag":[],"class_list":{"0":"post-116494","1":"product","2":"type-product","3":"status-publish","4":"has-post-thumbnail","6":"product_cat-epilator-epilator","8":"first","9":"instock","10":"purchasable","11":"product-type-simple","12":"entry","13":"content-bg","14":"loop-entry"},"_links":{"self":[{"href":"https:\/\/www.hediyepazar.com\/index.php?rest_route=\/wp\/v2\/product\/116494","targetHints":{"allow":["GET"]}}],"collection":[{"href":"https:\/\/www.hediyepazar.com\/index.php?rest_route=\/wp\/v2\/product"}],"about":[{"href":"https:\/\/www.hediyepazar.com\/index.php?rest_route=\/wp\/v2\/types\/product"}],"replies":[{"embeddable":true,"href":"https:\/\/www.hediyepazar.com\/index.php?rest_route=%2Fwp%2Fv2%2Fcomments&post=116494"}],"wp:featuredmedia":[{"embeddable":true,"href":"https:\/\/www.hediyepazar.com\/index.php?rest_route=\/wp\/v2\/media\/116493"}],"wp:attachment":[{"href":"https:\/\/www.hediyepazar.com\/index.php?rest_route=%2Fwp%2Fv2%2Fmedia&parent=116494"}],"wp:term":[{"taxonomy":"product_brand","embeddable":true,"href":"https:\/\/www.hediyepazar.com\/index.php?rest_route=%2Fwp%2Fv2%2Fproduct_brand&post=116494"},{"taxonomy":"product_cat","embeddable":true,"href":"https:\/\/www.hediyepazar.com\/index.php?rest_route=%2Fwp%2Fv2%2Fproduct_cat&post=116494"},{"taxonomy":"product_tag","embeddable":true,"href":"https:\/\/www.hediyepazar.com\/index.php?rest_route=%2Fwp%2Fv2%2Fproduct_tag&post=116494"}],"curies":[{"name":"wp","href":"https:\/\/api.w.org\/{rel}","templated":true}]}}