{"id":116496,"date":"2026-05-05T17:22:17","date_gmt":"2026-05-05T20:22:17","guid":{"rendered":"https:\/\/www.hediyepazar.com\/?product=hassas-epilasyon-ve-cilt-bakim-cihazi"},"modified":"2026-05-05T17:22:17","modified_gmt":"2026-05-05T20:22:17","slug":"hassas-epilasyon-ve-cilt-bakim-cihazi","status":"publish","type":"product","link":"https:\/\/www.hediyepazar.com\/?product=hassas-epilasyon-ve-cilt-bakim-cihazi","title":{"rendered":"Hassas Epilasyon ve Cilt Bak\u0131m Cihaz\u0131"},"content":{"rendered":"<p>Bu ta\u015f\u0131nabilir t\u00fcy temizleme cihaz\u0131, pratik ve etkili bak\u0131m imkan\u0131 sunar. Y\u00fcz i\u00e7in hassas ba\u015fl\u0131k, en k\u00fc\u00e7\u00fck t\u00fcyleri bile temizler. V\u00fccut ba\u015fl\u0131\u011f\u0131, geni\u015f b\u00f6lgelerde h\u0131zl\u0131 sonu\u00e7 verir. Hassas b\u00f6lge ba\u015fl\u0131\u011f\u0131 ise g\u00fcvenli kullan\u0131m sa\u011flar. \u00d6l\u00fc deriyi temizleyerek cildin yenilenmesine yard\u0131mc\u0131 olur. Kablosuz kullan\u0131m \u00f6zelli\u011fi ile her yerde kullan\u0131labilir. Kompakt tasar\u0131m\u0131 sayesinde \u00e7antada ta\u015f\u0131nabilir. D\u00fczenli kullan\u0131mda p\u00fcr\u00fczs\u00fcz bir cilt sa\u011flar.<\/p>\n","protected":false},"excerpt":{"rendered":"<p>Bu ta\u015f\u0131nabilir t\u00fcy temizleme cihaz\u0131, pratik ve etkili bak\u0131m imkan\u0131 sunar. Y\u00fcz i\u00e7in hassas ba\u015fl\u0131k, en k\u00fc\u00e7\u00fck t\u00fcyleri bile temizler. V\u00fccut ba\u015fl\u0131\u011f\u0131, geni\u015f b\u00f6lgelerde h\u0131zl\u0131 sonu\u00e7 verir. Hassas b\u00f6lge ba\u015fl\u0131\u011f\u0131 ise g\u00fcvenli kullan\u0131m sa\u011flar. \u00d6l\u00fc deriyi temizleyerek cildin yenilenmesine yard\u0131mc\u0131 olur. Kablosuz kullan\u0131m \u00f6zelli\u011fi ile her yerde kullan\u0131labilir. Kompakt tasar\u0131m\u0131 sayesinde \u00e7antada ta\u015f\u0131nabilir. D\u00fczenli kullan\u0131mda&#8230;<\/p>\n","protected":false},"featured_media":116495,"comment_status":"open","ping_status":"closed","template":"","meta":{"_kad_post_transparent":"","_kad_post_title":"","_kad_post_layout":"","_kad_post_sidebar_id":"","_kad_post_content_style":"","_kad_post_vertical_padding":"","_kad_post_feature":"","_kad_post_feature_position":"","_kad_post_header":false,"_kad_post_footer":false,"_kad_post_classname":""},"product_brand":[],"product_cat":[14919],"product_tag":[],"class_list":{"0":"post-116496","1":"product","2":"type-product","3":"status-publish","4":"has-post-thumbnail","6":"product_cat-epilator-epilator","8":"first","9":"instock","10":"purchasable","11":"product-type-simple","12":"entry","13":"content-bg","14":"loop-entry"},"_links":{"self":[{"href":"https:\/\/www.hediyepazar.com\/index.php?rest_route=\/wp\/v2\/product\/116496","targetHints":{"allow":["GET"]}}],"collection":[{"href":"https:\/\/www.hediyepazar.com\/index.php?rest_route=\/wp\/v2\/product"}],"about":[{"href":"https:\/\/www.hediyepazar.com\/index.php?rest_route=\/wp\/v2\/types\/product"}],"replies":[{"embeddable":true,"href":"https:\/\/www.hediyepazar.com\/index.php?rest_route=%2Fwp%2Fv2%2Fcomments&post=116496"}],"wp:featuredmedia":[{"embeddable":true,"href":"https:\/\/www.hediyepazar.com\/index.php?rest_route=\/wp\/v2\/media\/116495"}],"wp:attachment":[{"href":"https:\/\/www.hediyepazar.com\/index.php?rest_route=%2Fwp%2Fv2%2Fmedia&parent=116496"}],"wp:term":[{"taxonomy":"product_brand","embeddable":true,"href":"https:\/\/www.hediyepazar.com\/index.php?rest_route=%2Fwp%2Fv2%2Fproduct_brand&post=116496"},{"taxonomy":"product_cat","embeddable":true,"href":"https:\/\/www.hediyepazar.com\/index.php?rest_route=%2Fwp%2Fv2%2Fproduct_cat&post=116496"},{"taxonomy":"product_tag","embeddable":true,"href":"https:\/\/www.hediyepazar.com\/index.php?rest_route=%2Fwp%2Fv2%2Fproduct_tag&post=116496"}],"curies":[{"name":"wp","href":"https:\/\/api.w.org\/{rel}","templated":true}]}}