{"id":116502,"date":"2026-05-05T17:24:02","date_gmt":"2026-05-05T20:24:02","guid":{"rendered":"https:\/\/www.hediyepazar.com\/?product=yuz-ve-beden-icin-portatif-tuy-alma-cihazi"},"modified":"2026-05-05T17:24:02","modified_gmt":"2026-05-05T20:24:02","slug":"yuz-ve-beden-icin-portatif-tuy-alma-cihazi","status":"publish","type":"product","link":"https:\/\/www.hediyepazar.com\/?product=yuz-ve-beden-icin-portatif-tuy-alma-cihazi","title":{"rendered":"Y\u00fcz ve Beden \u0130\u00e7in Portatif T\u00fcy Alma Cihaz\u0131"},"content":{"rendered":"<p>Evde kolay epilasyon imkan\u0131 sunan bu cihaz, her ya\u015ftan kullan\u0131c\u0131 i\u00e7in uygundur. \u00dc\u00e7 ba\u015fl\u0131k se\u00e7ene\u011fi ile y\u00fcz, bacak, kol, bikini ve koltuk alt\u0131 b\u00f6lgelerinde g\u00fcvenle kullan\u0131labilir. T\u00fcyleri k\u00f6k\u00fcnden alarak uzun s\u00fcreli p\u00fcr\u00fczs\u00fczl\u00fck sa\u011flar. Cilt y\u00fczeyindeki \u00f6l\u00fc h\u00fccreleri temizleyerek bak\u0131m\u0131n\u0131z\u0131 tamamlar. \u00d6zel g\u00fcvenlik sistemi, cildi kesik ve \u00e7iziklerden korur. Pille \u00e7al\u0131\u015ft\u0131\u011f\u0131 i\u00e7in kablosuz kullan\u0131m rahatl\u0131\u011f\u0131 sunar. Hafif tasar\u0131m\u0131 ile elde kolayca tutulur, uzun s\u00fcreli kullan\u0131mlarda yormaz. G\u00fcnl\u00fck bak\u0131m\u0131na \u00f6zen g\u00f6steren herkes i\u00e7in ideal bir se\u00e7imdir.<\/p>\n","protected":false},"excerpt":{"rendered":"<p>Evde kolay epilasyon imkan\u0131 sunan bu cihaz, her ya\u015ftan kullan\u0131c\u0131 i\u00e7in uygundur. \u00dc\u00e7 ba\u015fl\u0131k se\u00e7ene\u011fi ile y\u00fcz, bacak, kol, bikini ve koltuk alt\u0131 b\u00f6lgelerinde g\u00fcvenle kullan\u0131labilir. T\u00fcyleri k\u00f6k\u00fcnden alarak uzun s\u00fcreli p\u00fcr\u00fczs\u00fczl\u00fck sa\u011flar. Cilt y\u00fczeyindeki \u00f6l\u00fc h\u00fccreleri temizleyerek bak\u0131m\u0131n\u0131z\u0131 tamamlar. \u00d6zel g\u00fcvenlik sistemi, cildi kesik ve \u00e7iziklerden korur. Pille \u00e7al\u0131\u015ft\u0131\u011f\u0131 i\u00e7in kablosuz kullan\u0131m rahatl\u0131\u011f\u0131 sunar&#8230;.<\/p>\n","protected":false},"featured_media":116501,"comment_status":"open","ping_status":"closed","template":"","meta":{"_kad_post_transparent":"","_kad_post_title":"","_kad_post_layout":"","_kad_post_sidebar_id":"","_kad_post_content_style":"","_kad_post_vertical_padding":"","_kad_post_feature":"","_kad_post_feature_position":"","_kad_post_header":false,"_kad_post_footer":false,"_kad_post_classname":""},"product_brand":[],"product_cat":[14919],"product_tag":[],"class_list":{"0":"post-116502","1":"product","2":"type-product","3":"status-publish","4":"has-post-thumbnail","6":"product_cat-epilator-epilator","8":"first","9":"instock","10":"purchasable","11":"product-type-simple","12":"entry","13":"content-bg","14":"loop-entry"},"_links":{"self":[{"href":"https:\/\/www.hediyepazar.com\/index.php?rest_route=\/wp\/v2\/product\/116502","targetHints":{"allow":["GET"]}}],"collection":[{"href":"https:\/\/www.hediyepazar.com\/index.php?rest_route=\/wp\/v2\/product"}],"about":[{"href":"https:\/\/www.hediyepazar.com\/index.php?rest_route=\/wp\/v2\/types\/product"}],"replies":[{"embeddable":true,"href":"https:\/\/www.hediyepazar.com\/index.php?rest_route=%2Fwp%2Fv2%2Fcomments&post=116502"}],"wp:featuredmedia":[{"embeddable":true,"href":"https:\/\/www.hediyepazar.com\/index.php?rest_route=\/wp\/v2\/media\/116501"}],"wp:attachment":[{"href":"https:\/\/www.hediyepazar.com\/index.php?rest_route=%2Fwp%2Fv2%2Fmedia&parent=116502"}],"wp:term":[{"taxonomy":"product_brand","embeddable":true,"href":"https:\/\/www.hediyepazar.com\/index.php?rest_route=%2Fwp%2Fv2%2Fproduct_brand&post=116502"},{"taxonomy":"product_cat","embeddable":true,"href":"https:\/\/www.hediyepazar.com\/index.php?rest_route=%2Fwp%2Fv2%2Fproduct_cat&post=116502"},{"taxonomy":"product_tag","embeddable":true,"href":"https:\/\/www.hediyepazar.com\/index.php?rest_route=%2Fwp%2Fv2%2Fproduct_tag&post=116502"}],"curies":[{"name":"wp","href":"https:\/\/api.w.org\/{rel}","templated":true}]}}