{"id":116504,"date":"2026-05-05T17:24:07","date_gmt":"2026-05-05T20:24:07","guid":{"rendered":"https:\/\/www.hediyepazar.com\/?product=pembe-epilasyon-cihazi-acisiz-tuy-temizligi"},"modified":"2026-05-05T17:24:07","modified_gmt":"2026-05-05T20:24:07","slug":"pembe-epilasyon-cihazi-acisiz-tuy-temizligi","status":"publish","type":"product","link":"https:\/\/www.hediyepazar.com\/?product=pembe-epilasyon-cihazi-acisiz-tuy-temizligi","title":{"rendered":"Pembe Epilasyon Cihaz\u0131 \u2013 Ac\u0131s\u0131z T\u00fcy Temizli\u011fi"},"content":{"rendered":"<p>Bu ta\u015f\u0131nabilir epilasyon aleti, h\u0131zl\u0131 ve etkili bir \u015fekilde p\u00fcr\u00fczs\u00fcz bir cilt sunar. 3 ba\u015fl\u0131kl\u0131 yap\u0131s\u0131 sayesinde y\u00fcz, kol, bacak, bikini ve koltuk alt\u0131 gibi b\u00f6lgelerde kullan\u0131labilir. Y\u00fcz ba\u015fl\u0131\u011f\u0131, en ince t\u00fcyleri bile alg\u0131lar; v\u00fccut ba\u015fl\u0131\u011f\u0131 geni\u015f alanlarda k\u0131sa s\u00fcrede sonu\u00e7 verir; hassas b\u00f6lge ba\u015fl\u0131\u011f\u0131 ise maksimum g\u00fcvenlik sa\u011flar. Kuru ve \u00f6l\u00fc deriyi temizleyerek cildin yenilenmesine yard\u0131mc\u0131 olur. Ac\u0131 ve tahri\u015f olmadan t\u00fcyleri al\u0131r. Kompakt boyutu sayesinde seyahatlerde \u00e7antan\u0131za kolayca s\u0131\u011far. D\u00fczenli kullan\u0131mda cildin yumu\u015fakl\u0131\u011f\u0131n\u0131 korur.<\/p>\n","protected":false},"excerpt":{"rendered":"<p>Bu ta\u015f\u0131nabilir epilasyon aleti, h\u0131zl\u0131 ve etkili bir \u015fekilde p\u00fcr\u00fczs\u00fcz bir cilt sunar. 3 ba\u015fl\u0131kl\u0131 yap\u0131s\u0131 sayesinde y\u00fcz, kol, bacak, bikini ve koltuk alt\u0131 gibi b\u00f6lgelerde kullan\u0131labilir. Y\u00fcz ba\u015fl\u0131\u011f\u0131, en ince t\u00fcyleri bile alg\u0131lar; v\u00fccut ba\u015fl\u0131\u011f\u0131 geni\u015f alanlarda k\u0131sa s\u00fcrede sonu\u00e7 verir; hassas b\u00f6lge ba\u015fl\u0131\u011f\u0131 ise maksimum g\u00fcvenlik sa\u011flar. Kuru ve \u00f6l\u00fc deriyi temizleyerek cildin&#8230;<\/p>\n","protected":false},"featured_media":116503,"comment_status":"open","ping_status":"closed","template":"","meta":{"_kad_post_transparent":"","_kad_post_title":"","_kad_post_layout":"","_kad_post_sidebar_id":"","_kad_post_content_style":"","_kad_post_vertical_padding":"","_kad_post_feature":"","_kad_post_feature_position":"","_kad_post_header":false,"_kad_post_footer":false,"_kad_post_classname":""},"product_brand":[],"product_cat":[14919],"product_tag":[],"class_list":{"0":"post-116504","1":"product","2":"type-product","3":"status-publish","4":"has-post-thumbnail","6":"product_cat-epilator-epilator","8":"first","9":"instock","10":"purchasable","11":"product-type-simple","12":"entry","13":"content-bg","14":"loop-entry"},"_links":{"self":[{"href":"https:\/\/www.hediyepazar.com\/index.php?rest_route=\/wp\/v2\/product\/116504","targetHints":{"allow":["GET"]}}],"collection":[{"href":"https:\/\/www.hediyepazar.com\/index.php?rest_route=\/wp\/v2\/product"}],"about":[{"href":"https:\/\/www.hediyepazar.com\/index.php?rest_route=\/wp\/v2\/types\/product"}],"replies":[{"embeddable":true,"href":"https:\/\/www.hediyepazar.com\/index.php?rest_route=%2Fwp%2Fv2%2Fcomments&post=116504"}],"wp:featuredmedia":[{"embeddable":true,"href":"https:\/\/www.hediyepazar.com\/index.php?rest_route=\/wp\/v2\/media\/116503"}],"wp:attachment":[{"href":"https:\/\/www.hediyepazar.com\/index.php?rest_route=%2Fwp%2Fv2%2Fmedia&parent=116504"}],"wp:term":[{"taxonomy":"product_brand","embeddable":true,"href":"https:\/\/www.hediyepazar.com\/index.php?rest_route=%2Fwp%2Fv2%2Fproduct_brand&post=116504"},{"taxonomy":"product_cat","embeddable":true,"href":"https:\/\/www.hediyepazar.com\/index.php?rest_route=%2Fwp%2Fv2%2Fproduct_cat&post=116504"},{"taxonomy":"product_tag","embeddable":true,"href":"https:\/\/www.hediyepazar.com\/index.php?rest_route=%2Fwp%2Fv2%2Fproduct_tag&post=116504"}],"curies":[{"name":"wp","href":"https:\/\/api.w.org\/{rel}","templated":true}]}}