{"id":116506,"date":"2026-05-05T17:24:13","date_gmt":"2026-05-05T20:24:13","guid":{"rendered":"https:\/\/www.hediyepazar.com\/?product=3-baslikli-kadin-yuz-ve-vucut-tuy-temizleme-makinesi"},"modified":"2026-05-05T17:24:13","modified_gmt":"2026-05-05T20:24:13","slug":"3-baslikli-kadin-yuz-ve-vucut-tuy-temizleme-makinesi","status":"publish","type":"product","link":"https:\/\/www.hediyepazar.com\/?product=3-baslikli-kadin-yuz-ve-vucut-tuy-temizleme-makinesi","title":{"rendered":"3 Ba\u015fl\u0131kl\u0131 Kad\u0131n Y\u00fcz ve V\u00fccut T\u00fcy Temizleme Makinesi"},"content":{"rendered":"<p>\u00c7ok y\u00f6nl\u00fc tasar\u0131m\u0131 ile bu t\u00fcy temizleme cihaz\u0131, bak\u0131m rutininizi kolayla\u015ft\u0131r\u0131r. \u00dc\u00e7 farkl\u0131 ba\u015fl\u0131\u011f\u0131, y\u00fcz, v\u00fccut ve hassas b\u00f6lgelerde etkili temizlik sa\u011flar. Cilde zarar vermeden, ac\u0131 ve s\u0131z\u0131 hissettirmeden t\u00fcyleri k\u00f6k\u00fcnden al\u0131r. Cilt y\u00fczeyindeki kuru ve \u00f6l\u00fc deriyi uzakla\u015ft\u0131rarak daha parlak ve sa\u011fl\u0131kl\u0131 bir g\u00f6r\u00fcn\u00fcm sunar. G\u00fcvenlik korumas\u0131 sayesinde \u00e7izik ve kesik olu\u015fma riskini ortadan kald\u0131r\u0131r. Pille \u00e7al\u0131\u015ft\u0131\u011f\u0131 i\u00e7in kabloya ihtiya\u00e7 duymaz, her yerde kolayca kullan\u0131labilir. Hafif ve ergonomik yap\u0131s\u0131, kullan\u0131m s\u0131ras\u0131nda konfor sa\u011flar. D\u00fczenli kullan\u0131mda cilt dokusunu iyile\u015ftirir ve t\u00fcylerin \u00e7\u0131k\u0131\u015f s\u00fcresini geciktirir.<\/p>\n","protected":false},"excerpt":{"rendered":"<p>\u00c7ok y\u00f6nl\u00fc tasar\u0131m\u0131 ile bu t\u00fcy temizleme cihaz\u0131, bak\u0131m rutininizi kolayla\u015ft\u0131r\u0131r. \u00dc\u00e7 farkl\u0131 ba\u015fl\u0131\u011f\u0131, y\u00fcz, v\u00fccut ve hassas b\u00f6lgelerde etkili temizlik sa\u011flar. Cilde zarar vermeden, ac\u0131 ve s\u0131z\u0131 hissettirmeden t\u00fcyleri k\u00f6k\u00fcnden al\u0131r. Cilt y\u00fczeyindeki kuru ve \u00f6l\u00fc deriyi uzakla\u015ft\u0131rarak daha parlak ve sa\u011fl\u0131kl\u0131 bir g\u00f6r\u00fcn\u00fcm sunar. G\u00fcvenlik korumas\u0131 sayesinde \u00e7izik ve kesik olu\u015fma riskini ortadan&#8230;<\/p>\n","protected":false},"featured_media":116505,"comment_status":"open","ping_status":"closed","template":"","meta":{"_kad_post_transparent":"","_kad_post_title":"","_kad_post_layout":"","_kad_post_sidebar_id":"","_kad_post_content_style":"","_kad_post_vertical_padding":"","_kad_post_feature":"","_kad_post_feature_position":"","_kad_post_header":false,"_kad_post_footer":false,"_kad_post_classname":""},"product_brand":[],"product_cat":[14919],"product_tag":[],"class_list":{"0":"post-116506","1":"product","2":"type-product","3":"status-publish","4":"has-post-thumbnail","6":"product_cat-epilator-epilator","8":"first","9":"instock","10":"purchasable","11":"product-type-simple","12":"entry","13":"content-bg","14":"loop-entry"},"_links":{"self":[{"href":"https:\/\/www.hediyepazar.com\/index.php?rest_route=\/wp\/v2\/product\/116506","targetHints":{"allow":["GET"]}}],"collection":[{"href":"https:\/\/www.hediyepazar.com\/index.php?rest_route=\/wp\/v2\/product"}],"about":[{"href":"https:\/\/www.hediyepazar.com\/index.php?rest_route=\/wp\/v2\/types\/product"}],"replies":[{"embeddable":true,"href":"https:\/\/www.hediyepazar.com\/index.php?rest_route=%2Fwp%2Fv2%2Fcomments&post=116506"}],"wp:featuredmedia":[{"embeddable":true,"href":"https:\/\/www.hediyepazar.com\/index.php?rest_route=\/wp\/v2\/media\/116505"}],"wp:attachment":[{"href":"https:\/\/www.hediyepazar.com\/index.php?rest_route=%2Fwp%2Fv2%2Fmedia&parent=116506"}],"wp:term":[{"taxonomy":"product_brand","embeddable":true,"href":"https:\/\/www.hediyepazar.com\/index.php?rest_route=%2Fwp%2Fv2%2Fproduct_brand&post=116506"},{"taxonomy":"product_cat","embeddable":true,"href":"https:\/\/www.hediyepazar.com\/index.php?rest_route=%2Fwp%2Fv2%2Fproduct_cat&post=116506"},{"taxonomy":"product_tag","embeddable":true,"href":"https:\/\/www.hediyepazar.com\/index.php?rest_route=%2Fwp%2Fv2%2Fproduct_tag&post=116506"}],"curies":[{"name":"wp","href":"https:\/\/api.w.org\/{rel}","templated":true}]}}