{"id":116512,"date":"2026-05-05T17:24:30","date_gmt":"2026-05-05T20:24:30","guid":{"rendered":"https:\/\/www.hediyepazar.com\/?product=hassas-tuy-temizleyici-seftali-tuylerine-etkili"},"modified":"2026-05-05T17:24:30","modified_gmt":"2026-05-05T20:24:30","slug":"hassas-tuy-temizleyici-seftali-tuylerine-etkili","status":"publish","type":"product","link":"https:\/\/www.hediyepazar.com\/?product=hassas-tuy-temizleyici-seftali-tuylerine-etkili","title":{"rendered":"Hassas T\u00fcy Temizleyici \u2013 \u015eeftali T\u00fcylerine Etkili"},"content":{"rendered":"<p>Geli\u015fmi\u015f tasar\u0131m\u0131 ile bu epilasyon cihaz\u0131, p\u00fcr\u00fczs\u00fcz ve parlak bir cilt i\u00e7in m\u00fckemmel bir yard\u0131mc\u0131d\u0131r. 3 ba\u015fl\u0131k se\u00e7ene\u011fi, farkl\u0131 b\u00f6lgeler i\u00e7in \u00f6zel olarak tasarlanm\u0131\u015ft\u0131r. Y\u00fczdeki \u015feftali t\u00fcyleri ve ince k\u0131llar\u0131 ac\u0131s\u0131z \u015fekilde temizler, v\u00fccuttaki yo\u011fun t\u00fcyleri h\u0131zl\u0131ca al\u0131r, hassas b\u00f6lgelerde ise maksimum g\u00fcvenlik sunar. Cilde zarar vermeden, tahri\u015f olu\u015fturmadan epilasyon yapar. Cilt y\u00fczeyindeki \u00f6l\u00fc h\u00fccreleri nazik\u00e7e temizleyerek bak\u0131m\u0131n\u0131z\u0131 tamamlar. Kompakt ve ta\u015f\u0131nabilir yap\u0131s\u0131 ile seyahatlerde rahatl\u0131kla kullan\u0131labilir. Pille \u00e7al\u0131\u015ft\u0131\u011f\u0131 i\u00e7in elektrik ba\u011flant\u0131s\u0131na gerek kalmaz. D\u00fczenli kullan\u0131mda cildin yumu\u015fakl\u0131\u011f\u0131n\u0131 korur, t\u00fcylerin incelmesini ve \u00e7\u0131k\u0131\u015f s\u00fcresinin uzamas\u0131n\u0131 sa\u011flar.<\/p>\n","protected":false},"excerpt":{"rendered":"<p>Geli\u015fmi\u015f tasar\u0131m\u0131 ile bu epilasyon cihaz\u0131, p\u00fcr\u00fczs\u00fcz ve parlak bir cilt i\u00e7in m\u00fckemmel bir yard\u0131mc\u0131d\u0131r. 3 ba\u015fl\u0131k se\u00e7ene\u011fi, farkl\u0131 b\u00f6lgeler i\u00e7in \u00f6zel olarak tasarlanm\u0131\u015ft\u0131r. Y\u00fczdeki \u015feftali t\u00fcyleri ve ince k\u0131llar\u0131 ac\u0131s\u0131z \u015fekilde temizler, v\u00fccuttaki yo\u011fun t\u00fcyleri h\u0131zl\u0131ca al\u0131r, hassas b\u00f6lgelerde ise maksimum g\u00fcvenlik sunar. Cilde zarar vermeden, tahri\u015f olu\u015fturmadan epilasyon yapar. Cilt y\u00fczeyindeki \u00f6l\u00fc h\u00fccreleri&#8230;<\/p>\n","protected":false},"featured_media":116511,"comment_status":"open","ping_status":"closed","template":"","meta":{"_kad_post_transparent":"","_kad_post_title":"","_kad_post_layout":"","_kad_post_sidebar_id":"","_kad_post_content_style":"","_kad_post_vertical_padding":"","_kad_post_feature":"","_kad_post_feature_position":"","_kad_post_header":false,"_kad_post_footer":false,"_kad_post_classname":""},"product_brand":[],"product_cat":[14919],"product_tag":[],"class_list":{"0":"post-116512","1":"product","2":"type-product","3":"status-publish","4":"has-post-thumbnail","6":"product_cat-epilator-epilator","8":"first","9":"instock","10":"purchasable","11":"product-type-simple","12":"entry","13":"content-bg","14":"loop-entry"},"_links":{"self":[{"href":"https:\/\/www.hediyepazar.com\/index.php?rest_route=\/wp\/v2\/product\/116512","targetHints":{"allow":["GET"]}}],"collection":[{"href":"https:\/\/www.hediyepazar.com\/index.php?rest_route=\/wp\/v2\/product"}],"about":[{"href":"https:\/\/www.hediyepazar.com\/index.php?rest_route=\/wp\/v2\/types\/product"}],"replies":[{"embeddable":true,"href":"https:\/\/www.hediyepazar.com\/index.php?rest_route=%2Fwp%2Fv2%2Fcomments&post=116512"}],"wp:featuredmedia":[{"embeddable":true,"href":"https:\/\/www.hediyepazar.com\/index.php?rest_route=\/wp\/v2\/media\/116511"}],"wp:attachment":[{"href":"https:\/\/www.hediyepazar.com\/index.php?rest_route=%2Fwp%2Fv2%2Fmedia&parent=116512"}],"wp:term":[{"taxonomy":"product_brand","embeddable":true,"href":"https:\/\/www.hediyepazar.com\/index.php?rest_route=%2Fwp%2Fv2%2Fproduct_brand&post=116512"},{"taxonomy":"product_cat","embeddable":true,"href":"https:\/\/www.hediyepazar.com\/index.php?rest_route=%2Fwp%2Fv2%2Fproduct_cat&post=116512"},{"taxonomy":"product_tag","embeddable":true,"href":"https:\/\/www.hediyepazar.com\/index.php?rest_route=%2Fwp%2Fv2%2Fproduct_tag&post=116512"}],"curies":[{"name":"wp","href":"https:\/\/api.w.org\/{rel}","templated":true}]}}